{"id":9986,"date":"2025-05-13T01:03:52","date_gmt":"2025-05-13T01:03:52","guid":{"rendered":"https:\/\/www.skf-eu.com\/?post_type=product&#038;p=9986"},"modified":"2025-05-22T01:10:07","modified_gmt":"2025-05-22T01:10:07","slug":"double-row-spherical-roller-bearings","status":"publish","type":"product","link":"https:\/\/www.skf-eu.com\/tr\/urun\/double-row-spherical-roller-bearings\/","title":{"rendered":"\u00c7ift S\u0131ral\u0131 Oynak Makaral\u0131 Rulmanlar"},"content":{"rendered":"<h2>\u00dcr\u00fcne Genel Bak\u0131\u015f<\/h2>\n<p>End\u00fcstriyel aktar\u0131m sistemlerinin temel bile\u015fenleri olan \u00e7ift s\u0131ral\u0131 oynak makaral\u0131 rulmanlar, m\u00fckemmel kendi kendine merkezleme \u00f6zellikleri ve a\u011f\u0131r y\u00fck kapasiteleri ile makine m\u00fchendisli\u011fi alan\u0131nda \u00f6nemli bir rol oynamaktad\u0131r. Bu tip rulmanlar \u00f6zellikle \u015faft sapmas\u0131, a\u011f\u0131r y\u00fck ve titre\u015fim ko\u015fullar\u0131na sahip end\u00fcstriyel uygulamalar i\u00e7in uygundur.<\/p>\n<p><img loading=\"lazy\" decoding=\"async\" class=\"size-full wp-image-9992 aligncenter\" data-src=\"https:\/\/www.skf-eu.com\/wp-content\/uploads\/2025\/05\/Double-row-spherical-roller-bearings-22209CA-1.webp\" alt=\"Double Row Spherical roller bearings\" width=\"750\" height=\"750\" srcset=\"https:\/\/www.skf-eu.com\/wp-content\/uploads\/2025\/05\/Double-row-spherical-roller-bearings-22209CA-1.webp 750w, https:\/\/www.skf-eu.com\/wp-content\/uploads\/2025\/05\/Double-row-spherical-roller-bearings-22209CA-1-480x480.webp 480w\" sizes=\"(min-width: 0px) and (max-width: 480px) 480px, (min-width: 481px) 750px, 100vw\" \/><\/p>\n<h2>Yap\u0131sal tasar\u0131m ve performans \u00f6zellikleri<\/h2>\n<h3>\u00c7ekirdek yap\u0131<\/h3>\n<p>D\u0131\u015f halka tertibat\u0131: K\u00fcresel yuvarlanma yolu tasar\u0131m\u0131 benimsenmi\u015ftir ve e\u011frilik yar\u0131\u00e7ap\u0131 rulman\u0131n d\u00f6n\u00fc\u015f merkezi ile \u00e7ak\u0131\u015f\u0131r<\/p>\n<p>\u0130\u00e7 halka tertibat\u0131: \u00c7ift s\u0131ral\u0131 ba\u011f\u0131ms\u0131z ark yuvarlanma yolu yap\u0131land\u0131r\u0131lm\u0131\u015ft\u0131r ve kat\u0131 i\u00e7 halka ile entegre edilmi\u015ftir<\/p>\n<p>Haddeleme sistemi: Hassas tambur silindirleri, istikrarl\u0131 \u00e7al\u0131\u015fmay\u0131 sa\u011flamak i\u00e7in y\u00fcksek mukavemetli kafeslerle e\u015fle\u015ftirilmi\u015ftir<\/p>\n<h3>\u0130\u015flevsel \u00f6zellikler<\/h3>\n<p>Otomatik merkezleme mekanizmas\u0131: Benzersiz d\u0131\u015f halka k\u00fcresel tasar\u0131m\u0131, kurulum sapmas\u0131n\u0131 ve \u015faft deformasyonunu etkili bir \u015fekilde telafi eden \u00b12 \u00b0 otomatik merkezleme a\u00e7\u0131s\u0131na izin verir<\/p>\n<h3>Y\u00fck \u00f6zellikleri<\/h3>\n<p>Radyal y\u00fck kapasitesi tek s\u0131ral\u0131 rulmanlara k\u0131yasla 40-60% artm\u0131\u015ft\u0131r<\/p>\n<p>Eksenel y\u00fck ta\u015f\u0131ma kapasitesi radyal de\u011ferin 25%'sine ula\u015fabilir<\/p>\n<p>Dinamik performans: Optimize edilmi\u015f silindir profili tasar\u0131m\u0131 kenar gerilimini azalt\u0131r ve yorulma \u00f6mr\u00fcn\u00fc uzat\u0131r<\/p>\n<p>\u00c7evresel uyumluluk: \u00d6zel conta tasar\u0131m\u0131 iste\u011fe ba\u011fl\u0131d\u0131r, toz ve nem gibi zorlu \u00e7al\u0131\u015fma ko\u015fullar\u0131na uygundur<\/p>\n<h2>Ortak markalar<\/h2>\n<p><a href=\"https:\/\/www.skf-eu.com\/product\/double-row-spherical-roller-bearings\/\"><strong>SKF Makaral\u0131 Rulmanlar<\/strong><\/a> \u00c7ift s\u0131ral\u0131 oynak makaral\u0131 rulmanlar<br \/>\nNSK \u00c7ift s\u0131ral\u0131 oynak makaral\u0131 rulmanlar<br \/>\nFAG \u00c7ift s\u0131ral\u0131 oynak makaral\u0131 rulmanlar<br \/>\nINA \u00c7ift s\u0131ral\u0131 oynak makaral\u0131 rulmanlar<br \/>\nTIMKEN \u00c7ift s\u0131ral\u0131 oynak makaral\u0131 rulmanlar<br \/>\nNACHI \u00c7ift s\u0131ral\u0131 oynak makaral\u0131 rulmanlar<br \/>\nKOYO \u00c7ift s\u0131ral\u0131 oynak makaral\u0131 rulmanlar<br \/>\nNTN \u00c7ift s\u0131ral\u0131 oynak makaral\u0131 rulmanlar<\/p>\n<h2>Teknik parametre se\u00e7im k\u0131lavuzu<\/h2>\n<p><strong>Tipik spesifikasyon parametre kar\u015f\u0131la\u015ft\u0131rma tablosu<\/strong><\/p>\n<table class=\"tg\" style=\"border-collapse: collapse; border-spacing: 0;\">\n<thead>\n<tr>\n<th style=\"font-family: Arial, sans-serif; font-size: 14px; font-weight: bold; overflow: hidden; padding: 10px 5px; text-align: left; vertical-align: middle; word-break: normal; border: 1px solid black;\">Seri model<\/th>\n<th style=\"font-family: Arial, sans-serif; font-size: 14px; font-weight: bold; overflow: hidden; padding: 10px 5px; text-align: left; vertical-align: middle; word-break: normal; border: 1px solid black;\">Diyafram aral\u0131\u011f\u0131<\/th>\n<th style=\"font-family: Arial, sans-serif; font-size: 14px; font-weight: bold; overflow: hidden; padding: 10px 5px; text-align: left; vertical-align: middle; word-break: normal; border: 1px solid black;\">B\u00f6l\u00fcm boyutu<\/th>\n<th style=\"font-family: Arial, sans-serif; font-size: 14px; font-weight: bold; overflow: hidden; padding: 10px 5px; text-align: left; vertical-align: middle; word-break: normal; border: 1px solid black;\">Nominal y\u00fck<\/th>\n<th style=\"font-family: Arial, sans-serif; font-size: 14px; font-weight: bold; overflow: hidden; padding: 10px 5px; text-align: left; vertical-align: middle; word-break: normal; border: 1px solid black;\">H\u0131z s\u0131n\u0131rlama<\/th>\n<th style=\"font-family: Arial, sans-serif; font-size: 14px; font-weight: bold; overflow: hidden; padding: 10px 5px; text-align: left; vertical-align: middle; word-break: normal; border: 1px solid black;\">\u00d6zel \u00f6zellikler<\/th>\n<\/tr>\n<\/thead>\n<tbody>\n<tr>\n<td style=\"font-family: Arial, sans-serif; font-size: 14px; overflow: hidden; padding: 10px 5px; text-align: left; vertical-align: middle; word-break: normal; border: 1px solid black;\">22 seri<\/td>\n<td style=\"font-family: Arial, sans-serif; font-size: 14px; overflow: hidden; padding: 10px 5px; text-align: left; vertical-align: middle; word-break: normal; border: 1px solid black;\">25-150mm<\/td>\n<td style=\"font-family: Arial, sans-serif; font-size: 14px; overflow: hidden; padding: 10px 5px; text-align: left; vertical-align: middle; word-break: normal; border: 1px solid black;\">Kompakt<\/td>\n<td style=\"font-family: Arial, sans-serif; font-size: 14px; overflow: hidden; padding: 10px 5px; text-align: left; vertical-align: middle; word-break: normal; border: 1px solid black;\">Orta ve y\u00fcksek y\u00fck<\/td>\n<td style=\"font-family: Arial, sans-serif; font-size: 14px; overflow: hidden; padding: 10px 5px; text-align: left; vertical-align: middle; word-break: normal; border: 1px solid black;\">6000-8000rpm<\/td>\n<td style=\"font-family: Arial, sans-serif; font-size: 14px; overflow: hidden; padding: 10px 5px; text-align: left; vertical-align: middle; word-break: normal; border: 1px solid black;\">Korozyon \u00f6nleyici i\u015flem<\/td>\n<\/tr>\n<tr>\n<td style=\"font-family: Arial, sans-serif; font-size: 14px; overflow: hidden; padding: 10px 5px; text-align: left; vertical-align: middle; word-break: normal; border: 1px solid black;\">23 seri<\/td>\n<td style=\"font-family: Arial, sans-serif; font-size: 14px; overflow: hidden; padding: 10px 5px; text-align: left; vertical-align: middle; word-break: normal; border: 1px solid black;\">50-300mm<\/td>\n<td style=\"font-family: Arial, sans-serif; font-size: 14px; overflow: hidden; padding: 10px 5px; text-align: left; vertical-align: middle; word-break: normal; border: 1px solid black;\">Standart<\/td>\n<td style=\"font-family: Arial, sans-serif; font-size: 14px; overflow: hidden; padding: 10px 5px; text-align: left; vertical-align: middle; word-break: normal; border: 1px solid black;\">Y\u00fcksek y\u00fck<\/td>\n<td style=\"font-family: Arial, sans-serif; font-size: 14px; overflow: hidden; padding: 10px 5px; text-align: left; vertical-align: middle; word-break: normal; border: 1px solid black;\">4000-6000rpm<\/td>\n<td style=\"font-family: Arial, sans-serif; font-size: 14px; overflow: hidden; padding: 10px 5px; text-align: left; vertical-align: middle; word-break: normal; border: 1px solid black;\">Y\u00fcksek s\u0131cakl\u0131\u011fa dayan\u0131kl\u0131 tasar\u0131m<\/td>\n<\/tr>\n<tr>\n<td style=\"font-family: Arial, sans-serif; font-size: 14px; overflow: hidden; padding: 10px 5px; text-align: left; vertical-align: middle; word-break: normal; border: 1px solid black;\">24 seri<\/td>\n<td style=\"font-family: Arial, sans-serif; font-size: 14px; overflow: hidden; padding: 10px 5px; text-align: left; vertical-align: middle; word-break: normal; border: 1px solid black;\">150-500mm<\/td>\n<td style=\"font-family: Arial, sans-serif; font-size: 14px; overflow: hidden; padding: 10px 5px; text-align: left; vertical-align: middle; word-break: normal; border: 1px solid black;\">G\u00fc\u00e7lendirilmi\u015f<\/td>\n<td style=\"font-family: Arial, sans-serif; font-size: 14px; overflow: hidden; padding: 10px 5px; text-align: left; vertical-align: middle; word-break: normal; border: 1px solid black;\">Ultra y\u00fcksek y\u00fck<\/td>\n<td style=\"font-family: Arial, sans-serif; font-size: 14px; overflow: hidden; padding: 10px 5px; text-align: left; vertical-align: middle; word-break: normal; border: 1px solid black;\">2000-4000rpm<\/td>\n<td style=\"font-family: Arial, sans-serif; font-size: 14px; overflow: hidden; padding: 10px 5px; text-align: left; vertical-align: middle; word-break: normal; border: 1px solid black;\">A\u011f\u0131r y\u00fck takviyesi<\/td>\n<\/tr>\n<tr>\n<td style=\"font-family: Arial, sans-serif; font-size: 14px; font-weight: bold; overflow: hidden; padding: 10px 5px; text-align: left; vertical-align: middle; word-break: normal; border: 1px solid black;\" colspan=\"6\">Not: \u00d6zel se\u00e7imin ISO 15:2017 Standard\u0131 ve ger\u00e7ek \u00e7al\u0131\u015fma ko\u015fulu parametreleri ile birle\u015ftirilmesi gerekir<\/td>\n<\/tr>\n<\/tbody>\n<\/table>\n<p><img loading=\"lazy\" decoding=\"async\" class=\"size-full wp-image-9991 aligncenter\" data-src=\"https:\/\/www.skf-eu.com\/wp-content\/uploads\/2025\/05\/bearings-application-for-Wind-turbine-main-shaft.gif\" alt=\"Double Row Spherical roller bearings\" width=\"577\" height=\"256\" \/><\/p>\n<h2>End\u00fcstriyel uygulama alan\u0131<\/h2>\n<h3>A\u011f\u0131r sanayi alan\u0131<\/h3>\n<p>Metalurjik ekipman: s\u0131cak haddehane i\u015f merdanesi yatak yuvas\u0131, s\u00fcrekli d\u00f6k\u00fcm makinesi fan \u015feklindeki segment<\/p>\n<p>Madencilik makineleri: d\u00f6ner k\u0131r\u0131c\u0131 ana mil deste\u011fi, titre\u015fimli besleyici titre\u015fim par\u00e7as\u0131<\/p>\n<h3>Proses end\u00fcstrisi<\/h3>\n<p>Ka\u011f\u0131t yap\u0131m ekipmanlar\u0131: Yankee kurutucu rulman grubu, kalender silindir sistemi deste\u011fi<\/p>\n<p>Kimyasal makineler: b\u00fcy\u00fck reakt\u00f6r kar\u0131\u015ft\u0131rma mili deste\u011fi<\/p>\n<h3>G\u00fc\u00e7 aktar\u0131m sistemi<\/h3>\n<p>Di\u015fli \u015fanz\u0131man\u0131: a\u011f\u0131r hizmet tipi red\u00fcksiyon kutusu \u00e7\u0131k\u0131\u015f kademesi deste\u011fi<\/p>\n<p>Gemi tahriki: pervane \u015faft\u0131 ara destek yata\u011f\u0131<\/p>\n<h3>Di\u011fer \u00f6zel uygulamalar<\/h3>\n<p>R\u00fczgar enerjisi \u00fcretimi: yalpalama yata\u011f\u0131 yard\u0131mc\u0131 deste\u011fi<\/p>\n<p>M\u00fchendislik makineleri: kalkan makinesi kesici tahrik deste\u011fi<\/p>\n<p><img loading=\"lazy\" decoding=\"async\" class=\"size-full wp-image-9994 aligncenter\" data-src=\"https:\/\/www.skf-eu.com\/wp-content\/uploads\/2025\/05\/Double-row-spherical-roller-bearings-for-Drying-drum.webp\" alt=\"Double Row Spherical roller bearings\" width=\"1583\" height=\"872\" srcset=\"https:\/\/www.skf-eu.com\/wp-content\/uploads\/2025\/05\/Double-row-spherical-roller-bearings-for-Drying-drum.webp 1583w, https:\/\/www.skf-eu.com\/wp-content\/uploads\/2025\/05\/Double-row-spherical-roller-bearings-for-Drying-drum-1280x705.webp 1280w, https:\/\/www.skf-eu.com\/wp-content\/uploads\/2025\/05\/Double-row-spherical-roller-bearings-for-Drying-drum-980x540.webp 980w, https:\/\/www.skf-eu.com\/wp-content\/uploads\/2025\/05\/Double-row-spherical-roller-bearings-for-Drying-drum-480x264.webp 480w\" sizes=\"(min-width: 0px) and (max-width: 480px) 480px, (min-width: 481px) and (max-width: 980px) 980px, (min-width: 981px) and (max-width: 1280px) 1280px, (min-width: 1281px) 1583px, 100vw\" \/> <img loading=\"lazy\" decoding=\"async\" class=\"size-full wp-image-9993 aligncenter\" data-src=\"https:\/\/www.skf-eu.com\/wp-content\/uploads\/2025\/05\/Double-row-spherical-roller-bearings-for-water-pump.webp\" alt=\"Double Row Spherical roller bearings\" width=\"512\" height=\"441\" srcset=\"https:\/\/www.skf-eu.com\/wp-content\/uploads\/2025\/05\/Double-row-spherical-roller-bearings-for-water-pump.webp 512w, https:\/\/www.skf-eu.com\/wp-content\/uploads\/2025\/05\/Double-row-spherical-roller-bearings-for-water-pump-480x413.webp 480w\" sizes=\"(min-width: 0px) and (max-width: 480px) 480px, (min-width: 481px) 512px, 100vw\" \/><\/p>\n<h2>Kullan\u0131m ve bak\u0131m \u00f6zellikleri<\/h2>\n<h3>Se\u00e7im ilkesi<\/h3>\n<p>Y\u00fck analizi: sabit y\u00fck\/darbeli y\u00fck ko\u015fullar\u0131n\u0131 ay\u0131rt etme<\/p>\n<p>H\u0131z e\u015fle\u015ftirme: dmN de\u011ferine g\u00f6re kafes tipini se\u00e7in<\/p>\n<p>Kurulum ko\u015fullar\u0131: \u015faft hizalama do\u011frulu\u011fu gereksinimlerini de\u011ferlendirin<\/p>\n<p>\u00c7evresel fakt\u00f6rler: s\u0131cakl\u0131k ve kirlilik gibi parametreleri g\u00f6z \u00f6n\u00fcnde bulundurun<\/p>\n<h2>Bak\u0131m noktalar\u0131<\/h2>\n<h3>Ya\u011flama y\u00f6netimi:<\/h3>\n<p>Gres ya\u011flama: NLGI 2#-3# gres, yenileme d\u00f6ng\u00fcs\u00fc 2000-5000h<\/p>\n<p>Ya\u011f ile ya\u011flama: ISO VG68-150, ya\u011f seviyesi izleme gereksinimleri<\/p>\n<h3>Durum izleme:<\/h3>\n<p>Titre\u015fim de\u011feri izleme: ISO 10816 standart referans\u0131<\/p>\n<p>S\u0131cakl\u0131k izleme: alarm e\u015fi\u011fi 85\u2103<\/p>\n<h3>Ar\u0131za \u00f6nleme:<\/h3>\n<p>Conta b\u00fct\u00fcnl\u00fc\u011f\u00fcn\u00fc d\u00fczenli olarak kontrol edin<\/p>\n<p>Ya\u011flay\u0131c\u0131 kontaminasyonunu izleyin<\/p>\n<p>\u0130\u015fletim parametresi de\u011fi\u015fim trendlerini kaydedin<\/p>\n<p>Bu \u00fcr\u00fcn, i\u00e7 geometrik parametreleri ve malzeme s\u00fcre\u00e7lerini optimize ederek y\u00fck ta\u015f\u0131ma kapasitesini ve hizmet \u00f6mr\u00fcn\u00fc \u00f6nemli \u00f6l\u00e7\u00fcde art\u0131r\u0131rken kendi kendini hizalama performans\u0131n\u0131 koruyarak a\u011f\u0131r hizmet tipi end\u00fcstriyel ekipmanlar i\u00e7in ideal bir se\u00e7imdir. \u00d6zel uygulama \u00f6nerileri i\u00e7in l\u00fctfen profesyonel teknik m\u00fchendislere dan\u0131\u015f\u0131n.<\/p>\n<p>L\u00fctfen bkz. <strong><a href=\"https:\/\/www.skf-eu.com\/category\/roller-bearings\/spherical-roller-bearing\/\">Oynak Makaral\u0131 Rulman<\/a>\u00a0<\/strong>Daha fazla bilgi i\u00e7in katalog!<\/p>","protected":false},"excerpt":{"rendered":"<p>Product Overview Double-row spherical roller bearings, as key components of industrial transmission systems, play an important role in the field of mechanical engineering with their excellent self-centering characteristics and heavy-load capacity. This type of bearing is particularly suitable for industrial applications with shaft deviation, heavy load and vibration conditions. Structural design and performance characteristics Core [&hellip;]<\/p>","protected":false},"featured_media":9987,"template":"","meta":{"_et_pb_use_builder":"","_et_pb_old_content":"","_et_gb_content_width":""},"product_cat":[240,241],"product_tag":[288],"yoast_head":"<!-- This site is optimized with the Yoast SEO plugin v23.0 - https:\/\/yoast.com\/wordpress\/plugins\/seo\/ -->\n<title>China Wholesale Double Row Spherical roller bearings Supplier - Comdale Bearing<\/title>\n<meta name=\"description\" content=\"As Professional Double Row Spherical roller bearings distributor , Comdale supply Roller Bearings, Ball Bearings, Plain Bearing, Slewing Ring Bearings, Combined Bearings, Linear Bearings\" \/>\n<meta name=\"robots\" content=\"index, follow, max-snippet:-1, max-image-preview:large, max-video-preview:-1\" \/>\n<link rel=\"canonical\" href=\"https:\/\/www.skf-eu.com\/tr\/urun\/double-row-spherical-roller-bearings\/\" \/>\n<meta property=\"og:locale\" content=\"tr_TR\" \/>\n<meta property=\"og:type\" content=\"article\" \/>\n<meta property=\"og:title\" content=\"China Wholesale Double Row Spherical roller bearings Supplier - Comdale Bearing\" \/>\n<meta property=\"og:description\" content=\"As Professional Double Row Spherical roller bearings distributor , Comdale supply Roller Bearings, Ball Bearings, Plain Bearing, Slewing Ring Bearings, Combined Bearings, Linear Bearings\" \/>\n<meta property=\"og:url\" content=\"https:\/\/www.skf-eu.com\/tr\/urun\/double-row-spherical-roller-bearings\/\" \/>\n<meta property=\"og:site_name\" content=\"Comdale Bearing\" \/>\n<meta property=\"article:modified_time\" content=\"2025-05-22T01:10:07+00:00\" \/>\n<meta property=\"og:image\" content=\"https:\/\/www.skf-eu.com\/wp-content\/uploads\/2025\/05\/Double-row-spherical-roller-bearings-22209CA.webp\" \/>\n\t<meta property=\"og:image:width\" content=\"750\" \/>\n\t<meta property=\"og:image:height\" content=\"750\" \/>\n\t<meta property=\"og:image:type\" content=\"image\/webp\" \/>\n<meta name=\"twitter:card\" content=\"summary_large_image\" \/>\n<meta name=\"twitter:label1\" content=\"Tahmini okuma s\u00fcresi\" \/>\n\t<meta name=\"twitter:data1\" content=\"4 dakika\" \/>\n<script type=\"application\/ld+json\" class=\"yoast-schema-graph\">{\"@context\":\"https:\/\/schema.org\",\"@graph\":[{\"@type\":\"WebPage\",\"@id\":\"https:\/\/www.skf-eu.com\/product\/double-row-spherical-roller-bearings\/\",\"url\":\"https:\/\/www.skf-eu.com\/product\/double-row-spherical-roller-bearings\/\",\"name\":\"China Wholesale Double Row Spherical roller bearings Supplier - Comdale Bearing\",\"isPartOf\":{\"@id\":\"https:\/\/www.skf-eu.com\/#website\"},\"primaryImageOfPage\":{\"@id\":\"https:\/\/www.skf-eu.com\/product\/double-row-spherical-roller-bearings\/#primaryimage\"},\"image\":{\"@id\":\"https:\/\/www.skf-eu.com\/product\/double-row-spherical-roller-bearings\/#primaryimage\"},\"thumbnailUrl\":\"https:\/\/www.skf-eu.com\/wp-content\/uploads\/2025\/05\/Double-row-spherical-roller-bearings-22209CA.webp\",\"datePublished\":\"2025-05-13T01:03:52+00:00\",\"dateModified\":\"2025-05-22T01:10:07+00:00\",\"description\":\"As Professional Double Row Spherical roller bearings distributor , Comdale supply Roller Bearings, Ball Bearings, Plain Bearing, Slewing Ring Bearings, Combined Bearings, Linear Bearings\",\"breadcrumb\":{\"@id\":\"https:\/\/www.skf-eu.com\/product\/double-row-spherical-roller-bearings\/#breadcrumb\"},\"inLanguage\":\"tr\",\"potentialAction\":[{\"@type\":\"ReadAction\",\"target\":[\"https:\/\/www.skf-eu.com\/product\/double-row-spherical-roller-bearings\/\"]}]},{\"@type\":\"ImageObject\",\"inLanguage\":\"tr\",\"@id\":\"https:\/\/www.skf-eu.com\/product\/double-row-spherical-roller-bearings\/#primaryimage\",\"url\":\"https:\/\/www.skf-eu.com\/wp-content\/uploads\/2025\/05\/Double-row-spherical-roller-bearings-22209CA.webp\",\"contentUrl\":\"https:\/\/www.skf-eu.com\/wp-content\/uploads\/2025\/05\/Double-row-spherical-roller-bearings-22209CA.webp\",\"width\":750,\"height\":750,\"caption\":\"Double Row Spherical roller bearings\"},{\"@type\":\"BreadcrumbList\",\"@id\":\"https:\/\/www.skf-eu.com\/product\/double-row-spherical-roller-bearings\/#breadcrumb\",\"itemListElement\":[{\"@type\":\"ListItem\",\"position\":1,\"name\":\"Home\",\"item\":\"https:\/\/www.skf-eu.com\/\"},{\"@type\":\"ListItem\",\"position\":2,\"name\":\"Products\",\"item\":\"https:\/\/www.skf-eu.com\/shop\/\"},{\"@type\":\"ListItem\",\"position\":3,\"name\":\"Double Row Spherical roller bearings\"}]},{\"@type\":\"WebSite\",\"@id\":\"https:\/\/www.skf-eu.com\/#website\",\"url\":\"https:\/\/www.skf-eu.com\/\",\"name\":\"Comdale Bearing\",\"description\":\"\",\"publisher\":{\"@id\":\"https:\/\/www.skf-eu.com\/#organization\"},\"potentialAction\":[{\"@type\":\"SearchAction\",\"target\":{\"@type\":\"EntryPoint\",\"urlTemplate\":\"https:\/\/www.skf-eu.com\/?s={search_term_string}\"},\"query-input\":\"required name=search_term_string\"}],\"inLanguage\":\"tr\"},{\"@type\":\"Organization\",\"@id\":\"https:\/\/www.skf-eu.com\/#organization\",\"name\":\"Comdale\uff08HongKong\uff09International Trade Co., Ltd.\",\"url\":\"https:\/\/www.skf-eu.com\/\",\"logo\":{\"@type\":\"ImageObject\",\"inLanguage\":\"tr\",\"@id\":\"https:\/\/www.skf-eu.com\/#\/schema\/logo\/image\/\",\"url\":\"https:\/\/www.skf-eu.com\/wp-content\/uploads\/2024\/12\/cropped-logo.webp\",\"contentUrl\":\"https:\/\/www.skf-eu.com\/wp-content\/uploads\/2024\/12\/cropped-logo.webp\",\"width\":512,\"height\":512,\"caption\":\"Comdale\uff08HongKong\uff09International Trade Co., Ltd.\"},\"image\":{\"@id\":\"https:\/\/www.skf-eu.com\/#\/schema\/logo\/image\/\"}}]}<\/script>\n<!-- \/ Yoast SEO plugin. -->","yoast_head_json":{"title":"China Wholesale Double Row Spherical roller bearings Supplier - Comdale Bearing","description":"As Professional Double Row Spherical roller bearings distributor , Comdale supply Roller Bearings, Ball Bearings, Plain Bearing, Slewing Ring Bearings, Combined Bearings, Linear Bearings","robots":{"index":"index","follow":"follow","max-snippet":"max-snippet:-1","max-image-preview":"max-image-preview:large","max-video-preview":"max-video-preview:-1"},"canonical":"https:\/\/www.skf-eu.com\/tr\/urun\/double-row-spherical-roller-bearings\/","og_locale":"tr_TR","og_type":"article","og_title":"China Wholesale Double Row Spherical roller bearings Supplier - Comdale Bearing","og_description":"As Professional Double Row Spherical roller bearings distributor , Comdale supply Roller Bearings, Ball Bearings, Plain Bearing, Slewing Ring Bearings, Combined Bearings, Linear Bearings","og_url":"https:\/\/www.skf-eu.com\/tr\/urun\/double-row-spherical-roller-bearings\/","og_site_name":"Comdale Bearing","article_modified_time":"2025-05-22T01:10:07+00:00","og_image":[{"width":750,"height":750,"url":"https:\/\/www.skf-eu.com\/wp-content\/uploads\/2025\/05\/Double-row-spherical-roller-bearings-22209CA.webp","type":"image\/webp"}],"twitter_card":"summary_large_image","twitter_misc":{"Tahmini okuma s\u00fcresi":"4 dakika"},"schema":{"@context":"https:\/\/schema.org","@graph":[{"@type":"WebPage","@id":"https:\/\/www.skf-eu.com\/product\/double-row-spherical-roller-bearings\/","url":"https:\/\/www.skf-eu.com\/product\/double-row-spherical-roller-bearings\/","name":"China Wholesale Double Row Spherical roller bearings Supplier - Comdale Bearing","isPartOf":{"@id":"https:\/\/www.skf-eu.com\/#website"},"primaryImageOfPage":{"@id":"https:\/\/www.skf-eu.com\/product\/double-row-spherical-roller-bearings\/#primaryimage"},"image":{"@id":"https:\/\/www.skf-eu.com\/product\/double-row-spherical-roller-bearings\/#primaryimage"},"thumbnailUrl":"https:\/\/www.skf-eu.com\/wp-content\/uploads\/2025\/05\/Double-row-spherical-roller-bearings-22209CA.webp","datePublished":"2025-05-13T01:03:52+00:00","dateModified":"2025-05-22T01:10:07+00:00","description":"As Professional Double Row Spherical roller bearings distributor , Comdale supply Roller Bearings, Ball Bearings, Plain Bearing, Slewing Ring Bearings, Combined Bearings, Linear Bearings","breadcrumb":{"@id":"https:\/\/www.skf-eu.com\/product\/double-row-spherical-roller-bearings\/#breadcrumb"},"inLanguage":"tr","potentialAction":[{"@type":"ReadAction","target":["https:\/\/www.skf-eu.com\/product\/double-row-spherical-roller-bearings\/"]}]},{"@type":"ImageObject","inLanguage":"tr","@id":"https:\/\/www.skf-eu.com\/product\/double-row-spherical-roller-bearings\/#primaryimage","url":"https:\/\/www.skf-eu.com\/wp-content\/uploads\/2025\/05\/Double-row-spherical-roller-bearings-22209CA.webp","contentUrl":"https:\/\/www.skf-eu.com\/wp-content\/uploads\/2025\/05\/Double-row-spherical-roller-bearings-22209CA.webp","width":750,"height":750,"caption":"Double Row Spherical roller bearings"},{"@type":"BreadcrumbList","@id":"https:\/\/www.skf-eu.com\/product\/double-row-spherical-roller-bearings\/#breadcrumb","itemListElement":[{"@type":"ListItem","position":1,"name":"Home","item":"https:\/\/www.skf-eu.com\/"},{"@type":"ListItem","position":2,"name":"Products","item":"https:\/\/www.skf-eu.com\/shop\/"},{"@type":"ListItem","position":3,"name":"Double Row Spherical roller bearings"}]},{"@type":"WebSite","@id":"https:\/\/www.skf-eu.com\/#website","url":"https:\/\/www.skf-eu.com\/","name":"Comdale Bearing","description":"","publisher":{"@id":"https:\/\/www.skf-eu.com\/#organization"},"potentialAction":[{"@type":"SearchAction","target":{"@type":"EntryPoint","urlTemplate":"https:\/\/www.skf-eu.com\/?s={search_term_string}"},"query-input":"required name=search_term_string"}],"inLanguage":"tr"},{"@type":"Organization","@id":"https:\/\/www.skf-eu.com\/#organization","name":"Comdale\uff08HongKong\uff09International Trade Co., Ltd.","url":"https:\/\/www.skf-eu.com\/","logo":{"@type":"ImageObject","inLanguage":"tr","@id":"https:\/\/www.skf-eu.com\/#\/schema\/logo\/image\/","url":"https:\/\/www.skf-eu.com\/wp-content\/uploads\/2024\/12\/cropped-logo.webp","contentUrl":"https:\/\/www.skf-eu.com\/wp-content\/uploads\/2024\/12\/cropped-logo.webp","width":512,"height":512,"caption":"Comdale\uff08HongKong\uff09International Trade Co., Ltd."},"image":{"@id":"https:\/\/www.skf-eu.com\/#\/schema\/logo\/image\/"}}]}},"_links":{"self":[{"href":"https:\/\/www.skf-eu.com\/tr\/wp-json\/wp\/v2\/product\/9986"}],"collection":[{"href":"https:\/\/www.skf-eu.com\/tr\/wp-json\/wp\/v2\/product"}],"about":[{"href":"https:\/\/www.skf-eu.com\/tr\/wp-json\/wp\/v2\/types\/product"}],"wp:featuredmedia":[{"embeddable":true,"href":"https:\/\/www.skf-eu.com\/tr\/wp-json\/wp\/v2\/media\/9987"}],"wp:attachment":[{"href":"https:\/\/www.skf-eu.com\/tr\/wp-json\/wp\/v2\/media?parent=9986"}],"wp:term":[{"taxonomy":"product_cat","embeddable":true,"href":"https:\/\/www.skf-eu.com\/tr\/wp-json\/wp\/v2\/product_cat?post=9986"},{"taxonomy":"product_tag","embeddable":true,"href":"https:\/\/www.skf-eu.com\/tr\/wp-json\/wp\/v2\/product_tag?post=9986"}],"curies":[{"name":"wp","href":"https:\/\/api.w.org\/{rel}","templated":true}]}}