{"id":9913,"date":"2025-04-23T02:04:55","date_gmt":"2025-04-23T02:04:55","guid":{"rendered":"https:\/\/www.skf-eu.com\/?post_type=product&#038;p=9913"},"modified":"2025-04-24T08:19:36","modified_gmt":"2025-04-24T08:19:36","slug":"single-direction-thrust-ball-bearing","status":"publish","type":"product","link":"https:\/\/www.skf-eu.com\/tr\/urun\/single-direction-thrust-ball-bearing\/","title":{"rendered":"Tek Y\u00f6nl\u00fc Eksenel Bilyal\u0131 Rulman"},"content":{"rendered":"<h2><strong>Single-Direction Thrust Ball Bearing Detailed Introduction<\/strong><\/h2>\n<p><a href=\"https:\/\/www.skf-eu.com\/product\/single-direction-thrust-ball-bearing\/\"><strong>Single-Direction thrust ball bearing<\/strong><\/a> is a <a href=\"https:\/\/www.skf-eu.com\/category\/ball-bearings\/thrust-ball-bearings\/\"><strong>Thrust Ball Bearing<\/strong><\/a> specially designed to bear unidirectional axial load, and is widely used in occasions requiring high speed and low friction. Its structure is simple, mainly composed of inner ring (contacting with the shaft), outer ring (contacting with the bearing seat), steel ball and cage.<\/p>\n<p><img loading=\"lazy\" decoding=\"async\" class=\"size-full wp-image-9918 aligncenter\" data-src=\"https:\/\/www.skf-eu.com\/wp-content\/uploads\/2025\/04\/Single-row-thrust-ball-bearings-1.webp\" alt=\"Single-Direction Thrust Ball Bearing\" width=\"1500\" height=\"1267\" srcset=\"https:\/\/www.skf-eu.com\/wp-content\/uploads\/2025\/04\/Single-row-thrust-ball-bearings-1.webp 1500w, https:\/\/www.skf-eu.com\/wp-content\/uploads\/2025\/04\/Single-row-thrust-ball-bearings-1-1280x1081.webp 1280w, https:\/\/www.skf-eu.com\/wp-content\/uploads\/2025\/04\/Single-row-thrust-ball-bearings-1-980x828.webp 980w, https:\/\/www.skf-eu.com\/wp-content\/uploads\/2025\/04\/Single-row-thrust-ball-bearings-1-480x405.webp 480w\" sizes=\"(min-width: 0px) and (max-width: 480px) 480px, (min-width: 481px) and (max-width: 980px) 980px, (min-width: 981px) and (max-width: 1280px) 1280px, (min-width: 1281px) 1500px, 100vw\" \/><\/p>\n<h3><strong>1. Structure and characteristics of Single-Direction Thrust Ball Bearing<\/strong><\/h3>\n<p>Single-direction load bearing: can only support unidirectional axial load, cannot bear radial load.<\/p>\n<p>Adapt to high speed: adopt rolling friction design, suitable for high-speed operation, performance is better than sliding bearings.<\/p>\n<p>Low starting friction: has small starting friction, very suitable for frequent start-stop applications.<\/p>\n<p>Standardized design: has good versatility, easy to install and replace.<\/p>\n<p><strong>Limitations:<\/strong><\/p>\n<p>Cannot bear radial load.<\/p>\n<p>High requirements for installation accuracy, such as installation deviation will cause stress concentration, affecting the life of the bearing.<\/p>\n<h3><strong>2. Common models and parameter table<\/strong><\/h3>\n<p>The following are the parameters of some common models:<\/p>\n<table class=\"tg\" style=\"border-collapse: collapse; border-spacing: 0;\">\n<thead>\n<tr>\n<th style=\"font-family: Arial, sans-serif; font-size: 14px; font-weight: normal; overflow: hidden; padding: 10px 5px; text-align: left; vertical-align: top; word-break: normal; border: 1px solid black;\">Model<\/th>\n<th style=\"font-family: Arial, sans-serif; font-size: 14px; font-weight: normal; overflow: hidden; padding: 10px 5px; text-align: left; vertical-align: top; word-break: normal; border: 1px solid black;\">\u0130\u00e7 \u00e7ap (mm)<\/th>\n<th style=\"font-family: Arial, sans-serif; font-size: 14px; font-weight: normal; overflow: hidden; padding: 10px 5px; text-align: left; vertical-align: top; word-break: normal; border: 1px solid black;\">D\u0131\u015f \u00e7ap (mm)<\/th>\n<th style=\"font-family: Arial, sans-serif; font-size: 14px; font-weight: normal; overflow: hidden; padding: 10px 5px; text-align: left; vertical-align: top; word-break: normal; border: 1px solid black;\">Y\u00fckseklik (mm)<\/th>\n<th style=\"font-family: Arial, sans-serif; font-size: 14px; font-weight: normal; overflow: hidden; padding: 10px 5px; text-align: left; vertical-align: top; word-break: normal; border: 1px solid black;\">Dinamik y\u00fck (kN)<\/th>\n<th style=\"font-family: Arial, sans-serif; font-size: 14px; font-weight: normal; overflow: hidden; padding: 10px 5px; text-align: left; vertical-align: top; word-break: normal; border: 1px solid black;\">Statik y\u00fck (kN)<\/th>\n<th style=\"font-family: Arial, sans-serif; font-size: 14px; font-weight: normal; overflow: hidden; padding: 10px 5px; text-align: left; vertical-align: top; word-break: normal; border: 1px solid black;\">Limiting speed (rpm)<\/th>\n<\/tr>\n<\/thead>\n<tbody>\n<tr>\n<td style=\"font-family: Arial, sans-serif; font-size: 14px; overflow: hidden; padding: 10px 5px; text-align: left; vertical-align: top; word-break: normal; border: 1px solid black;\">51100<\/td>\n<td style=\"font-family: Arial, sans-serif; font-size: 14px; overflow: hidden; padding: 10px 5px; text-align: left; vertical-align: top; word-break: normal; border: 1px solid black;\">10<\/td>\n<td style=\"font-family: Arial, sans-serif; font-size: 14px; overflow: hidden; padding: 10px 5px; text-align: left; vertical-align: top; word-break: normal; border: 1px solid black;\">24<\/td>\n<td style=\"font-family: Arial, sans-serif; font-size: 14px; overflow: hidden; padding: 10px 5px; text-align: left; vertical-align: top; word-break: normal; border: 1px solid black;\">9<\/td>\n<td style=\"font-family: Arial, sans-serif; font-size: 14px; overflow: hidden; padding: 10px 5px; text-align: left; vertical-align: top; word-break: normal; border: 1px solid black;\">5.6<\/td>\n<td style=\"font-family: Arial, sans-serif; font-size: 14px; overflow: hidden; padding: 10px 5px; text-align: left; vertical-align: top; word-break: normal; border: 1px solid black;\">10.2<\/td>\n<td style=\"font-family: Arial, sans-serif; font-size: 14px; overflow: hidden; padding: 10px 5px; text-align: left; vertical-align: top; word-break: normal; border: 1px solid black;\">6000<\/td>\n<\/tr>\n<tr>\n<td style=\"font-family: Arial, sans-serif; font-size: 14px; overflow: hidden; padding: 10px 5px; text-align: left; vertical-align: top; word-break: normal; border: 1px solid black;\">51105<\/td>\n<td style=\"font-family: Arial, sans-serif; font-size: 14px; overflow: hidden; padding: 10px 5px; text-align: left; vertical-align: top; word-break: normal; border: 1px solid black;\">25<\/td>\n<td style=\"font-family: Arial, sans-serif; font-size: 14px; overflow: hidden; padding: 10px 5px; text-align: left; vertical-align: top; word-break: normal; border: 1px solid black;\">42<\/td>\n<td style=\"font-family: Arial, sans-serif; font-size: 14px; overflow: hidden; padding: 10px 5px; text-align: left; vertical-align: top; word-break: normal; border: 1px solid black;\">11<\/td>\n<td style=\"font-family: Arial, sans-serif; font-size: 14px; overflow: hidden; padding: 10px 5px; text-align: left; vertical-align: top; word-break: normal; border: 1px solid black;\">15.2<\/td>\n<td style=\"font-family: Arial, sans-serif; font-size: 14px; overflow: hidden; padding: 10px 5px; text-align: left; vertical-align: top; word-break: normal; border: 1px solid black;\">28.5<\/td>\n<td style=\"font-family: Arial, sans-serif; font-size: 14px; overflow: hidden; padding: 10px 5px; text-align: left; vertical-align: top; word-break: normal; border: 1px solid black;\">4500<\/td>\n<\/tr>\n<tr>\n<td style=\"font-family: Arial, sans-serif; font-size: 14px; overflow: hidden; padding: 10px 5px; text-align: left; vertical-align: top; word-break: normal; border: 1px solid black;\">51110<\/td>\n<td style=\"font-family: Arial, sans-serif; font-size: 14px; overflow: hidden; padding: 10px 5px; text-align: left; vertical-align: top; word-break: normal; border: 1px solid black;\">50<\/td>\n<td style=\"font-family: Arial, sans-serif; font-size: 14px; overflow: hidden; padding: 10px 5px; text-align: left; vertical-align: top; word-break: normal; border: 1px solid black;\">70<\/td>\n<td style=\"font-family: Arial, sans-serif; font-size: 14px; overflow: hidden; padding: 10px 5px; text-align: left; vertical-align: top; word-break: normal; border: 1px solid black;\">14<\/td>\n<td style=\"font-family: Arial, sans-serif; font-size: 14px; overflow: hidden; padding: 10px 5px; text-align: left; vertical-align: top; word-break: normal; border: 1px solid black;\">32.0<\/td>\n<td style=\"font-family: Arial, sans-serif; font-size: 14px; overflow: hidden; padding: 10px 5px; text-align: left; vertical-align: top; word-break: normal; border: 1px solid black;\">60.0<\/td>\n<td style=\"font-family: Arial, sans-serif; font-size: 14px; overflow: hidden; padding: 10px 5px; text-align: left; vertical-align: top; word-break: normal; border: 1px solid black;\">3800<\/td>\n<\/tr>\n<tr>\n<td style=\"font-family: Arial, sans-serif; font-size: 14px; overflow: hidden; padding: 10px 5px; text-align: left; vertical-align: top; word-break: normal; border: 1px solid black;\">51120<\/td>\n<td style=\"font-family: Arial, sans-serif; font-size: 14px; overflow: hidden; padding: 10px 5px; text-align: left; vertical-align: top; word-break: normal; border: 1px solid black;\">100<\/td>\n<td style=\"font-family: Arial, sans-serif; font-size: 14px; overflow: hidden; padding: 10px 5px; text-align: left; vertical-align: top; word-break: normal; border: 1px solid black;\">135<\/td>\n<td style=\"font-family: Arial, sans-serif; font-size: 14px; overflow: hidden; padding: 10px 5px; text-align: left; vertical-align: top; word-break: normal; border: 1px solid black;\">25<\/td>\n<td style=\"font-family: Arial, sans-serif; font-size: 14px; overflow: hidden; padding: 10px 5px; text-align: left; vertical-align: top; word-break: normal; border: 1px solid black;\">78.0<\/td>\n<td style=\"font-family: Arial, sans-serif; font-size: 14px; overflow: hidden; padding: 10px 5px; text-align: left; vertical-align: top; word-break: normal; border: 1px solid black;\">150.0<\/td>\n<td style=\"font-family: Arial, sans-serif; font-size: 14px; overflow: hidden; padding: 10px 5px; text-align: left; vertical-align: top; word-break: normal; border: 1px solid black;\">2400<\/td>\n<\/tr>\n<\/tbody>\n<\/table>\n<p><strong>Note:<\/strong><\/p>\n<p>Dynamic load (C): refers to the maximum load that the bearing can withstand when rotating.<\/p>\n<p>Static load (C\u2080): refers to the maximum load that the bearing can withstand when stationary.<\/p>\n<p>Limiting speed: The maximum speed under grease lubrication conditions, which can be increased by 20%~30% under oil lubrication.<\/p>\n<h3><strong>Ortak markalar:<\/strong><\/h3>\n<p>SKF single-row thrust ball bearing<br \/>\nFAG single-row thrust ball bearing<br \/>\nNSK single-row thrust ball bearing<br \/>\nNTN single-row thrust ball bearing<br \/>\nTIMKEN single-row thrust ball bearing<br \/>\nKOYO single-row thrust ball bearing<br \/>\nINA single-row thrust ball bearing<\/p>\n<h3><strong>3. Typical applications<\/strong><\/h3>\n<p>Single-row thrust ball bearings are suitable for occasions that specifically bear axial loads. Common applications are as follows:<\/p>\n<p>Automotive industry: clutch release bearings and thrust supports in gearboxes.<\/p>\n<p>Machine tool equipment: such as axial positioning of vertical lathe spindles and drilling machines.<\/p>\n<p><img loading=\"lazy\" decoding=\"async\" class=\"size-full wp-image-9919 aligncenter\" data-src=\"https:\/\/www.skf-eu.com\/wp-content\/uploads\/2025\/04\/Single-row-thrust-ball-bearings-for-Vertical-drilling-machine-spindle.webp\" alt=\"Single row thrust ball bearings for Vertical drilling machine spindle\" width=\"512\" height=\"384\" srcset=\"https:\/\/www.skf-eu.com\/wp-content\/uploads\/2025\/04\/Single-row-thrust-ball-bearings-for-Vertical-drilling-machine-spindle.webp 512w, https:\/\/www.skf-eu.com\/wp-content\/uploads\/2025\/04\/Single-row-thrust-ball-bearings-for-Vertical-drilling-machine-spindle-480x360.webp 480w\" sizes=\"(min-width: 0px) and (max-width: 480px) 480px, (min-width: 481px) 512px, 100vw\" \/><\/p>\n<p>Pump equipment: such as axial supports in centrifugal pumps and submersible pumps.<\/p>\n<p><img loading=\"lazy\" decoding=\"async\" class=\"size-full wp-image-9920 aligncenter\" data-src=\"https:\/\/www.skf-eu.com\/wp-content\/uploads\/2025\/04\/Single-row-thrust-ball-bearings-for-Axial-force-balance-of-centrifugal-pumps.webp\" alt=\"Single row thrust ball bearings for Axial force balance of centrifugal pumps\" width=\"600\" height=\"468\" srcset=\"https:\/\/www.skf-eu.com\/wp-content\/uploads\/2025\/04\/Single-row-thrust-ball-bearings-for-Axial-force-balance-of-centrifugal-pumps.webp 600w, https:\/\/www.skf-eu.com\/wp-content\/uploads\/2025\/04\/Single-row-thrust-ball-bearings-for-Axial-force-balance-of-centrifugal-pumps-480x374.webp 480w\" sizes=\"(min-width: 0px) and (max-width: 480px) 480px, (min-width: 481px) 600px, 100vw\" \/><\/p>\n<p>Household appliances: such as axial fixation of washing machine dehydration barrels and fan motors.<\/p>\n<h3><strong>4. Frequently Asked Questions (FAQ)<\/strong><\/h3>\n<p>Q1: Can single-row thrust ball bearings withstand radial forces?<\/p>\n<p>A: No, it is only suitable for axial loads in one direction. If you need to bear radial loads at the same time, you should choose other types of bearings, such as angular contact ball bearings or tapered roller bearings.<\/p>\n<p>Q2: What should you pay attention to when installing?<\/p>\n<p>A:<\/p>\n<p>Make sure that the inner ring is close to the shaft shoulder and the outer ring is close to the bearing seat.<\/p>\n<p>The verticality of the shaft and the bearing seat must be guaranteed. Deflection will cause early damage to the bearing.<\/p>\n<p>Select the lubrication method (grease lubrication or oil lubrication) according to the speed.<\/p>\n<p>Q3: How to judge whether the bearing is damaged?<\/p>\n<p>A:<\/p>\n<p>When you hear abnormal noise (metal friction sound), it may be insufficient lubrication or steel ball damage.<\/p>\n<p>If the axial clearance is too large, it will show obvious shaking, indicating that the bearing is severely worn and needs to be replaced.<\/p>\n<p>Bearing overheating (over 80\u2103) may be due to insufficient lubrication or excessive load.<\/p>\n<p>Q4: How to choose single-row and double-row thrust ball bearings?<\/p>\n<p>A:<\/p>\n<p>Single-row bearings are suitable for unidirectional axial loads (such as pump shafts).<\/p>\n<p>Double-row thrust ball bearings (such as the 52200 series) are suitable for bidirectional axial loads (such as crane slewing supports).<\/p>\n<p>Q5: Can single-row thrust ball bearings be used in high temperature or corrosive environments?<\/p>\n<p>A:<\/p>\n<p>Standard models (such as 51100) are suitable for normal temperature environments.<\/p>\n<p>For high temperature environments, high-temperature steel (such as SKF 51105 C4) can be selected.<\/p>\n<p>In corrosive environments, stainless steel bearings (such as 51103 SS) should be selected.<\/p>\n<h3><strong>5. Maintenance and replacement recommendations<\/strong><\/h3>\n<p>Lubrication: Regularly fill the bearings with high-temperature lithium-based grease (such as SKF LGMT 2).<\/p>\n<p>Inspection cycle: Check the axial clearance and noise every 3 to 6 months.<\/p>\n<p>Replacement standard: If the axial clearance exceeds 0.3mm, or if peeling, jamming, etc. occur, the bearing needs to be replaced in time.<\/p>\n<h2><strong>\u00d6zet<\/strong><\/h2>\n<p>Single-row thrust ball bearings perform well when subjected to pure axial loads, and are particularly suitable for high-speed and low-friction applications. Correct installation and regular maintenance can effectively extend the service life of the bearing. When bidirectional load bearing or complex load is required, double-row thrust bearings or angular contact ball bearings are recommended.<\/p>","protected":false},"excerpt":{"rendered":"<p><strong>Temel avantajlar<\/strong><br \/>\n\u2714 High axial load \u2013 Designed for pure axial loads, with strong load-bearing capacity.<br \/>\n\u2714 Low friction and high speed \u2013 Rolling friction design, suitable for higher speeds (better than sliding bearings).<br \/>\n\u2714 Compact and lightweight \u2013 Simple structure, small installation space, suitable for lightweight design.<br \/>\n\u2714 Standardized and universal \u2013 Unified models (such as 51100 series), easy to purchase and replace.<\/p>\n<p><strong>Tipik uygulamalar<\/strong><br \/>\nAutomobile: Clutch release bearing, gearbox thrust support.<\/p>\n<p>Machine tools: Vertical drilling machine spindle, lathe axial positioning.<\/p>\n<p>Pumps: Axial force balance of centrifugal pumps and submersible pumps.<\/p>\n<p>Home appliances: Washing machine dehydration barrel, fan motor fixing.<\/p>","protected":false},"featured_media":9916,"template":"","meta":{"_et_pb_use_builder":"","_et_pb_old_content":"","_et_gb_content_width":""},"product_cat":[260],"product_tag":[261],"yoast_head":"<!-- This site is optimized with the Yoast SEO plugin v23.0 - https:\/\/yoast.com\/wordpress\/plugins\/seo\/ -->\n<title>China Wholesale Single-Direction Thrust Ball Bearing Supplier - Comdale Bearing<\/title>\n<meta name=\"description\" content=\"As Professional Single-Direction Thrust Ball Bearing distributor , Comdale supply Roller Bearings, Ball Bearings, Plain Bearing, Slewing Ring Bearings, Combined Bearings, Linear Bearings\" \/>\n<meta name=\"robots\" content=\"index, follow, max-snippet:-1, max-image-preview:large, max-video-preview:-1\" \/>\n<link rel=\"canonical\" href=\"https:\/\/www.skf-eu.com\/tr\/urun\/single-direction-thrust-ball-bearing\/\" \/>\n<meta property=\"og:locale\" content=\"tr_TR\" \/>\n<meta property=\"og:type\" content=\"article\" \/>\n<meta property=\"og:title\" content=\"China Wholesale Single-Direction Thrust Ball Bearing Supplier - Comdale Bearing\" \/>\n<meta property=\"og:description\" content=\"As Professional Single-Direction Thrust Ball Bearing distributor , Comdale supply Roller Bearings, Ball Bearings, Plain Bearing, Slewing Ring Bearings, Combined Bearings, Linear Bearings\" \/>\n<meta property=\"og:url\" content=\"https:\/\/www.skf-eu.com\/tr\/urun\/single-direction-thrust-ball-bearing\/\" \/>\n<meta property=\"og:site_name\" content=\"Comdale Bearing\" \/>\n<meta property=\"article:modified_time\" content=\"2025-04-24T08:19:36+00:00\" \/>\n<meta property=\"og:image\" content=\"https:\/\/www.skf-eu.com\/wp-content\/uploads\/2025\/04\/Single-Direction-Thrust-Ball-Bearing-1.webp\" \/>\n\t<meta property=\"og:image:width\" content=\"800\" \/>\n\t<meta property=\"og:image:height\" content=\"800\" \/>\n\t<meta property=\"og:image:type\" content=\"image\/webp\" \/>\n<meta name=\"twitter:card\" content=\"summary_large_image\" \/>\n<meta name=\"twitter:label1\" content=\"Tahmini okuma s\u00fcresi\" \/>\n\t<meta name=\"twitter:data1\" content=\"5 dakika\" \/>\n<script type=\"application\/ld+json\" class=\"yoast-schema-graph\">{\"@context\":\"https:\/\/schema.org\",\"@graph\":[{\"@type\":\"WebPage\",\"@id\":\"https:\/\/www.skf-eu.com\/product\/single-direction-thrust-ball-bearing\/\",\"url\":\"https:\/\/www.skf-eu.com\/product\/single-direction-thrust-ball-bearing\/\",\"name\":\"China Wholesale Single-Direction Thrust Ball Bearing Supplier - Comdale Bearing\",\"isPartOf\":{\"@id\":\"https:\/\/www.skf-eu.com\/#website\"},\"primaryImageOfPage\":{\"@id\":\"https:\/\/www.skf-eu.com\/product\/single-direction-thrust-ball-bearing\/#primaryimage\"},\"image\":{\"@id\":\"https:\/\/www.skf-eu.com\/product\/single-direction-thrust-ball-bearing\/#primaryimage\"},\"thumbnailUrl\":\"https:\/\/www.skf-eu.com\/wp-content\/uploads\/2025\/04\/Single-Direction-Thrust-Ball-Bearing-1.webp\",\"datePublished\":\"2025-04-23T02:04:55+00:00\",\"dateModified\":\"2025-04-24T08:19:36+00:00\",\"description\":\"As Professional Single-Direction Thrust Ball Bearing distributor , Comdale supply Roller Bearings, Ball Bearings, Plain Bearing, Slewing Ring Bearings, Combined Bearings, Linear Bearings\",\"breadcrumb\":{\"@id\":\"https:\/\/www.skf-eu.com\/product\/single-direction-thrust-ball-bearing\/#breadcrumb\"},\"inLanguage\":\"tr\",\"potentialAction\":[{\"@type\":\"ReadAction\",\"target\":[\"https:\/\/www.skf-eu.com\/product\/single-direction-thrust-ball-bearing\/\"]}]},{\"@type\":\"ImageObject\",\"inLanguage\":\"tr\",\"@id\":\"https:\/\/www.skf-eu.com\/product\/single-direction-thrust-ball-bearing\/#primaryimage\",\"url\":\"https:\/\/www.skf-eu.com\/wp-content\/uploads\/2025\/04\/Single-Direction-Thrust-Ball-Bearing-1.webp\",\"contentUrl\":\"https:\/\/www.skf-eu.com\/wp-content\/uploads\/2025\/04\/Single-Direction-Thrust-Ball-Bearing-1.webp\",\"width\":800,\"height\":800,\"caption\":\"Single-Direction Thrust Ball Bearing\"},{\"@type\":\"BreadcrumbList\",\"@id\":\"https:\/\/www.skf-eu.com\/product\/single-direction-thrust-ball-bearing\/#breadcrumb\",\"itemListElement\":[{\"@type\":\"ListItem\",\"position\":1,\"name\":\"Home\",\"item\":\"https:\/\/www.skf-eu.com\/\"},{\"@type\":\"ListItem\",\"position\":2,\"name\":\"Products\",\"item\":\"https:\/\/www.skf-eu.com\/shop\/\"},{\"@type\":\"ListItem\",\"position\":3,\"name\":\"Single-Direction Thrust Ball Bearing\"}]},{\"@type\":\"WebSite\",\"@id\":\"https:\/\/www.skf-eu.com\/#website\",\"url\":\"https:\/\/www.skf-eu.com\/\",\"name\":\"Comdale Bearing\",\"description\":\"\",\"publisher\":{\"@id\":\"https:\/\/www.skf-eu.com\/#organization\"},\"potentialAction\":[{\"@type\":\"SearchAction\",\"target\":{\"@type\":\"EntryPoint\",\"urlTemplate\":\"https:\/\/www.skf-eu.com\/?s={search_term_string}\"},\"query-input\":\"required name=search_term_string\"}],\"inLanguage\":\"tr\"},{\"@type\":\"Organization\",\"@id\":\"https:\/\/www.skf-eu.com\/#organization\",\"name\":\"Comdale\uff08HongKong\uff09International Trade Co., Ltd.\",\"url\":\"https:\/\/www.skf-eu.com\/\",\"logo\":{\"@type\":\"ImageObject\",\"inLanguage\":\"tr\",\"@id\":\"https:\/\/www.skf-eu.com\/#\/schema\/logo\/image\/\",\"url\":\"https:\/\/www.skf-eu.com\/wp-content\/uploads\/2024\/12\/cropped-logo.webp\",\"contentUrl\":\"https:\/\/www.skf-eu.com\/wp-content\/uploads\/2024\/12\/cropped-logo.webp\",\"width\":512,\"height\":512,\"caption\":\"Comdale\uff08HongKong\uff09International Trade Co., Ltd.\"},\"image\":{\"@id\":\"https:\/\/www.skf-eu.com\/#\/schema\/logo\/image\/\"}}]}<\/script>\n<!-- \/ Yoast SEO plugin. -->","yoast_head_json":{"title":"China Wholesale Single-Direction Thrust Ball Bearing Supplier - Comdale Bearing","description":"As Professional Single-Direction Thrust Ball Bearing distributor , Comdale supply Roller Bearings, Ball Bearings, Plain Bearing, Slewing Ring Bearings, Combined Bearings, Linear Bearings","robots":{"index":"index","follow":"follow","max-snippet":"max-snippet:-1","max-image-preview":"max-image-preview:large","max-video-preview":"max-video-preview:-1"},"canonical":"https:\/\/www.skf-eu.com\/tr\/urun\/single-direction-thrust-ball-bearing\/","og_locale":"tr_TR","og_type":"article","og_title":"China Wholesale Single-Direction Thrust Ball Bearing Supplier - Comdale Bearing","og_description":"As Professional Single-Direction Thrust Ball Bearing distributor , Comdale supply Roller Bearings, Ball Bearings, Plain Bearing, Slewing Ring Bearings, Combined Bearings, Linear Bearings","og_url":"https:\/\/www.skf-eu.com\/tr\/urun\/single-direction-thrust-ball-bearing\/","og_site_name":"Comdale Bearing","article_modified_time":"2025-04-24T08:19:36+00:00","og_image":[{"width":800,"height":800,"url":"https:\/\/www.skf-eu.com\/wp-content\/uploads\/2025\/04\/Single-Direction-Thrust-Ball-Bearing-1.webp","type":"image\/webp"}],"twitter_card":"summary_large_image","twitter_misc":{"Tahmini okuma s\u00fcresi":"5 dakika"},"schema":{"@context":"https:\/\/schema.org","@graph":[{"@type":"WebPage","@id":"https:\/\/www.skf-eu.com\/product\/single-direction-thrust-ball-bearing\/","url":"https:\/\/www.skf-eu.com\/product\/single-direction-thrust-ball-bearing\/","name":"China Wholesale Single-Direction Thrust Ball Bearing Supplier - Comdale Bearing","isPartOf":{"@id":"https:\/\/www.skf-eu.com\/#website"},"primaryImageOfPage":{"@id":"https:\/\/www.skf-eu.com\/product\/single-direction-thrust-ball-bearing\/#primaryimage"},"image":{"@id":"https:\/\/www.skf-eu.com\/product\/single-direction-thrust-ball-bearing\/#primaryimage"},"thumbnailUrl":"https:\/\/www.skf-eu.com\/wp-content\/uploads\/2025\/04\/Single-Direction-Thrust-Ball-Bearing-1.webp","datePublished":"2025-04-23T02:04:55+00:00","dateModified":"2025-04-24T08:19:36+00:00","description":"As Professional Single-Direction Thrust Ball Bearing distributor , Comdale supply Roller Bearings, Ball Bearings, Plain Bearing, Slewing Ring Bearings, Combined Bearings, Linear Bearings","breadcrumb":{"@id":"https:\/\/www.skf-eu.com\/product\/single-direction-thrust-ball-bearing\/#breadcrumb"},"inLanguage":"tr","potentialAction":[{"@type":"ReadAction","target":["https:\/\/www.skf-eu.com\/product\/single-direction-thrust-ball-bearing\/"]}]},{"@type":"ImageObject","inLanguage":"tr","@id":"https:\/\/www.skf-eu.com\/product\/single-direction-thrust-ball-bearing\/#primaryimage","url":"https:\/\/www.skf-eu.com\/wp-content\/uploads\/2025\/04\/Single-Direction-Thrust-Ball-Bearing-1.webp","contentUrl":"https:\/\/www.skf-eu.com\/wp-content\/uploads\/2025\/04\/Single-Direction-Thrust-Ball-Bearing-1.webp","width":800,"height":800,"caption":"Single-Direction Thrust Ball Bearing"},{"@type":"BreadcrumbList","@id":"https:\/\/www.skf-eu.com\/product\/single-direction-thrust-ball-bearing\/#breadcrumb","itemListElement":[{"@type":"ListItem","position":1,"name":"Home","item":"https:\/\/www.skf-eu.com\/"},{"@type":"ListItem","position":2,"name":"Products","item":"https:\/\/www.skf-eu.com\/shop\/"},{"@type":"ListItem","position":3,"name":"Single-Direction Thrust Ball Bearing"}]},{"@type":"WebSite","@id":"https:\/\/www.skf-eu.com\/#website","url":"https:\/\/www.skf-eu.com\/","name":"Comdale Bearing","description":"","publisher":{"@id":"https:\/\/www.skf-eu.com\/#organization"},"potentialAction":[{"@type":"SearchAction","target":{"@type":"EntryPoint","urlTemplate":"https:\/\/www.skf-eu.com\/?s={search_term_string}"},"query-input":"required name=search_term_string"}],"inLanguage":"tr"},{"@type":"Organization","@id":"https:\/\/www.skf-eu.com\/#organization","name":"Comdale\uff08HongKong\uff09International Trade Co., Ltd.","url":"https:\/\/www.skf-eu.com\/","logo":{"@type":"ImageObject","inLanguage":"tr","@id":"https:\/\/www.skf-eu.com\/#\/schema\/logo\/image\/","url":"https:\/\/www.skf-eu.com\/wp-content\/uploads\/2024\/12\/cropped-logo.webp","contentUrl":"https:\/\/www.skf-eu.com\/wp-content\/uploads\/2024\/12\/cropped-logo.webp","width":512,"height":512,"caption":"Comdale\uff08HongKong\uff09International Trade Co., Ltd."},"image":{"@id":"https:\/\/www.skf-eu.com\/#\/schema\/logo\/image\/"}}]}},"_links":{"self":[{"href":"https:\/\/www.skf-eu.com\/tr\/wp-json\/wp\/v2\/product\/9913"}],"collection":[{"href":"https:\/\/www.skf-eu.com\/tr\/wp-json\/wp\/v2\/product"}],"about":[{"href":"https:\/\/www.skf-eu.com\/tr\/wp-json\/wp\/v2\/types\/product"}],"wp:featuredmedia":[{"embeddable":true,"href":"https:\/\/www.skf-eu.com\/tr\/wp-json\/wp\/v2\/media\/9916"}],"wp:attachment":[{"href":"https:\/\/www.skf-eu.com\/tr\/wp-json\/wp\/v2\/media?parent=9913"}],"wp:term":[{"taxonomy":"product_cat","embeddable":true,"href":"https:\/\/www.skf-eu.com\/tr\/wp-json\/wp\/v2\/product_cat?post=9913"},{"taxonomy":"product_tag","embeddable":true,"href":"https:\/\/www.skf-eu.com\/tr\/wp-json\/wp\/v2\/product_tag?post=9913"}],"curies":[{"name":"wp","href":"https:\/\/api.w.org\/{rel}","templated":true}]}}