{"id":9905,"date":"2025-04-23T01:50:07","date_gmt":"2025-04-23T01:50:07","guid":{"rendered":"https:\/\/www.skf-eu.com\/?post_type=product&#038;p=9905"},"modified":"2025-04-24T08:17:21","modified_gmt":"2025-04-24T08:17:21","slug":"radial-spherical-plain-bearings","status":"publish","type":"product","link":"https:\/\/www.skf-eu.com\/tr\/urun\/radial-spherical-plain-bearings\/","title":{"rendered":"Radyal oynak kaymal\u0131 yataklar"},"content":{"rendered":"<h2><strong>1. Radyal K\u00fcresel D\u00fcz Rulmanlara Genel Bak\u0131\u015f<\/strong><\/h2>\n<p><img loading=\"lazy\" decoding=\"async\" class=\"wp-image-9910 aligncenter\" data-src=\"https:\/\/www.skf-eu.com\/wp-content\/uploads\/2025\/04\/Radial-spherical-plain-bearings-4.webp\" alt=\"Radial spherical plain bearings\" width=\"621\" height=\"605\" \/><\/p>\n<h3><strong>Tan\u0131m:<\/strong><\/h3>\n<p>A <a href=\"https:\/\/www.skf-eu.com\/product\/radial-spherical-plain-bearings\/\"><strong>radyal oynak kaymal\u0131 yataklar<\/strong>\u00a0<\/a>(Oynak Radyal Kaymal\u0131 Yatak), mil ile yatak yuvas\u0131 aras\u0131nda belirli bir a\u00e7\u0131sal hataya (genellikle 2-3\u00b0) izin veren kaymal\u0131 yatak t\u00fcr\u00fcd\u00fcr. K\u00fcresel yap\u0131s\u0131 sayesinde kendi kendine hizalama sa\u011flayabilir ve montaj hatalar\u0131n\u0131n veya \u015faft b\u00fck\u00fclmesinin etkilerini telafi edebilir.<\/p>\n<h3><strong>Yap\u0131sal \u00f6zellikler:<\/strong><\/h3>\n<p>\u0130\u00e7 bilezik: k\u00fcresel d\u0131\u015f \u00e7ap, yatak yuvas\u0131 ile s\u0131k\u0131ca e\u015fle\u015fir.<\/p>\n<p>D\u0131\u015f halka: k\u00fcresel i\u00e7 \u00e7ap, \u015faft boynu ile e\u015fle\u015fir.<\/p>\n<p>Kayar malzeme: s\u00fcrt\u00fcnme katsay\u0131s\u0131n\u0131 azaltmak i\u00e7in genellikle \u00e7elik arka kompozit malzeme ve bak\u0131r\/PTFE malzeme veya kaplama kullan\u0131l\u0131r.<\/p>\n<h2><strong>2. Yayg\u0131n modeller ve boyut parametre tablosu<\/strong><\/h2>\n<h3><strong>1. Standart model \u00f6rnekleri (GE serisi \u00f6rnek al\u0131narak)<\/strong><\/h3>\n<table class=\"tg\" style=\"border-collapse: collapse; border-spacing: 0;\">\n<thead>\n<tr>\n<th style=\"font-family: Arial, sans-serif; font-size: 14px; font-weight: normal; overflow: hidden; padding: 10px 5px; text-align: left; vertical-align: top; word-break: normal; border: 1px solid black;\">Model<\/th>\n<th style=\"font-family: Arial, sans-serif; font-size: 14px; font-weight: normal; overflow: hidden; padding: 10px 5px; text-align: left; vertical-align: top; word-break: normal; border: 1px solid black;\">\u0130\u00e7 \u00e7ap (mm)<\/th>\n<th style=\"font-family: Arial, sans-serif; font-size: 14px; font-weight: normal; overflow: hidden; padding: 10px 5px; text-align: left; vertical-align: top; word-break: normal; border: 1px solid black;\">D\u0131\u015f \u00e7ap (mm)<\/th>\n<th style=\"font-family: Arial, sans-serif; font-size: 14px; font-weight: normal; overflow: hidden; padding: 10px 5px; text-align: left; vertical-align: top; word-break: normal; border: 1px solid black;\">Geni\u015flik (mm)<\/th>\n<th style=\"font-family: Arial, sans-serif; font-size: 14px; font-weight: normal; overflow: hidden; padding: 10px 5px; text-align: left; vertical-align: top; word-break: normal; border: 1px solid black;\">Y\u00fck Kapasitesi (kN)<\/th>\n<th style=\"font-family: Arial, sans-serif; font-size: 14px; font-weight: normal; overflow: hidden; padding: 10px 5px; text-align: left; vertical-align: top; word-break: normal; border: 1px solid black;\">\u0130zin verilen sapma a\u00e7\u0131s\u0131 (\u00b0)<\/th>\n<th style=\"font-family: Arial, sans-serif; font-size: 14px; font-weight: normal; overflow: hidden; padding: 10px 5px; text-align: left; vertical-align: top; word-break: normal; border: 1px solid black;\">Malzeme kombinasyonu<\/th>\n<\/tr>\n<\/thead>\n<tbody>\n<tr>\n<td style=\"font-family: Arial, sans-serif; font-size: 14px; overflow: hidden; padding: 10px 5px; text-align: left; vertical-align: top; word-break: normal; border: 1px solid black;\">GE20ES<\/td>\n<td style=\"font-family: Arial, sans-serif; font-size: 14px; overflow: hidden; padding: 10px 5px; text-align: left; vertical-align: top; word-break: normal; border: 1px solid black;\">20<\/td>\n<td style=\"font-family: Arial, sans-serif; font-size: 14px; overflow: hidden; padding: 10px 5px; text-align: left; vertical-align: top; word-break: normal; border: 1px solid black;\">42<\/td>\n<td style=\"font-family: Arial, sans-serif; font-size: 14px; overflow: hidden; padding: 10px 5px; text-align: left; vertical-align: top; word-break: normal; border: 1px solid black;\">20<\/td>\n<td style=\"font-family: Arial, sans-serif; font-size: 14px; overflow: hidden; padding: 10px 5px; text-align: left; vertical-align: top; word-break: normal; border: 1px solid black;\">12.5<\/td>\n<td style=\"font-family: Arial, sans-serif; font-size: 14px; overflow: hidden; padding: 10px 5px; text-align: left; vertical-align: top; word-break: normal; border: 1px solid black;\">2.5<\/td>\n<td style=\"font-family: Arial, sans-serif; font-size: 14px; overflow: hidden; padding: 10px 5px; text-align: left; vertical-align: top; word-break: normal; border: 1px solid black;\">\u00c7elik s\u0131rt + PTFE<\/td>\n<\/tr>\n<tr>\n<td style=\"font-family: Arial, sans-serif; font-size: 14px; overflow: hidden; padding: 10px 5px; text-align: left; vertical-align: top; word-break: normal; border: 1px solid black;\">GE30C<\/td>\n<td style=\"font-family: Arial, sans-serif; font-size: 14px; overflow: hidden; padding: 10px 5px; text-align: left; vertical-align: top; word-break: normal; border: 1px solid black;\">30<\/td>\n<td style=\"font-family: Arial, sans-serif; font-size: 14px; overflow: hidden; padding: 10px 5px; text-align: left; vertical-align: top; word-break: normal; border: 1px solid black;\">55<\/td>\n<td style=\"font-family: Arial, sans-serif; font-size: 14px; overflow: hidden; padding: 10px 5px; text-align: left; vertical-align: top; word-break: normal; border: 1px solid black;\">25<\/td>\n<td style=\"font-family: Arial, sans-serif; font-size: 14px; overflow: hidden; padding: 10px 5px; text-align: left; vertical-align: top; word-break: normal; border: 1px solid black;\">25.0<\/td>\n<td style=\"font-family: Arial, sans-serif; font-size: 14px; overflow: hidden; padding: 10px 5px; text-align: left; vertical-align: top; word-break: normal; border: 1px solid black;\">3.0<\/td>\n<td style=\"font-family: Arial, sans-serif; font-size: 14px; overflow: hidden; padding: 10px 5px; text-align: left; vertical-align: top; word-break: normal; border: 1px solid black;\">\u00c7elik s\u0131rt + bak\u0131r ala\u015f\u0131m<\/td>\n<\/tr>\n<tr>\n<td style=\"font-family: Arial, sans-serif; font-size: 14px; overflow: hidden; padding: 10px 5px; text-align: left; vertical-align: top; word-break: normal; border: 1px solid black;\">GE50ES-2RS<\/td>\n<td style=\"font-family: Arial, sans-serif; font-size: 14px; overflow: hidden; padding: 10px 5px; text-align: left; vertical-align: top; word-break: normal; border: 1px solid black;\">50<\/td>\n<td style=\"font-family: Arial, sans-serif; font-size: 14px; overflow: hidden; padding: 10px 5px; text-align: left; vertical-align: top; word-break: normal; border: 1px solid black;\">50<\/td>\n<td style=\"font-family: Arial, sans-serif; font-size: 14px; overflow: hidden; padding: 10px 5px; text-align: left; vertical-align: top; word-break: normal; border: 1px solid black;\">36<\/td>\n<td style=\"font-family: Arial, sans-serif; font-size: 14px; overflow: hidden; padding: 10px 5px; text-align: left; vertical-align: top; word-break: normal; border: 1px solid black;\">50.0<\/td>\n<td style=\"font-family: Arial, sans-serif; font-size: 14px; overflow: hidden; padding: 10px 5px; text-align: left; vertical-align: top; word-break: normal; border: 1px solid black;\">2.0<\/td>\n<td style=\"font-family: Arial, sans-serif; font-size: 14px; overflow: hidden; padding: 10px 5px; text-align: left; vertical-align: top; word-break: normal; border: 1px solid black;\">S\u0131zd\u0131rmaz + PTFE<\/td>\n<\/tr>\n<\/tbody>\n<\/table>\n<h3><strong>2. Di\u011fer serilerle kar\u015f\u0131la\u015ft\u0131rma<\/strong><\/h3>\n<p>SA serisi: daha b\u00fcy\u00fck d\u0131\u015f \u00e7apa sahip a\u011f\u0131r hizmet uygulamalar\u0131 i\u00e7in uygundur (\u00f6rne\u011fin, SA40, i\u00e7 \u00e7ap 40 mm, d\u0131\u015f \u00e7ap 80 mm).<\/p>\n<p>GEC serisi: flan\u015f tasar\u0131ml\u0131, eksenel konumland\u0131rma gerektiren durumlar i\u00e7in uygundur.<\/p>\n<h3><strong>Ortak markalar:<\/strong><\/h3>\n<p>Bu markalar\u0131m\u0131z var <a href=\"https:\/\/www.skf-eu.com\/category\/ball-bearings\/spherical-plain-bearings\/\"><strong>K\u00fcresel Kayar Rulmanlar<\/strong><\/a> \u015fimdi:-<\/p>\n<p>SKF radyal k\u00fcresel kaymal\u0131 yatak<br \/>\nFAG radyal k\u00fcresel kaymal\u0131 yatak<br \/>\nNSK radyal k\u00fcresel kaymal\u0131 yatak<br \/>\nKOYO radyal k\u00fcresel kaymal\u0131 yatak<br \/>\nTIMKEN radyal k\u00fcresel kaymal\u0131 yatak<br \/>\nINA radyal k\u00fcresel kaymal\u0131 yatak<br \/>\nNTN radyal k\u00fcresel kaymal\u0131 yatak<\/p>\n<h2><strong>3. Uygulama analizi<\/strong><\/h2>\n<h3><strong>1. Tipik uygulama senaryolar\u0131<\/strong><\/h3>\n<p>M\u00fchendislik makineleri: ekskavat\u00f6r kolunun mente\u015fe noktas\u0131 gibi, yap\u0131n\u0131n deformasyonunu telafi eder.<\/p>\n<p>Tar\u0131msal ekipman: \u00d6rne\u011fin, bi\u00e7erd\u00f6verin tahrik mili toz ge\u00e7irmez bir conta tasar\u0131m\u0131na sahiptir.<\/p>\n<p><img loading=\"lazy\" decoding=\"async\" class=\"size-full wp-image-9911 aligncenter\" data-src=\"https:\/\/www.skf-eu.com\/wp-content\/uploads\/2025\/04\/Tractor-drive-shaft.webp\" alt=\"Tractor drive shaft\" width=\"570\" height=\"555\" srcset=\"https:\/\/www.skf-eu.com\/wp-content\/uploads\/2025\/04\/Tractor-drive-shaft.webp 570w, https:\/\/www.skf-eu.com\/wp-content\/uploads\/2025\/04\/Tractor-drive-shaft-480x467.webp 480w\" sizes=\"(min-width: 0px) and (max-width: 480px) 480px, (min-width: 481px) 570px, 100vw\" \/><\/p>\n<p>End\u00fcstriyel iletim: korozyona dayan\u0131kl\u0131 kaplama malzemeleri kullan\u0131larak ka\u011f\u0131t makinesinin silindiri gibi.<\/p>\n<p><img loading=\"lazy\" decoding=\"async\" class=\"size-full wp-image-9912 aligncenter\" data-src=\"https:\/\/www.skf-eu.com\/wp-content\/uploads\/2025\/04\/Drum-Screen.webp\" alt=\"Drum Screen\" width=\"1120\" height=\"630\" srcset=\"https:\/\/www.skf-eu.com\/wp-content\/uploads\/2025\/04\/Drum-Screen.webp 1120w, https:\/\/www.skf-eu.com\/wp-content\/uploads\/2025\/04\/Drum-Screen-980x551.webp 980w, https:\/\/www.skf-eu.com\/wp-content\/uploads\/2025\/04\/Drum-Screen-480x270.webp 480w\" sizes=\"(min-width: 0px) and (max-width: 480px) 480px, (min-width: 481px) and (max-width: 980px) 980px, (min-width: 981px) 1120px, 100vw\" \/><\/p>\n<h3><strong>2. Se\u00e7im noktalar\u0131<\/strong><\/h3>\n<p>Y\u00fck: Dinamik y\u00fck\u00fcn statik y\u00fckten daha fazla oldu\u011fu durumlarda bak\u0131r esasl\u0131 malzemeler tercih edilmelidir.<\/p>\n<p>H\u0131z: PTFE bur\u00e7lar y\u00fcksek h\u0131zl\u0131 uygulamalar (&lt;500rpm) i\u00e7in uygunken, bak\u0131r ala\u015f\u0131mlar d\u00fc\u015f\u00fck h\u0131zl\u0131 ve y\u00fcksek y\u00fckl\u00fc \u00e7al\u0131\u015fma ko\u015fullar\u0131 i\u00e7in daha uygundur.<\/p>\n<p>Environment: In a humid environment, it is recommended to choose a stainless steel housing and sealing design (such as GE&#8230;ES-2RS).<\/p>\n<h2><strong>4. SSS<\/strong><\/h2>\n<p>S1: Rulman\u0131n ya\u011flama ihtiyac\u0131 olup olmad\u0131\u011f\u0131 nas\u0131l belirlenir?<br \/>\nNon-self-lubricating models (such as GE30C) require regular addition of lithium-based grease; while self-lubricating models (models with the &#8220;ES&#8221; suffix) do not require maintenance.<br \/>\nS2: Kurulum s\u0131ras\u0131nda izin verilen maksimum yanl\u0131\u015f hizalama a\u00e7\u0131s\u0131 nedir?<br \/>\nGenellikle 2-3\u00b0. Bu aral\u0131k a\u015f\u0131l\u0131rsa, kenar gerilimi yo\u011funla\u015fmas\u0131na neden olarak rulman \u00f6mr\u00fcn\u00fc k\u0131saltabilir.<br \/>\nS3: Rulmandan gelen anormal g\u00fcr\u00fclt\u00fcn\u00fcn nedeni ne olabilir?<br \/>\nOlas\u0131 nedenler \u015funlard\u0131r:<br \/>\n\u2460 Yetersiz ya\u011flama;<br \/>\n\u2461 Toz giri\u015fi;<br \/>\n\u2462 K\u00fcresel kaplaman\u0131n a\u015f\u0131nmas\u0131 (de\u011fi\u015ftirilmesi gerekir).<br \/>\nS4: Oynak makaral\u0131 rulmanlara k\u0131yasla radyal oynak kaymal\u0131 rulmanlar\u0131n avantaj\u0131 nedir?<br \/>\nG\u00fc\u00e7l\u00fc darbe direncine ve kirlilik \u00f6nleme \u00f6zelli\u011fine sahiptir, ancak daha d\u00fc\u015f\u00fck h\u0131zlar i\u00e7in uygundur.<\/p>\n<h2><strong>5. Bak\u0131m \u00f6nerileri<\/strong><\/h2>\n<p>D\u00fczenli muayene: \u00d6zellikle a\u011f\u0131r hizmet uygulamalar\u0131nda kullan\u0131lan rulmanlarda her 6 ayda bir a\u015f\u0131nmay\u0131 kontrol edin.<br \/>\nYa\u011flama d\u00f6ng\u00fcs\u00fc: Kendinden ya\u011flamal\u0131 olmayan modellerin her 500 saatlik \u00e7al\u0131\u015fmadan sonra yeniden ya\u011flanmas\u0131 gerekir.<br \/>\nDe\u011fi\u015ftirme kriterleri: Radyal bo\u015fluk 0,15 mm'yi a\u015ft\u0131\u011f\u0131nda veya kaplamada soyulma meydana geldi\u011finde rulman\u0131n de\u011fi\u015ftirilmesi gerekir.<\/p>","protected":false},"excerpt":{"rendered":"<p><strong>Radyal oynak kaymal\u0131 yataklar\u0131n temel avantajlar\u0131<\/strong><\/p>\n<p>Kendili\u011finden hizalan\u0131r - \u015faft sapmas\u0131na uyum sa\u011flar, kenar gerilimini azalt\u0131r ve kullan\u0131m \u00f6mr\u00fcn\u00fc uzat\u0131r.<br \/>\n\u2714 Darbe direnci - kayar s\u00fcrt\u00fcnme yap\u0131s\u0131 titre\u015fim ve darbe y\u00fcklerine kar\u015f\u0131 rulmanl\u0131 yataklara g\u00f6re daha dayan\u0131kl\u0131d\u0131r.<br \/>\n\u2714 Kirlilik \u00f6nleyici - s\u0131zd\u0131rmaz tasar\u0131m (PTFE bur\u00e7 gibi) toz ve nem gibi zorlu ortamlar i\u00e7in uygundur.<br \/>\nBak\u0131m gerektirmez (iste\u011fe ba\u011fl\u0131) - kendinden ya\u011flamal\u0131 modeller s\u0131k s\u0131k gresleme gerektirmez ve bak\u0131m maliyetlerini azalt\u0131r.<br \/>\n\u2714 Y\u00fcksek y\u00fck - \u00e7elik s\u0131rt + bak\u0131r ala\u015f\u0131ml\u0131 \/ polimer bur\u00e7 tasar\u0131m\u0131, d\u00fc\u015f\u00fck h\u0131z ve a\u011f\u0131r y\u00fck ko\u015fullar\u0131 i\u00e7in uygundur.<\/p>\n<p><strong>Tipik uygulamalar<\/strong><br \/>\n\ud83d\udd27 \u0130n\u015faat makineleri - ekskavat\u00f6r kolu mente\u015fe noktas\u0131, vin\u00e7 d\u00f6ner deste\u011fi (yap\u0131sal deformasyon i\u00e7in telafi).<br \/>\n\ud83c\udf3e Tar\u0131m makineleri - trakt\u00f6r tahrik mili, bi\u00e7erd\u00f6ver biyel kolu (\u00e7amur, su, kum ve toza dayan\u0131kl\u0131).<br \/>\n\ud83c\udfed End\u00fcstriyel ekipman - ka\u011f\u0131t makinesi tamburu, konvey\u00f6r bant silindiri (korozyona dayan\u0131kl\u0131, pas ge\u00e7irmez kaplama).<br \/>\n\u26a1 A\u011f\u0131r sanayi - metal\u00fcrji de\u011firmenleri, maden k\u0131r\u0131c\u0131lar (y\u00fcksek darbe + yava\u015f h\u0131z a\u011f\u0131r y\u00fck).<\/p>","protected":false},"featured_media":9906,"template":"","meta":{"_et_pb_use_builder":"","_et_pb_old_content":"","_et_gb_content_width":""},"product_cat":[244,258],"product_tag":[259],"yoast_head":"<!-- This site is optimized with the Yoast SEO plugin v23.0 - https:\/\/yoast.com\/wordpress\/plugins\/seo\/ -->\n<title>China Wholesale Radial spherical plain bearings Supplier - Comdale Bearing<\/title>\n<meta name=\"description\" content=\"As Professional Radial spherical plain bearings distributor , Comdale supply Roller Bearings, Ball Bearings, Plain Bearing, Slewing Ring Bearings, Combined Bearings, Linear Bearings\" \/>\n<meta name=\"robots\" content=\"index, follow, max-snippet:-1, max-image-preview:large, max-video-preview:-1\" \/>\n<link rel=\"canonical\" href=\"https:\/\/www.skf-eu.com\/tr\/urun\/radial-spherical-plain-bearings\/\" \/>\n<meta property=\"og:locale\" content=\"tr_TR\" \/>\n<meta property=\"og:type\" content=\"article\" \/>\n<meta property=\"og:title\" content=\"China Wholesale Radial spherical plain bearings Supplier - Comdale Bearing\" \/>\n<meta property=\"og:description\" content=\"As Professional Radial spherical plain bearings distributor , Comdale supply Roller Bearings, Ball Bearings, Plain Bearing, Slewing Ring Bearings, Combined Bearings, Linear Bearings\" \/>\n<meta property=\"og:url\" content=\"https:\/\/www.skf-eu.com\/tr\/urun\/radial-spherical-plain-bearings\/\" \/>\n<meta property=\"og:site_name\" content=\"Comdale Bearing\" \/>\n<meta property=\"article:modified_time\" content=\"2025-04-24T08:17:21+00:00\" \/>\n<meta property=\"og:image\" content=\"https:\/\/www.skf-eu.com\/wp-content\/uploads\/2025\/04\/Radial-spherical-plain-bearings-1.webp\" \/>\n\t<meta property=\"og:image:width\" content=\"600\" \/>\n\t<meta property=\"og:image:height\" content=\"338\" \/>\n\t<meta property=\"og:image:type\" content=\"image\/webp\" \/>\n<meta name=\"twitter:card\" content=\"summary_large_image\" \/>\n<meta name=\"twitter:label1\" content=\"Tahmini okuma s\u00fcresi\" \/>\n\t<meta name=\"twitter:data1\" content=\"4 dakika\" \/>\n<script type=\"application\/ld+json\" class=\"yoast-schema-graph\">{\"@context\":\"https:\/\/schema.org\",\"@graph\":[{\"@type\":\"WebPage\",\"@id\":\"https:\/\/www.skf-eu.com\/product\/radial-spherical-plain-bearings\/\",\"url\":\"https:\/\/www.skf-eu.com\/product\/radial-spherical-plain-bearings\/\",\"name\":\"China Wholesale Radial spherical plain bearings Supplier - Comdale Bearing\",\"isPartOf\":{\"@id\":\"https:\/\/www.skf-eu.com\/#website\"},\"primaryImageOfPage\":{\"@id\":\"https:\/\/www.skf-eu.com\/product\/radial-spherical-plain-bearings\/#primaryimage\"},\"image\":{\"@id\":\"https:\/\/www.skf-eu.com\/product\/radial-spherical-plain-bearings\/#primaryimage\"},\"thumbnailUrl\":\"https:\/\/www.skf-eu.com\/wp-content\/uploads\/2025\/04\/Radial-spherical-plain-bearings-1.webp\",\"datePublished\":\"2025-04-23T01:50:07+00:00\",\"dateModified\":\"2025-04-24T08:17:21+00:00\",\"description\":\"As Professional Radial spherical plain bearings distributor , Comdale supply Roller Bearings, Ball Bearings, Plain Bearing, Slewing Ring Bearings, Combined Bearings, Linear Bearings\",\"breadcrumb\":{\"@id\":\"https:\/\/www.skf-eu.com\/product\/radial-spherical-plain-bearings\/#breadcrumb\"},\"inLanguage\":\"tr\",\"potentialAction\":[{\"@type\":\"ReadAction\",\"target\":[\"https:\/\/www.skf-eu.com\/product\/radial-spherical-plain-bearings\/\"]}]},{\"@type\":\"ImageObject\",\"inLanguage\":\"tr\",\"@id\":\"https:\/\/www.skf-eu.com\/product\/radial-spherical-plain-bearings\/#primaryimage\",\"url\":\"https:\/\/www.skf-eu.com\/wp-content\/uploads\/2025\/04\/Radial-spherical-plain-bearings-1.webp\",\"contentUrl\":\"https:\/\/www.skf-eu.com\/wp-content\/uploads\/2025\/04\/Radial-spherical-plain-bearings-1.webp\",\"width\":600,\"height\":338,\"caption\":\"Radial spherical plain bearings\"},{\"@type\":\"BreadcrumbList\",\"@id\":\"https:\/\/www.skf-eu.com\/product\/radial-spherical-plain-bearings\/#breadcrumb\",\"itemListElement\":[{\"@type\":\"ListItem\",\"position\":1,\"name\":\"Home\",\"item\":\"https:\/\/www.skf-eu.com\/\"},{\"@type\":\"ListItem\",\"position\":2,\"name\":\"Products\",\"item\":\"https:\/\/www.skf-eu.com\/shop\/\"},{\"@type\":\"ListItem\",\"position\":3,\"name\":\"Radial spherical plain bearings\"}]},{\"@type\":\"WebSite\",\"@id\":\"https:\/\/www.skf-eu.com\/#website\",\"url\":\"https:\/\/www.skf-eu.com\/\",\"name\":\"Comdale Bearing\",\"description\":\"\",\"publisher\":{\"@id\":\"https:\/\/www.skf-eu.com\/#organization\"},\"potentialAction\":[{\"@type\":\"SearchAction\",\"target\":{\"@type\":\"EntryPoint\",\"urlTemplate\":\"https:\/\/www.skf-eu.com\/?s={search_term_string}\"},\"query-input\":\"required name=search_term_string\"}],\"inLanguage\":\"tr\"},{\"@type\":\"Organization\",\"@id\":\"https:\/\/www.skf-eu.com\/#organization\",\"name\":\"Comdale\uff08HongKong\uff09International Trade Co., Ltd.\",\"url\":\"https:\/\/www.skf-eu.com\/\",\"logo\":{\"@type\":\"ImageObject\",\"inLanguage\":\"tr\",\"@id\":\"https:\/\/www.skf-eu.com\/#\/schema\/logo\/image\/\",\"url\":\"https:\/\/www.skf-eu.com\/wp-content\/uploads\/2024\/12\/cropped-logo.webp\",\"contentUrl\":\"https:\/\/www.skf-eu.com\/wp-content\/uploads\/2024\/12\/cropped-logo.webp\",\"width\":512,\"height\":512,\"caption\":\"Comdale\uff08HongKong\uff09International Trade Co., Ltd.\"},\"image\":{\"@id\":\"https:\/\/www.skf-eu.com\/#\/schema\/logo\/image\/\"}}]}<\/script>\n<!-- \/ Yoast SEO plugin. -->","yoast_head_json":{"title":"China Wholesale Radial spherical plain bearings Supplier - Comdale Bearing","description":"As Professional Radial spherical plain bearings distributor , Comdale supply Roller Bearings, Ball Bearings, Plain Bearing, Slewing Ring Bearings, Combined Bearings, Linear Bearings","robots":{"index":"index","follow":"follow","max-snippet":"max-snippet:-1","max-image-preview":"max-image-preview:large","max-video-preview":"max-video-preview:-1"},"canonical":"https:\/\/www.skf-eu.com\/tr\/urun\/radial-spherical-plain-bearings\/","og_locale":"tr_TR","og_type":"article","og_title":"China Wholesale Radial spherical plain bearings Supplier - Comdale Bearing","og_description":"As Professional Radial spherical plain bearings distributor , Comdale supply Roller Bearings, Ball Bearings, Plain Bearing, Slewing Ring Bearings, Combined Bearings, Linear Bearings","og_url":"https:\/\/www.skf-eu.com\/tr\/urun\/radial-spherical-plain-bearings\/","og_site_name":"Comdale Bearing","article_modified_time":"2025-04-24T08:17:21+00:00","og_image":[{"width":600,"height":338,"url":"https:\/\/www.skf-eu.com\/wp-content\/uploads\/2025\/04\/Radial-spherical-plain-bearings-1.webp","type":"image\/webp"}],"twitter_card":"summary_large_image","twitter_misc":{"Tahmini okuma s\u00fcresi":"4 dakika"},"schema":{"@context":"https:\/\/schema.org","@graph":[{"@type":"WebPage","@id":"https:\/\/www.skf-eu.com\/product\/radial-spherical-plain-bearings\/","url":"https:\/\/www.skf-eu.com\/product\/radial-spherical-plain-bearings\/","name":"China Wholesale Radial spherical plain bearings Supplier - Comdale Bearing","isPartOf":{"@id":"https:\/\/www.skf-eu.com\/#website"},"primaryImageOfPage":{"@id":"https:\/\/www.skf-eu.com\/product\/radial-spherical-plain-bearings\/#primaryimage"},"image":{"@id":"https:\/\/www.skf-eu.com\/product\/radial-spherical-plain-bearings\/#primaryimage"},"thumbnailUrl":"https:\/\/www.skf-eu.com\/wp-content\/uploads\/2025\/04\/Radial-spherical-plain-bearings-1.webp","datePublished":"2025-04-23T01:50:07+00:00","dateModified":"2025-04-24T08:17:21+00:00","description":"As Professional Radial spherical plain bearings distributor , Comdale supply Roller Bearings, Ball Bearings, Plain Bearing, Slewing Ring Bearings, Combined Bearings, Linear Bearings","breadcrumb":{"@id":"https:\/\/www.skf-eu.com\/product\/radial-spherical-plain-bearings\/#breadcrumb"},"inLanguage":"tr","potentialAction":[{"@type":"ReadAction","target":["https:\/\/www.skf-eu.com\/product\/radial-spherical-plain-bearings\/"]}]},{"@type":"ImageObject","inLanguage":"tr","@id":"https:\/\/www.skf-eu.com\/product\/radial-spherical-plain-bearings\/#primaryimage","url":"https:\/\/www.skf-eu.com\/wp-content\/uploads\/2025\/04\/Radial-spherical-plain-bearings-1.webp","contentUrl":"https:\/\/www.skf-eu.com\/wp-content\/uploads\/2025\/04\/Radial-spherical-plain-bearings-1.webp","width":600,"height":338,"caption":"Radial spherical plain bearings"},{"@type":"BreadcrumbList","@id":"https:\/\/www.skf-eu.com\/product\/radial-spherical-plain-bearings\/#breadcrumb","itemListElement":[{"@type":"ListItem","position":1,"name":"Home","item":"https:\/\/www.skf-eu.com\/"},{"@type":"ListItem","position":2,"name":"Products","item":"https:\/\/www.skf-eu.com\/shop\/"},{"@type":"ListItem","position":3,"name":"Radial spherical plain bearings"}]},{"@type":"WebSite","@id":"https:\/\/www.skf-eu.com\/#website","url":"https:\/\/www.skf-eu.com\/","name":"Comdale Bearing","description":"","publisher":{"@id":"https:\/\/www.skf-eu.com\/#organization"},"potentialAction":[{"@type":"SearchAction","target":{"@type":"EntryPoint","urlTemplate":"https:\/\/www.skf-eu.com\/?s={search_term_string}"},"query-input":"required name=search_term_string"}],"inLanguage":"tr"},{"@type":"Organization","@id":"https:\/\/www.skf-eu.com\/#organization","name":"Comdale\uff08HongKong\uff09International Trade Co., Ltd.","url":"https:\/\/www.skf-eu.com\/","logo":{"@type":"ImageObject","inLanguage":"tr","@id":"https:\/\/www.skf-eu.com\/#\/schema\/logo\/image\/","url":"https:\/\/www.skf-eu.com\/wp-content\/uploads\/2024\/12\/cropped-logo.webp","contentUrl":"https:\/\/www.skf-eu.com\/wp-content\/uploads\/2024\/12\/cropped-logo.webp","width":512,"height":512,"caption":"Comdale\uff08HongKong\uff09International Trade Co., Ltd."},"image":{"@id":"https:\/\/www.skf-eu.com\/#\/schema\/logo\/image\/"}}]}},"_links":{"self":[{"href":"https:\/\/www.skf-eu.com\/tr\/wp-json\/wp\/v2\/product\/9905"}],"collection":[{"href":"https:\/\/www.skf-eu.com\/tr\/wp-json\/wp\/v2\/product"}],"about":[{"href":"https:\/\/www.skf-eu.com\/tr\/wp-json\/wp\/v2\/types\/product"}],"wp:featuredmedia":[{"embeddable":true,"href":"https:\/\/www.skf-eu.com\/tr\/wp-json\/wp\/v2\/media\/9906"}],"wp:attachment":[{"href":"https:\/\/www.skf-eu.com\/tr\/wp-json\/wp\/v2\/media?parent=9905"}],"wp:term":[{"taxonomy":"product_cat","embeddable":true,"href":"https:\/\/www.skf-eu.com\/tr\/wp-json\/wp\/v2\/product_cat?post=9905"},{"taxonomy":"product_tag","embeddable":true,"href":"https:\/\/www.skf-eu.com\/tr\/wp-json\/wp\/v2\/product_tag?post=9905"}],"curies":[{"name":"wp","href":"https:\/\/api.w.org\/{rel}","templated":true}]}}