{"id":10015,"date":"2025-05-13T01:59:32","date_gmt":"2025-05-13T01:59:32","guid":{"rendered":"https:\/\/www.skf-eu.com\/?post_type=product&#038;p=10015"},"modified":"2025-05-13T01:59:57","modified_gmt":"2025-05-13T01:59:57","slug":"multi-row-cylindrical-roller-bearings","status":"publish","type":"product","link":"https:\/\/www.skf-eu.com\/tr\/urun\/multi-row-cylindrical-roller-bearings\/","title":{"rendered":"\u00c7ok s\u0131ral\u0131 silindirik makaral\u0131 rulmanlar"},"content":{"rendered":"<h2>\ud83d\udd27 1. \u00c7ok s\u0131ral\u0131 silindirik makaral\u0131 rulmanlara giri\u015f<\/h2>\n<p>\u00c7ok s\u0131ral\u0131 silindirik makaral\u0131 rulmanlar, radyal y\u00fck ta\u015f\u0131ma kapasitesini ve yap\u0131sal stabiliteyi \u00f6nemli \u00f6l\u00e7\u00fcde art\u0131ran ve \u00f6zellikle y\u00fcksek y\u00fck ve y\u00fcksek h\u0131zl\u0131 \u00e7al\u0131\u015fma ortamlar\u0131 i\u00e7in uygun olan \u00e7ok s\u0131ral\u0131 bir yuvarlanma eleman\u0131 tasar\u0131m\u0131n\u0131 benimser. Ana kategoriler a\u015fa\u011f\u0131daki gibidir:<\/p>\n<p>\u00c7ift s\u0131ral\u0131 silindirik makaral\u0131 rulmanlar: B\u00fcy\u00fck radyal kuvvet darbeleriyle ba\u015fa \u00e7\u0131kabilen ve a\u011f\u0131r hizmet iletim sistemlerinde yayg\u0131n olarak kullan\u0131lan iki s\u0131ra makara paralel olarak d\u00fczenlenmi\u015ftir.<\/p>\n<p>D\u00f6rt s\u0131ral\u0131 silindirik makaral\u0131 rulmanlar: A\u015f\u0131r\u0131 a\u011f\u0131r hizmet ko\u015fullar\u0131 i\u00e7in \u00f6zel olarak geli\u015ftirilmi\u015f, tipik olarak metal\u00fcrjik haddehaneler ve haddeleme ekipmanlar\u0131 gibi \u00f6nemli par\u00e7alarda kullan\u0131lan d\u00f6rt s\u0131ral\u0131 makaral\u0131 kombinasyon tasar\u0131m\u0131.<\/p>\n<p><img loading=\"lazy\" decoding=\"async\" class=\"wp-image-10019 aligncenter\" data-src=\"https:\/\/www.skf-eu.com\/wp-content\/uploads\/2025\/05\/Multi-row-cylindrical-roller-bearings-1.webp\" alt=\"Multi-row cylindrical roller bearings\" width=\"677\" height=\"677\" srcset=\"https:\/\/www.skf-eu.com\/wp-content\/uploads\/2025\/05\/Multi-row-cylindrical-roller-bearings-1.webp 677w, https:\/\/www.skf-eu.com\/wp-content\/uploads\/2025\/05\/Multi-row-cylindrical-roller-bearings-1-480x480.webp 480w\" sizes=\"(min-width: 0px) and (max-width: 480px) 480px, (min-width: 481px) 677px, 100vw\" \/><\/p>\n<h2>\ud83d\udcca 2. Tipik \u00f6zellikler ve teknik parametreler<\/h2>\n<p><strong>\u00c7ift s\u0131ral\u0131 seri<\/strong><br \/>\nNNU tipi: i\u00e7 ve d\u0131\u015f halkalar ayr\u0131labilir, kurulumu ve bak\u0131m\u0131 kolayd\u0131r ve y\u00fcksek hassasiyet gereksinimlerini kar\u015f\u0131lar.<\/p>\n<p>NN tipi: entegre d\u0131\u015f bilezik, sabit radyal y\u00fck senaryolar\u0131 i\u00e7in uygundur.<\/p>\n<p>NNUP tipi: kendinden hizalamal\u0131 pullarla, sistem uyumlulu\u011funu art\u0131rmak i\u00e7in eksenel yer de\u011fi\u015ftirme ince ayarlanabilir.<\/p>\n<p><strong>D\u00f6rt s\u0131ral\u0131 seri<\/strong><br \/>\nHadde merdanesi boyun destekleri gibi ultra a\u011f\u0131r y\u00fckler i\u00e7in tasarlanm\u0131\u015ft\u0131r, \u015fiddetli darbelere ve s\u00fcrekli y\u00fcksek bas\u0131n\u00e7l\u0131 y\u00fcklere dayanabilir.<\/p>\n<h2>\ud83c\udfed 3. Ana end\u00fcstriyel uygulamalar<\/h2>\n<p>Metalurjik ekipman: y\u00fcksek yo\u011funluklu s\u00fcrekli \u00e7al\u0131\u015fmay\u0131 sa\u011flamak i\u00e7in haddehane standlar\u0131, s\u00fcrekli d\u00f6k\u00fcm silindirleri vb.<\/p>\n<p><img loading=\"lazy\" decoding=\"async\" class=\"size-full wp-image-10022 aligncenter\" data-src=\"https:\/\/www.skf-eu.com\/wp-content\/uploads\/2025\/05\/Multi-row-cylindrical-roller-bearings-for-Shield-Machine.webp\" alt=\"Multi-row cylindrical roller bearings for Shield Machine\" width=\"1000\" height=\"501\" srcset=\"https:\/\/www.skf-eu.com\/wp-content\/uploads\/2025\/05\/Multi-row-cylindrical-roller-bearings-for-Shield-Machine.webp 1000w, https:\/\/www.skf-eu.com\/wp-content\/uploads\/2025\/05\/Multi-row-cylindrical-roller-bearings-for-Shield-Machine-980x491.webp 980w, https:\/\/www.skf-eu.com\/wp-content\/uploads\/2025\/05\/Multi-row-cylindrical-roller-bearings-for-Shield-Machine-480x240.webp 480w\" sizes=\"(min-width: 0px) and (max-width: 480px) 480px, (min-width: 481px) and (max-width: 980px) 980px, (min-width: 981px) 1000px, 100vw\" \/><\/p>\n<p>Hassas tak\u0131m tezgahlar\u0131: d\u00f6n\u00fc\u015f hassasiyeti ve rijitli\u011fi sa\u011flamak i\u00e7in y\u00fcksek h\u0131zl\u0131 i\u015f mili \u00fcniteleri.<\/p>\n<p><img loading=\"lazy\" decoding=\"async\" class=\"size-full wp-image-10020 aligncenter\" data-src=\"https:\/\/www.skf-eu.com\/wp-content\/uploads\/2025\/05\/Multi-row-cylindrical-roller-bearings-for-CNC-machine-tool-spindle.webp\" alt=\"Multi-row cylindrical roller bearings for CNC machine tool spindle\" width=\"554\" height=\"441\" srcset=\"https:\/\/www.skf-eu.com\/wp-content\/uploads\/2025\/05\/Multi-row-cylindrical-roller-bearings-for-CNC-machine-tool-spindle.webp 554w, https:\/\/www.skf-eu.com\/wp-content\/uploads\/2025\/05\/Multi-row-cylindrical-roller-bearings-for-CNC-machine-tool-spindle-480x382.webp 480w\" sizes=\"(min-width: 0px) and (max-width: 480px) 480px, (min-width: 481px) 554px, 100vw\" \/><\/p>\n<p>Madencilik ve kald\u0131rma makineleri: zorlu ortamlarda ekipmanlar\u0131n dayan\u0131kl\u0131l\u0131\u011f\u0131n\u0131 art\u0131rmak i\u00e7in.<\/p>\n<p><img loading=\"lazy\" decoding=\"async\" class=\"size-full wp-image-10021 aligncenter\" data-src=\"https:\/\/www.skf-eu.com\/wp-content\/uploads\/2025\/05\/Multi-row-cylindrical-roller-bearings-for-Drilling-Platform.webp\" alt=\"Multi-row cylindrical roller bearings for Drilling Platform\" width=\"720\" height=\"460\" srcset=\"https:\/\/www.skf-eu.com\/wp-content\/uploads\/2025\/05\/Multi-row-cylindrical-roller-bearings-for-Drilling-Platform.webp 720w, https:\/\/www.skf-eu.com\/wp-content\/uploads\/2025\/05\/Multi-row-cylindrical-roller-bearings-for-Drilling-Platform-480x307.webp 480w\" sizes=\"(min-width: 0px) and (max-width: 480px) 480px, (min-width: 481px) 720px, 100vw\" \/><\/p>\n<h2>\u2753 4. Temel teknik sorular ve cevaplar\u0131<\/h2>\n<p>S1: \u00c7ok s\u0131ral\u0131 rulmanlar\u0131n tek s\u0131ral\u0131 rulmanlara k\u0131yasla temel avantajlar\u0131 nelerdir?<br \/>\nA1: \u00c7oklu makara s\u0131ralar\u0131n\u0131n koordineli kuvveti sayesinde, y\u00fck da\u011f\u0131l\u0131m\u0131 homojenli\u011fi b\u00fcy\u00fck \u00f6l\u00e7\u00fcde iyile\u015ftirilirken, anti-deformasyon yetene\u011fi geli\u015ftirilir ve hizmet \u00f6mr\u00fc uzat\u0131l\u0131r.<\/p>\n<p>S2: D\u00f6rt s\u0131ral\u0131 rulmanlar\u0131n uygulanabilir limiti nedir?<br \/>\nA2: Metalurjik haddeleme gibi mega-newton y\u00fckler i\u00e7in tasarlanm\u0131\u015ft\u0131r, ancak a\u015f\u0131r\u0131 \u00e7al\u0131\u015fma ko\u015fullar\u0131yla ba\u015fa \u00e7\u0131kmak i\u00e7in zorunlu ya\u011flama ve d\u00fczenli bak\u0131m gereklidir.<\/p>\n<p>S3: Se\u00e7im i\u00e7in \u00f6nemli hususlar?<br \/>\nA3: Dinamik y\u00fck fakt\u00f6r\u00fcn\u00fc, h\u0131z s\u0131n\u0131r\u0131n\u0131 ve kurulum alan\u0131n\u0131 kapsaml\u0131 bir \u015fekilde de\u011ferlendirmek ve gerekti\u011finde \u00f6zelle\u015ftirilmi\u015f \u00e7\u00f6z\u00fcmler benimsemek gerekir.<\/p>\n<p>S4: M\u00fc\u015fterilerimize ortak markalar sunuyor muyuz?<br \/>\nA4: Evet, biz sa\u011fl\u0131yoruz <a href=\"https:\/\/www.skf-eu.com\/product\/multi-row-cylindrical-roller-bearings\/\"><strong>SKF Silindirik Makaral\u0131 Rulmanlar<\/strong><\/a>, KOYO, NSN, FAG, NSK ve di\u011ferleri.<\/p>\n<h2>\u2705 5. Temel de\u011ferlerin \u00f6zeti<\/h2>\n<p>\u00c7ok s\u0131ral\u0131 silindirik makaral\u0131 rulmanlar, mod\u00fcler makara d\u00fczenleri sayesinde a\u011f\u0131r hizmet tipi end\u00fcstriyel ekipmanlar i\u00e7in tercih edilen bir bile\u015fen haline gelmi\u015ftir. \u00c7ift s\u0131ral\u0131 ve d\u00f6rt s\u0131ral\u0131 yap\u0131lar, s\u0131ras\u0131yla orta-y\u00fcksek y\u00fck ve ultra-a\u011f\u0131r y\u00fck uygulamalar\u0131n\u0131 kapsar ve metal\u00fcrji, tak\u0131m tezgahlar\u0131 ve a\u011f\u0131r makine alanlar\u0131nda m\u00fckemmeldir. Bir model se\u00e7erken, en iyi performans e\u015fle\u015fmesini elde etmek i\u00e7in \u00e7al\u0131\u015fma parametrelerini ve bak\u0131m ko\u015fullar\u0131n\u0131 birle\u015ftirmek gerekir.<\/p>\n<p>L\u00fctfen bizi inceleyin <strong><a href=\"https:\/\/www.skf-eu.com\/category\/roller-bearings\/cylindrical-roller-bearings\/\">Silindirik Makaral\u0131 Rulmanlar<\/a>\u00a0<\/strong>Daha fazla bilgi i\u00e7in katalog!<\/p>","protected":false},"excerpt":{"rendered":"<h3>Ana uygulamalar<\/h3>\n<p>\u2714 Metalurji end\u00fcstrisi: haddehane, s\u00fcrekli d\u00f6k\u00fcm makinesi merdane deste\u011fi<br \/>\n\u2714 A\u011f\u0131r makineler: madencilik ekipmanlar\u0131, liman vin\u00e7leri<br \/>\n\u2714 Hassas makine aletleri: y\u00fcksek h\u0131zl\u0131 i\u011fler, ta\u015flama makineleri<br \/>\n\u2714 Enerji ekipmanlar\u0131: r\u00fczgar t\u00fcrbini di\u015fli kutular\u0131<\/p>\n<h3>Avantajlar ve \u00f6zellikler<\/h3>\n<p>\u2705 Ultra y\u00fcksek y\u00fck: \u00e7ok s\u0131ral\u0131 makaralar y\u00fck\u00fc da\u011f\u0131t\u0131r ve tek s\u0131ral\u0131 rulmanlara g\u00f6re daha b\u00fcy\u00fck radyal kuvvetlere dayan\u0131r<br \/>\n\u2705 Y\u00fcksek sertlik: Deformasyonu azalt\u0131n ve ekipman\u0131n \u00e7al\u0131\u015fma stabilitesini sa\u011flay\u0131n<br \/>\nUzun \u00f6m\u00fcrl\u00fcd\u00fcr: Kuvvet da\u011f\u0131l\u0131m\u0131n\u0131 optimize edin ve yerel a\u015f\u0131nmay\u0131 azalt\u0131n<br \/>\n\u2705 Y\u00fcksek h\u0131zl\u0131 uyarlanabilirlik: Santrif\u00fcj kuvvetinin etkisini azaltmak i\u00e7in hassas kafes tasar\u0131m\u0131<br \/>\n\u2705 \u00c7oklu konfig\u00fcrasyonlar: \u00e7ift s\u0131ra (NN\/NNU tipi), farkl\u0131 y\u00fck gereksinimlerini kar\u015f\u0131lamak i\u00e7in d\u00f6rt s\u0131ra iste\u011fe ba\u011fl\u0131d\u0131r<\/p>","protected":false},"featured_media":10016,"template":"","meta":{"_et_pb_use_builder":"","_et_pb_old_content":"","_et_gb_content_width":""},"product_cat":[240,242],"product_tag":[292],"yoast_head":"<!-- This site is optimized with the Yoast SEO plugin v23.0 - https:\/\/yoast.com\/wordpress\/plugins\/seo\/ -->\n<title>China Wholesale Multi-row cylindrical roller bearings Supplier - Comdale Bearing<\/title>\n<meta name=\"description\" content=\"As Professional Multi-row cylindrical roller bearings distributor , Comdale supply Roller Bearings, Ball Bearings, Plain Bearing, Slewing Ring Bearings, Combined Bearings, Linear Bearings\" \/>\n<meta name=\"robots\" content=\"index, follow, max-snippet:-1, max-image-preview:large, max-video-preview:-1\" \/>\n<link rel=\"canonical\" href=\"https:\/\/www.skf-eu.com\/tr\/urun\/multi-row-cylindrical-roller-bearings\/\" \/>\n<meta property=\"og:locale\" content=\"tr_TR\" \/>\n<meta property=\"og:type\" content=\"article\" \/>\n<meta property=\"og:title\" content=\"China Wholesale Multi-row cylindrical roller bearings Supplier - Comdale Bearing\" \/>\n<meta property=\"og:description\" content=\"As Professional Multi-row cylindrical roller bearings distributor , Comdale supply Roller Bearings, Ball Bearings, Plain Bearing, Slewing Ring Bearings, Combined Bearings, Linear Bearings\" \/>\n<meta property=\"og:url\" content=\"https:\/\/www.skf-eu.com\/tr\/urun\/multi-row-cylindrical-roller-bearings\/\" \/>\n<meta property=\"og:site_name\" content=\"Comdale Bearing\" \/>\n<meta property=\"article:modified_time\" content=\"2025-05-13T01:59:57+00:00\" \/>\n<meta property=\"og:image\" content=\"https:\/\/www.skf-eu.com\/wp-content\/uploads\/2025\/05\/Four-row-cylindrical-roller-bearings.webp\" \/>\n\t<meta property=\"og:image:width\" content=\"1040\" \/>\n\t<meta property=\"og:image:height\" content=\"804\" \/>\n\t<meta property=\"og:image:type\" content=\"image\/webp\" \/>\n<meta name=\"twitter:card\" content=\"summary_large_image\" \/>\n<meta name=\"twitter:label1\" content=\"Tahmini okuma s\u00fcresi\" \/>\n\t<meta name=\"twitter:data1\" content=\"3 dakika\" \/>\n<script type=\"application\/ld+json\" class=\"yoast-schema-graph\">{\"@context\":\"https:\/\/schema.org\",\"@graph\":[{\"@type\":\"WebPage\",\"@id\":\"https:\/\/www.skf-eu.com\/product\/multi-row-cylindrical-roller-bearings\/\",\"url\":\"https:\/\/www.skf-eu.com\/product\/multi-row-cylindrical-roller-bearings\/\",\"name\":\"China Wholesale Multi-row cylindrical roller bearings Supplier - Comdale Bearing\",\"isPartOf\":{\"@id\":\"https:\/\/www.skf-eu.com\/#website\"},\"primaryImageOfPage\":{\"@id\":\"https:\/\/www.skf-eu.com\/product\/multi-row-cylindrical-roller-bearings\/#primaryimage\"},\"image\":{\"@id\":\"https:\/\/www.skf-eu.com\/product\/multi-row-cylindrical-roller-bearings\/#primaryimage\"},\"thumbnailUrl\":\"https:\/\/www.skf-eu.com\/wp-content\/uploads\/2025\/05\/Four-row-cylindrical-roller-bearings.webp\",\"datePublished\":\"2025-05-13T01:59:32+00:00\",\"dateModified\":\"2025-05-13T01:59:57+00:00\",\"description\":\"As Professional Multi-row cylindrical roller bearings distributor , Comdale supply Roller Bearings, Ball Bearings, Plain Bearing, Slewing Ring Bearings, Combined Bearings, Linear Bearings\",\"breadcrumb\":{\"@id\":\"https:\/\/www.skf-eu.com\/product\/multi-row-cylindrical-roller-bearings\/#breadcrumb\"},\"inLanguage\":\"tr\",\"potentialAction\":[{\"@type\":\"ReadAction\",\"target\":[\"https:\/\/www.skf-eu.com\/product\/multi-row-cylindrical-roller-bearings\/\"]}]},{\"@type\":\"ImageObject\",\"inLanguage\":\"tr\",\"@id\":\"https:\/\/www.skf-eu.com\/product\/multi-row-cylindrical-roller-bearings\/#primaryimage\",\"url\":\"https:\/\/www.skf-eu.com\/wp-content\/uploads\/2025\/05\/Four-row-cylindrical-roller-bearings.webp\",\"contentUrl\":\"https:\/\/www.skf-eu.com\/wp-content\/uploads\/2025\/05\/Four-row-cylindrical-roller-bearings.webp\",\"width\":1040,\"height\":804,\"caption\":\"Four-row cylindrical roller bearings\"},{\"@type\":\"BreadcrumbList\",\"@id\":\"https:\/\/www.skf-eu.com\/product\/multi-row-cylindrical-roller-bearings\/#breadcrumb\",\"itemListElement\":[{\"@type\":\"ListItem\",\"position\":1,\"name\":\"Home\",\"item\":\"https:\/\/www.skf-eu.com\/\"},{\"@type\":\"ListItem\",\"position\":2,\"name\":\"Products\",\"item\":\"https:\/\/www.skf-eu.com\/shop\/\"},{\"@type\":\"ListItem\",\"position\":3,\"name\":\"Multi-row cylindrical roller bearings\"}]},{\"@type\":\"WebSite\",\"@id\":\"https:\/\/www.skf-eu.com\/#website\",\"url\":\"https:\/\/www.skf-eu.com\/\",\"name\":\"Comdale Bearing\",\"description\":\"\",\"publisher\":{\"@id\":\"https:\/\/www.skf-eu.com\/#organization\"},\"potentialAction\":[{\"@type\":\"SearchAction\",\"target\":{\"@type\":\"EntryPoint\",\"urlTemplate\":\"https:\/\/www.skf-eu.com\/?s={search_term_string}\"},\"query-input\":\"required name=search_term_string\"}],\"inLanguage\":\"tr\"},{\"@type\":\"Organization\",\"@id\":\"https:\/\/www.skf-eu.com\/#organization\",\"name\":\"Comdale\uff08HongKong\uff09International Trade Co., Ltd.\",\"url\":\"https:\/\/www.skf-eu.com\/\",\"logo\":{\"@type\":\"ImageObject\",\"inLanguage\":\"tr\",\"@id\":\"https:\/\/www.skf-eu.com\/#\/schema\/logo\/image\/\",\"url\":\"https:\/\/www.skf-eu.com\/wp-content\/uploads\/2024\/12\/cropped-logo.webp\",\"contentUrl\":\"https:\/\/www.skf-eu.com\/wp-content\/uploads\/2024\/12\/cropped-logo.webp\",\"width\":512,\"height\":512,\"caption\":\"Comdale\uff08HongKong\uff09International Trade Co., Ltd.\"},\"image\":{\"@id\":\"https:\/\/www.skf-eu.com\/#\/schema\/logo\/image\/\"}}]}<\/script>\n<!-- \/ Yoast SEO plugin. -->","yoast_head_json":{"title":"China Wholesale Multi-row cylindrical roller bearings Supplier - Comdale Bearing","description":"As Professional Multi-row cylindrical roller bearings distributor , Comdale supply Roller Bearings, Ball Bearings, Plain Bearing, Slewing Ring Bearings, Combined Bearings, Linear Bearings","robots":{"index":"index","follow":"follow","max-snippet":"max-snippet:-1","max-image-preview":"max-image-preview:large","max-video-preview":"max-video-preview:-1"},"canonical":"https:\/\/www.skf-eu.com\/tr\/urun\/multi-row-cylindrical-roller-bearings\/","og_locale":"tr_TR","og_type":"article","og_title":"China Wholesale Multi-row cylindrical roller bearings Supplier - Comdale Bearing","og_description":"As Professional Multi-row cylindrical roller bearings distributor , Comdale supply Roller Bearings, Ball Bearings, Plain Bearing, Slewing Ring Bearings, Combined Bearings, Linear Bearings","og_url":"https:\/\/www.skf-eu.com\/tr\/urun\/multi-row-cylindrical-roller-bearings\/","og_site_name":"Comdale Bearing","article_modified_time":"2025-05-13T01:59:57+00:00","og_image":[{"width":1040,"height":804,"url":"https:\/\/www.skf-eu.com\/wp-content\/uploads\/2025\/05\/Four-row-cylindrical-roller-bearings.webp","type":"image\/webp"}],"twitter_card":"summary_large_image","twitter_misc":{"Tahmini okuma s\u00fcresi":"3 dakika"},"schema":{"@context":"https:\/\/schema.org","@graph":[{"@type":"WebPage","@id":"https:\/\/www.skf-eu.com\/product\/multi-row-cylindrical-roller-bearings\/","url":"https:\/\/www.skf-eu.com\/product\/multi-row-cylindrical-roller-bearings\/","name":"China Wholesale Multi-row cylindrical roller bearings Supplier - Comdale Bearing","isPartOf":{"@id":"https:\/\/www.skf-eu.com\/#website"},"primaryImageOfPage":{"@id":"https:\/\/www.skf-eu.com\/product\/multi-row-cylindrical-roller-bearings\/#primaryimage"},"image":{"@id":"https:\/\/www.skf-eu.com\/product\/multi-row-cylindrical-roller-bearings\/#primaryimage"},"thumbnailUrl":"https:\/\/www.skf-eu.com\/wp-content\/uploads\/2025\/05\/Four-row-cylindrical-roller-bearings.webp","datePublished":"2025-05-13T01:59:32+00:00","dateModified":"2025-05-13T01:59:57+00:00","description":"As Professional Multi-row cylindrical roller bearings distributor , Comdale supply Roller Bearings, Ball Bearings, Plain Bearing, Slewing Ring Bearings, Combined Bearings, Linear Bearings","breadcrumb":{"@id":"https:\/\/www.skf-eu.com\/product\/multi-row-cylindrical-roller-bearings\/#breadcrumb"},"inLanguage":"tr","potentialAction":[{"@type":"ReadAction","target":["https:\/\/www.skf-eu.com\/product\/multi-row-cylindrical-roller-bearings\/"]}]},{"@type":"ImageObject","inLanguage":"tr","@id":"https:\/\/www.skf-eu.com\/product\/multi-row-cylindrical-roller-bearings\/#primaryimage","url":"https:\/\/www.skf-eu.com\/wp-content\/uploads\/2025\/05\/Four-row-cylindrical-roller-bearings.webp","contentUrl":"https:\/\/www.skf-eu.com\/wp-content\/uploads\/2025\/05\/Four-row-cylindrical-roller-bearings.webp","width":1040,"height":804,"caption":"Four-row cylindrical roller bearings"},{"@type":"BreadcrumbList","@id":"https:\/\/www.skf-eu.com\/product\/multi-row-cylindrical-roller-bearings\/#breadcrumb","itemListElement":[{"@type":"ListItem","position":1,"name":"Home","item":"https:\/\/www.skf-eu.com\/"},{"@type":"ListItem","position":2,"name":"Products","item":"https:\/\/www.skf-eu.com\/shop\/"},{"@type":"ListItem","position":3,"name":"Multi-row cylindrical roller bearings"}]},{"@type":"WebSite","@id":"https:\/\/www.skf-eu.com\/#website","url":"https:\/\/www.skf-eu.com\/","name":"Comdale Bearing","description":"","publisher":{"@id":"https:\/\/www.skf-eu.com\/#organization"},"potentialAction":[{"@type":"SearchAction","target":{"@type":"EntryPoint","urlTemplate":"https:\/\/www.skf-eu.com\/?s={search_term_string}"},"query-input":"required name=search_term_string"}],"inLanguage":"tr"},{"@type":"Organization","@id":"https:\/\/www.skf-eu.com\/#organization","name":"Comdale\uff08HongKong\uff09International Trade Co., Ltd.","url":"https:\/\/www.skf-eu.com\/","logo":{"@type":"ImageObject","inLanguage":"tr","@id":"https:\/\/www.skf-eu.com\/#\/schema\/logo\/image\/","url":"https:\/\/www.skf-eu.com\/wp-content\/uploads\/2024\/12\/cropped-logo.webp","contentUrl":"https:\/\/www.skf-eu.com\/wp-content\/uploads\/2024\/12\/cropped-logo.webp","width":512,"height":512,"caption":"Comdale\uff08HongKong\uff09International Trade Co., Ltd."},"image":{"@id":"https:\/\/www.skf-eu.com\/#\/schema\/logo\/image\/"}}]}},"_links":{"self":[{"href":"https:\/\/www.skf-eu.com\/tr\/wp-json\/wp\/v2\/product\/10015"}],"collection":[{"href":"https:\/\/www.skf-eu.com\/tr\/wp-json\/wp\/v2\/product"}],"about":[{"href":"https:\/\/www.skf-eu.com\/tr\/wp-json\/wp\/v2\/types\/product"}],"wp:featuredmedia":[{"embeddable":true,"href":"https:\/\/www.skf-eu.com\/tr\/wp-json\/wp\/v2\/media\/10016"}],"wp:attachment":[{"href":"https:\/\/www.skf-eu.com\/tr\/wp-json\/wp\/v2\/media?parent=10015"}],"wp:term":[{"taxonomy":"product_cat","embeddable":true,"href":"https:\/\/www.skf-eu.com\/tr\/wp-json\/wp\/v2\/product_cat?post=10015"},{"taxonomy":"product_tag","embeddable":true,"href":"https:\/\/www.skf-eu.com\/tr\/wp-json\/wp\/v2\/product_tag?post=10015"}],"curies":[{"name":"wp","href":"https:\/\/api.w.org\/{rel}","templated":true}]}}