{"id":9972,"date":"2025-05-13T01:11:42","date_gmt":"2025-05-13T01:11:42","guid":{"rendered":"https:\/\/www.skf-eu.com\/?post_type=product&#038;p=9972"},"modified":"2025-05-22T01:19:06","modified_gmt":"2025-05-22T01:19:06","slug":"double-direction-thrust-spherical-roller-bearings","status":"publish","type":"product","link":"https:\/\/www.skf-eu.com\/pt\/produto\/double-direction-thrust-spherical-roller-bearings\/","title":{"rendered":"Rolamentos axiais de rolos esf\u00e9ricos de dupla dire\u00e7\u00e3o"},"content":{"rendered":"<h2>An\u00e1lise t\u00e9cnica dos rolamentos axiais de rolos esf\u00e9ricos de dupla dire\u00e7\u00e3o<\/h2>\n<h3>Vis\u00e3o geral do produto<\/h3>\n<p>O rolamento autocompensador de rolos axial de dupla dire\u00e7\u00e3o \u00e9 um rolamento para servi\u00e7o pesado que pode suportar cargas axiais bidireccionais e tem uma fun\u00e7\u00e3o de auto-alinhamento autom\u00e1tico. A sua estrutura central consiste em dois conjuntos de an\u00e9is de eixo, an\u00e9is de assento e duas filas de rolos de tambor. Com a pista esf\u00e9rica do anel exterior, pode absorver eficazmente o desvio de centragem entre o eixo e o assento do rolamento (o erro de \u00e2ngulo permitido \u00e9 normalmente de 2\u00b0~3\u00b0).<\/p>\n<p><img loading=\"lazy\" decoding=\"async\" class=\"size-full wp-image-9976 aligncenter\" data-src=\"https:\/\/www.skf-eu.com\/wp-content\/uploads\/2025\/05\/Double-direction-thrust-spherical-roller-bearings-for-Water-turbine.webp\" alt=\"Double direction thrust spherical roller bearings for Water turbine\" width=\"632\" height=\"490\" srcset=\"https:\/\/www.skf-eu.com\/wp-content\/uploads\/2025\/05\/Double-direction-thrust-spherical-roller-bearings-for-Water-turbine.webp 632w, https:\/\/www.skf-eu.com\/wp-content\/uploads\/2025\/05\/Double-direction-thrust-spherical-roller-bearings-for-Water-turbine-480x372.webp 480w\" sizes=\"(min-width: 0px) and (max-width: 480px) 480px, (min-width: 481px) 632px, 100vw\" \/><\/p>\n<h2>Refer\u00eancia de par\u00e2metros t\u00e9cnicos padr\u00e3o<\/h2>\n<h3>Item Gama de par\u00e2metros Descri\u00e7\u00e3o t\u00e9cnica<\/h3>\n<p>Gama de abertura 50-1000mm e superior Personalizado de acordo com os requisitos de carga<br \/>\nEspecifica\u00e7\u00e3o do di\u00e2metro exterior Di\u00e2metro interior e s\u00e9rie correspondentes Tamanhos n\u00e3o normalizados, como 240\u00d7420\u00d7110 mm<br \/>\nLargura do rolamento 50-300mm A largura est\u00e1 positivamente correlacionada com a capacidade de carga<br \/>\nCarga din\u00e2mica nominal 100-5000kN e superior \u00cdndice de carga din\u00e2mica axial<br \/>\nCarga est\u00e1tica nominal 200-8000kN e superior Limite de carga est\u00e1tica axial<br \/>\nVelocidade m\u00e1xima 200-1000rpm As condi\u00e7\u00f5es de lubrifica\u00e7\u00e3o com \u00f3leo podem aumentar a velocidade<br \/>\n\u00c2ngulo de deflex\u00e3o admiss\u00edvel \u22642\u00b0-3\u00b0 Compensa\u00e7\u00e3o autom\u00e1tica do desvio da instala\u00e7\u00e3o<br \/>\nM\u00e9todo de lubrifica\u00e7\u00e3o Lubrifica\u00e7\u00e3o com massa lubrificante \/ lubrifica\u00e7\u00e3o com \u00f3leo circulante A lubrifica\u00e7\u00e3o com \u00f3leo \u00e9 recomendada para altas temperaturas e altas velocidades<\/p>\n<h2>An\u00e1lise do desempenho mec\u00e2nico<\/h2>\n<h3>Carater\u00edsticas de transfer\u00eancia de carga<\/h3>\n<p>O rolo esf\u00e9rico e a pista est\u00e3o em contacto optimizado para obter uma distribui\u00e7\u00e3o uniforme da carga e evitar tens\u00f5es locais excessivas<br \/>\nA for\u00e7a axial bidirecional \u00e9 transmitida separadamente atrav\u00e9s de filas de rolos independentes<\/p>\n<h3>Adaptabilidade ao desalinhamento<\/h3>\n<p>A conce\u00e7\u00e3o da pista esf\u00e9rica pode compensar o momento de flex\u00e3o adicional causado pela flex\u00e3o do veio ou por um erro de montagem<\/p>\n<h3>Avalia\u00e7\u00e3o da durabilidade<\/h3>\n<p>Os coeficientes de carga din\u00e2mica devem ser calculados de acordo com a norma ISO 281 para prever a vida \u00e0 fadiga<\/p>\n<h2>Principais vantagens<\/h2>\n<p>Excelente desempenho de suporte de press\u00e3o bidirecional: a capacidade de carga axial excede largamente a dos rolamentos axiais de esferas<br \/>\nFun\u00e7\u00e3o de auto-alinhamento inteligente: corrige automaticamente o desvio da instala\u00e7\u00e3o e protege os componentes de apoio<br \/>\nForte resist\u00eancia ao impacto: a estrutura do rolo de tambor amortece eficazmente as vibra\u00e7\u00f5es e \u00e9 adequada para ambientes de impacto de cargas pesadas<br \/>\nVida \u00fatil extremamente longa: a conce\u00e7\u00e3o especial do perfil dos rolos reduz a tens\u00e3o de contacto<\/p>\n<p>Adapta\u00e7\u00e3o multi-lubrifica\u00e7\u00e3o: compat\u00edvel com lubrifica\u00e7\u00e3o com massa e sistema de circula\u00e7\u00e3o de \u00f3leo sob press\u00e3o<\/p>\n<p><img loading=\"lazy\" decoding=\"async\" class=\"size-full wp-image-9977 aligncenter\" data-src=\"https:\/\/www.skf-eu.com\/wp-content\/uploads\/2025\/05\/Double-direction-thrust-spherical-roller-bearings-1-1.webp\" alt=\"Double direction thrust spherical roller bearings for Water turbine\" width=\"1200\" height=\"800\" srcset=\"https:\/\/www.skf-eu.com\/wp-content\/uploads\/2025\/05\/Double-direction-thrust-spherical-roller-bearings-1-1.webp 1200w, https:\/\/www.skf-eu.com\/wp-content\/uploads\/2025\/05\/Double-direction-thrust-spherical-roller-bearings-1-1-980x653.webp 980w, https:\/\/www.skf-eu.com\/wp-content\/uploads\/2025\/05\/Double-direction-thrust-spherical-roller-bearings-1-1-480x320.webp 480w\" sizes=\"(min-width: 0px) and (max-width: 480px) 480px, (min-width: 481px) and (max-width: 980px) 980px, (min-width: 981px) 1200px, 100vw\" \/><\/p>\n<h2>Marcas comuns<\/h2>\n<p><a href=\"https:\/\/www.skf-eu.com\/product\/double-direction-thrust-spherical-roller-bearings\/\"><strong>Rolamento autocompensador de rolos axial da SKF<\/strong><\/a> Dupla dire\u00e7\u00e3o<br \/>\nNSK Rolamentos axiais de rolos esf\u00e9ricos de dupla dire\u00e7\u00e3o<br \/>\nFAG Rolamentos axiais de rolos esf\u00e9ricos de dupla dire\u00e7\u00e3o<br \/>\nINA Rolamentos axiais de rolos esf\u00e9ricos de dupla dire\u00e7\u00e3o<br \/>\nNTN Rolamentos axiais de rolos esf\u00e9ricos de dupla dire\u00e7\u00e3o<br \/>\nKOYO Rolamentos autocompensadores de rolos axiais de dupla dire\u00e7\u00e3o<br \/>\nTIMKEN Rolamentos axiais de rolos esf\u00e9ricos de dupla dire\u00e7\u00e3o<\/p>\n<h2>Perguntas e respostas t\u00e9cnicas comuns<\/h2>\n<p>Q1: Como selecionar os rolamentos axiais de rolos esf\u00e9ricos de dupla dire\u00e7\u00e3o?<br \/>\n\u2192 Este rolamento \u00e9 adequado para cenas com maior carga axial, velocidade m\u00e9dia e baixa, e requer fun\u00e7\u00e3o de auto-alinhamento<\/p>\n<p>Q2: Quais s\u00e3o as consequ\u00eancias de exceder o \u00e2ngulo de auto-alinhamento?<br \/>\n\u2192 Um desvio superior a 3\u00b0 provoca um aumento da tens\u00e3o na extremidade do rolo, reduzindo significativamente a vida \u00fatil.<\/p>\n<p>Q3: Como monitorizar o estado da lubrifica\u00e7\u00e3o?<br \/>\n\u2192 Atrav\u00e9s da temperatura (recomendado &lt;80 \u2103) e monitoramento de som anormal, a lubrifica\u00e7\u00e3o com \u00f3leo \u00e9 preferida em ambientes de carga pesada e alta temperatura<\/p>\n<p>Q4: Pontos-chave para a instala\u00e7\u00e3o?<br \/>\n\u2192 O anel de eixo\/anel de assento deve estar bem encaixado, sendo proibida uma pr\u00e9-carga excessiva<\/p>\n<p>Q5: Quais s\u00e3o as formas t\u00edpicas de falha?<br \/>\n\u2192 Os principais modos de falha incluem danos na pista causados por lubrifica\u00e7\u00e3o deficiente e danos na gaiola causados por funcionamento em \u00e2ngulo excessivo<\/p>\n<p>\u00c1reas de aplica\u00e7\u00e3o t\u00edpicas: dispositivos de transmiss\u00e3o vertical de grandes dimens\u00f5es, sistemas de propuls\u00e3o de navios, laminadores metal\u00fargicos, equipamento de eleva\u00e7\u00e3o portu\u00e1ria e outras m\u00e1quinas pesadas que t\u00eam de suportar for\u00e7as axiais bidireccionais e t\u00eam deforma\u00e7\u00e3o do veio.<\/p>\n<p>Consulte a nossa <a href=\"https:\/\/www.skf-eu.com\/category\/roller-bearings\/thrust-spherical-roller-bearing\/\"><strong>Rolamento autocompensador de rolos axial<\/strong><\/a> Cat\u00e1logo para mais informa\u00e7\u00f5es!!!<\/p>\n<p><img loading=\"lazy\" decoding=\"async\" class=\"size-full wp-image-9978 aligncenter\" data-src=\"https:\/\/www.skf-eu.com\/wp-content\/uploads\/2025\/05\/Double-direction-thrust-spherical-roller-bearings-for-Ship-propulsion.webp\" alt=\"Double direction thrust spherical roller bearings for Water turbine\" width=\"960\" height=\"640\" srcset=\"https:\/\/www.skf-eu.com\/wp-content\/uploads\/2025\/05\/Double-direction-thrust-spherical-roller-bearings-for-Ship-propulsion.webp 960w, https:\/\/www.skf-eu.com\/wp-content\/uploads\/2025\/05\/Double-direction-thrust-spherical-roller-bearings-for-Ship-propulsion-480x320.webp 480w\" sizes=\"(min-width: 0px) and (max-width: 480px) 480px, (min-width: 481px) 960px, 100vw\" \/><\/p>","protected":false},"excerpt":{"rendered":"<h2>Rolamento axial de rolos esf\u00e9ricos bidirecional<\/h2>\n<h3>Breve descri\u00e7\u00e3o:<\/h3>\n<p>Concebidos para cargas axiais bidireccionais pesadas, os rolos esf\u00e9ricos de duas carreiras incorporados podem compensar automaticamente a deflex\u00e3o do veio (2\u00b0-3\u00b0), com elevada capacidade de carga e auto-alinhamento.<\/p>\n<h3>Aplica\u00e7\u00f5es t\u00edpicas:<\/h3>\n<p>Ind\u00fastria pesada: laminadores metal\u00fargicos, moinhos verticais<\/p>\n<p>Equipamento energ\u00e9tico: turbinas, eixos principais de turbinas e\u00f3licas<\/p>\n<p>Propuls\u00e3o de navios: sistema de propuls\u00e3o por h\u00e9lice<\/p>\n<p>Grande transmiss\u00e3o: m\u00e1quinas mineiras, gruas portu\u00e1rias<\/p>\n<h3>Principais vantagens:<\/h3>\n<p>Carga elevada bidirecional: capacidade de carga axial de 5000kN+, muito superior aos rolamentos axiais de esferas<\/p>\n<p>Auto-alinhamento inteligente: corrige automaticamente a deflex\u00e3o da instala\u00e7\u00e3o e reduz a tens\u00e3o nos bordos<\/p>\n<p>Conce\u00e7\u00e3o resistente ao impacto: os rolos de tambor dispersam a vibra\u00e7\u00e3o e adaptam-se a condi\u00e7\u00f5es de trabalho dif\u00edceis, tais como minas\/metalurgia<\/p>\n<p>Longa vida \u00fatil: distribui\u00e7\u00e3o optimizada da tens\u00e3o de contacto, vida \u00fatil L10 aumentada em 30%+<\/p>\n<p>Lubrifica\u00e7\u00e3o flex\u00edvel: suporta lubrifica\u00e7\u00e3o com massa ou circula\u00e7\u00e3o de \u00f3leo a alta press\u00e3o, adaptando-se a cen\u00e1rios de alta velocidade e alta temperatura<\/p>","protected":false},"featured_media":10163,"template":"","meta":{"_et_pb_use_builder":"","_et_pb_old_content":"","_et_gb_content_width":""},"product_cat":[240,251],"product_tag":[289],"yoast_head":"<!-- This site is optimized with the Yoast SEO plugin v23.0 - https:\/\/yoast.com\/wordpress\/plugins\/seo\/ -->\n<title>China Wholesale Double direction thrust spherical roller bearings Supplier - Comdale Bearing<\/title>\n<meta name=\"description\" content=\"As Professional Double direction thrust spherical roller bearings distributor , Comdale supply Roller Bearings, Ball Bearings, Plain Bearing, Slewing Ring Bearings, Combined Bearings, Linear Bearings\" \/>\n<meta name=\"robots\" content=\"index, follow, max-snippet:-1, max-image-preview:large, max-video-preview:-1\" \/>\n<link rel=\"canonical\" href=\"https:\/\/www.skf-eu.com\/pt\/produto\/double-direction-thrust-spherical-roller-bearings\/\" \/>\n<meta property=\"og:locale\" content=\"pt_PT\" \/>\n<meta property=\"og:type\" content=\"article\" \/>\n<meta property=\"og:title\" content=\"China Wholesale Double direction thrust spherical roller bearings Supplier - Comdale Bearing\" \/>\n<meta property=\"og:description\" content=\"As Professional Double direction thrust spherical roller bearings distributor , Comdale supply Roller Bearings, Ball Bearings, Plain Bearing, Slewing Ring Bearings, Combined Bearings, Linear Bearings\" \/>\n<meta property=\"og:url\" content=\"https:\/\/www.skf-eu.com\/pt\/produto\/double-direction-thrust-spherical-roller-bearings\/\" \/>\n<meta property=\"og:site_name\" content=\"Comdale Bearing\" \/>\n<meta property=\"article:modified_time\" content=\"2025-05-22T01:19:06+00:00\" \/>\n<meta property=\"og:image\" content=\"https:\/\/www.skf-eu.com\/wp-content\/uploads\/2025\/05\/Double-direction-thrust-spherical-roller-bearings-1-2.webp\" \/>\n\t<meta property=\"og:image:width\" content=\"800\" \/>\n\t<meta property=\"og:image:height\" content=\"800\" \/>\n\t<meta property=\"og:image:type\" content=\"image\/webp\" \/>\n<meta name=\"twitter:card\" content=\"summary_large_image\" \/>\n<meta name=\"twitter:label1\" content=\"Tempo estimado de leitura\" \/>\n\t<meta name=\"twitter:data1\" content=\"4 minutos\" \/>\n<script type=\"application\/ld+json\" class=\"yoast-schema-graph\">{\"@context\":\"https:\/\/schema.org\",\"@graph\":[{\"@type\":\"WebPage\",\"@id\":\"https:\/\/www.skf-eu.com\/product\/double-direction-thrust-spherical-roller-bearings\/\",\"url\":\"https:\/\/www.skf-eu.com\/product\/double-direction-thrust-spherical-roller-bearings\/\",\"name\":\"China Wholesale Double direction thrust spherical roller bearings Supplier - Comdale Bearing\",\"isPartOf\":{\"@id\":\"https:\/\/www.skf-eu.com\/#website\"},\"primaryImageOfPage\":{\"@id\":\"https:\/\/www.skf-eu.com\/product\/double-direction-thrust-spherical-roller-bearings\/#primaryimage\"},\"image\":{\"@id\":\"https:\/\/www.skf-eu.com\/product\/double-direction-thrust-spherical-roller-bearings\/#primaryimage\"},\"thumbnailUrl\":\"https:\/\/www.skf-eu.com\/wp-content\/uploads\/2025\/05\/Double-direction-thrust-spherical-roller-bearings-1-2.webp\",\"datePublished\":\"2025-05-13T01:11:42+00:00\",\"dateModified\":\"2025-05-22T01:19:06+00:00\",\"description\":\"As Professional Double direction thrust spherical roller bearings distributor , Comdale supply Roller Bearings, Ball Bearings, Plain Bearing, Slewing Ring Bearings, Combined Bearings, Linear Bearings\",\"breadcrumb\":{\"@id\":\"https:\/\/www.skf-eu.com\/product\/double-direction-thrust-spherical-roller-bearings\/#breadcrumb\"},\"inLanguage\":\"pt-PT\",\"potentialAction\":[{\"@type\":\"ReadAction\",\"target\":[\"https:\/\/www.skf-eu.com\/product\/double-direction-thrust-spherical-roller-bearings\/\"]}]},{\"@type\":\"ImageObject\",\"inLanguage\":\"pt-PT\",\"@id\":\"https:\/\/www.skf-eu.com\/product\/double-direction-thrust-spherical-roller-bearings\/#primaryimage\",\"url\":\"https:\/\/www.skf-eu.com\/wp-content\/uploads\/2025\/05\/Double-direction-thrust-spherical-roller-bearings-1-2.webp\",\"contentUrl\":\"https:\/\/www.skf-eu.com\/wp-content\/uploads\/2025\/05\/Double-direction-thrust-spherical-roller-bearings-1-2.webp\",\"width\":800,\"height\":800,\"caption\":\"Double direction thrust spherical roller bearings\"},{\"@type\":\"BreadcrumbList\",\"@id\":\"https:\/\/www.skf-eu.com\/product\/double-direction-thrust-spherical-roller-bearings\/#breadcrumb\",\"itemListElement\":[{\"@type\":\"ListItem\",\"position\":1,\"name\":\"Home\",\"item\":\"https:\/\/www.skf-eu.com\/\"},{\"@type\":\"ListItem\",\"position\":2,\"name\":\"Products\",\"item\":\"https:\/\/www.skf-eu.com\/shop\/\"},{\"@type\":\"ListItem\",\"position\":3,\"name\":\"Double direction thrust spherical roller bearings\"}]},{\"@type\":\"WebSite\",\"@id\":\"https:\/\/www.skf-eu.com\/#website\",\"url\":\"https:\/\/www.skf-eu.com\/\",\"name\":\"Comdale Bearing\",\"description\":\"\",\"publisher\":{\"@id\":\"https:\/\/www.skf-eu.com\/#organization\"},\"potentialAction\":[{\"@type\":\"SearchAction\",\"target\":{\"@type\":\"EntryPoint\",\"urlTemplate\":\"https:\/\/www.skf-eu.com\/?s={search_term_string}\"},\"query-input\":\"required name=search_term_string\"}],\"inLanguage\":\"pt-PT\"},{\"@type\":\"Organization\",\"@id\":\"https:\/\/www.skf-eu.com\/#organization\",\"name\":\"Comdale\uff08HongKong\uff09International Trade Co., Ltd.\",\"url\":\"https:\/\/www.skf-eu.com\/\",\"logo\":{\"@type\":\"ImageObject\",\"inLanguage\":\"pt-PT\",\"@id\":\"https:\/\/www.skf-eu.com\/#\/schema\/logo\/image\/\",\"url\":\"https:\/\/www.skf-eu.com\/wp-content\/uploads\/2024\/12\/cropped-logo.webp\",\"contentUrl\":\"https:\/\/www.skf-eu.com\/wp-content\/uploads\/2024\/12\/cropped-logo.webp\",\"width\":512,\"height\":512,\"caption\":\"Comdale\uff08HongKong\uff09International Trade Co., Ltd.\"},\"image\":{\"@id\":\"https:\/\/www.skf-eu.com\/#\/schema\/logo\/image\/\"}}]}<\/script>\n<!-- \/ Yoast SEO plugin. -->","yoast_head_json":{"title":"China Wholesale Double direction thrust spherical roller bearings Supplier - Comdale Bearing","description":"As Professional Double direction thrust spherical roller bearings distributor , Comdale supply Roller Bearings, Ball Bearings, Plain Bearing, Slewing Ring Bearings, Combined Bearings, Linear Bearings","robots":{"index":"index","follow":"follow","max-snippet":"max-snippet:-1","max-image-preview":"max-image-preview:large","max-video-preview":"max-video-preview:-1"},"canonical":"https:\/\/www.skf-eu.com\/pt\/produto\/double-direction-thrust-spherical-roller-bearings\/","og_locale":"pt_PT","og_type":"article","og_title":"China Wholesale Double direction thrust spherical roller bearings Supplier - Comdale Bearing","og_description":"As Professional Double direction thrust spherical roller bearings distributor , Comdale supply Roller Bearings, Ball Bearings, Plain Bearing, Slewing Ring Bearings, Combined Bearings, Linear Bearings","og_url":"https:\/\/www.skf-eu.com\/pt\/produto\/double-direction-thrust-spherical-roller-bearings\/","og_site_name":"Comdale Bearing","article_modified_time":"2025-05-22T01:19:06+00:00","og_image":[{"width":800,"height":800,"url":"https:\/\/www.skf-eu.com\/wp-content\/uploads\/2025\/05\/Double-direction-thrust-spherical-roller-bearings-1-2.webp","type":"image\/webp"}],"twitter_card":"summary_large_image","twitter_misc":{"Tempo estimado de leitura":"4 minutos"},"schema":{"@context":"https:\/\/schema.org","@graph":[{"@type":"WebPage","@id":"https:\/\/www.skf-eu.com\/product\/double-direction-thrust-spherical-roller-bearings\/","url":"https:\/\/www.skf-eu.com\/product\/double-direction-thrust-spherical-roller-bearings\/","name":"China Wholesale Double direction thrust spherical roller bearings Supplier - Comdale Bearing","isPartOf":{"@id":"https:\/\/www.skf-eu.com\/#website"},"primaryImageOfPage":{"@id":"https:\/\/www.skf-eu.com\/product\/double-direction-thrust-spherical-roller-bearings\/#primaryimage"},"image":{"@id":"https:\/\/www.skf-eu.com\/product\/double-direction-thrust-spherical-roller-bearings\/#primaryimage"},"thumbnailUrl":"https:\/\/www.skf-eu.com\/wp-content\/uploads\/2025\/05\/Double-direction-thrust-spherical-roller-bearings-1-2.webp","datePublished":"2025-05-13T01:11:42+00:00","dateModified":"2025-05-22T01:19:06+00:00","description":"As Professional Double direction thrust spherical roller bearings distributor , Comdale supply Roller Bearings, Ball Bearings, Plain Bearing, Slewing Ring Bearings, Combined Bearings, Linear Bearings","breadcrumb":{"@id":"https:\/\/www.skf-eu.com\/product\/double-direction-thrust-spherical-roller-bearings\/#breadcrumb"},"inLanguage":"pt-PT","potentialAction":[{"@type":"ReadAction","target":["https:\/\/www.skf-eu.com\/product\/double-direction-thrust-spherical-roller-bearings\/"]}]},{"@type":"ImageObject","inLanguage":"pt-PT","@id":"https:\/\/www.skf-eu.com\/product\/double-direction-thrust-spherical-roller-bearings\/#primaryimage","url":"https:\/\/www.skf-eu.com\/wp-content\/uploads\/2025\/05\/Double-direction-thrust-spherical-roller-bearings-1-2.webp","contentUrl":"https:\/\/www.skf-eu.com\/wp-content\/uploads\/2025\/05\/Double-direction-thrust-spherical-roller-bearings-1-2.webp","width":800,"height":800,"caption":"Double direction thrust spherical roller bearings"},{"@type":"BreadcrumbList","@id":"https:\/\/www.skf-eu.com\/product\/double-direction-thrust-spherical-roller-bearings\/#breadcrumb","itemListElement":[{"@type":"ListItem","position":1,"name":"Home","item":"https:\/\/www.skf-eu.com\/"},{"@type":"ListItem","position":2,"name":"Products","item":"https:\/\/www.skf-eu.com\/shop\/"},{"@type":"ListItem","position":3,"name":"Double direction thrust spherical roller bearings"}]},{"@type":"WebSite","@id":"https:\/\/www.skf-eu.com\/#website","url":"https:\/\/www.skf-eu.com\/","name":"Comdale Bearing","description":"","publisher":{"@id":"https:\/\/www.skf-eu.com\/#organization"},"potentialAction":[{"@type":"SearchAction","target":{"@type":"EntryPoint","urlTemplate":"https:\/\/www.skf-eu.com\/?s={search_term_string}"},"query-input":"required name=search_term_string"}],"inLanguage":"pt-PT"},{"@type":"Organization","@id":"https:\/\/www.skf-eu.com\/#organization","name":"Comdale\uff08HongKong\uff09International Trade Co., Ltd.","url":"https:\/\/www.skf-eu.com\/","logo":{"@type":"ImageObject","inLanguage":"pt-PT","@id":"https:\/\/www.skf-eu.com\/#\/schema\/logo\/image\/","url":"https:\/\/www.skf-eu.com\/wp-content\/uploads\/2024\/12\/cropped-logo.webp","contentUrl":"https:\/\/www.skf-eu.com\/wp-content\/uploads\/2024\/12\/cropped-logo.webp","width":512,"height":512,"caption":"Comdale\uff08HongKong\uff09International Trade Co., Ltd."},"image":{"@id":"https:\/\/www.skf-eu.com\/#\/schema\/logo\/image\/"}}]}},"_links":{"self":[{"href":"https:\/\/www.skf-eu.com\/pt\/wp-json\/wp\/v2\/product\/9972"}],"collection":[{"href":"https:\/\/www.skf-eu.com\/pt\/wp-json\/wp\/v2\/product"}],"about":[{"href":"https:\/\/www.skf-eu.com\/pt\/wp-json\/wp\/v2\/types\/product"}],"wp:featuredmedia":[{"embeddable":true,"href":"https:\/\/www.skf-eu.com\/pt\/wp-json\/wp\/v2\/media\/10163"}],"wp:attachment":[{"href":"https:\/\/www.skf-eu.com\/pt\/wp-json\/wp\/v2\/media?parent=9972"}],"wp:term":[{"taxonomy":"product_cat","embeddable":true,"href":"https:\/\/www.skf-eu.com\/pt\/wp-json\/wp\/v2\/product_cat?post=9972"},{"taxonomy":"product_tag","embeddable":true,"href":"https:\/\/www.skf-eu.com\/pt\/wp-json\/wp\/v2\/product_tag?post=9972"}],"curies":[{"name":"wp","href":"https:\/\/api.w.org\/{rel}","templated":true}]}}