{"id":9939,"date":"2025-04-25T01:23:57","date_gmt":"2025-04-25T01:23:57","guid":{"rendered":"https:\/\/www.skf-eu.com\/?post_type=product&#038;p=9939"},"modified":"2025-04-25T01:58:20","modified_gmt":"2025-04-25T01:58:20","slug":"magnetic-levitation-linear-bearings","status":"publish","type":"product","link":"https:\/\/www.skf-eu.com\/pt\/produto\/magnetic-levitation-linear-bearings\/","title":{"rendered":"Rolamentos lineares de levita\u00e7\u00e3o magn\u00e9tica"},"content":{"rendered":"<h2><strong>Introdu\u00e7\u00e3o \u00e0 tecnologia de rolamentos lineares de levita\u00e7\u00e3o magn\u00e9tica<\/strong><\/h2>\n<p>A chumaceira linear de levita\u00e7\u00e3o magn\u00e9tica \u00e9 uma tecnologia de chumaceira topo de gama que permite a suspens\u00e3o sem contacto e o movimento linear com base na for\u00e7a electromagn\u00e9tica. Utiliza o controlo do campo eletromagn\u00e9tico para manter um espa\u00e7o de ar ao n\u00edvel de um m\u00edcron entre as pe\u00e7as m\u00f3veis e a via fixa, eliminando completamente a fric\u00e7\u00e3o mec\u00e2nica, e \u00e9 adequado para cen\u00e1rios de aplica\u00e7\u00e3o que requerem velocidade ultra-alta, precis\u00e3o ultra-alta e ambiente limpo.<\/p>\n<p><img loading=\"lazy\" decoding=\"async\" class=\"size-full wp-image-9943 aligncenter\" data-src=\"https:\/\/www.skf-eu.com\/wp-content\/uploads\/2025\/04\/Magnetic-Levitation-Linear-Bearing-for-Laser-Cutting.webp\" alt=\"Magnetic Levitation Linear Bearings\" width=\"960\" height=\"640\" srcset=\"https:\/\/www.skf-eu.com\/wp-content\/uploads\/2025\/04\/Magnetic-Levitation-Linear-Bearing-for-Laser-Cutting.webp 960w, https:\/\/www.skf-eu.com\/wp-content\/uploads\/2025\/04\/Magnetic-Levitation-Linear-Bearing-for-Laser-Cutting-480x320.webp 480w\" sizes=\"(min-width: 0px) and (max-width: 480px) 480px, (min-width: 481px) 960px, 100vw\" \/><\/p>\n<h3><strong>1. Principais carater\u00edsticas e vantagens<\/strong><\/h3>\n<p>Atrito zero: sem contacto mec\u00e2nico, sem desgaste, vida \u00fatil extremamente longa<br \/>\nPrecis\u00e3o ultra-alta: a precis\u00e3o de posicionamento pode atingir \u00b1 0,1\u03bcm, precis\u00e3o de repetibilidade \u00b1 0,01\u03bcm<br \/>\nVelocidade ultra-alta: a velocidade pode atingir 5~20m\/s (excedendo em muito os fusos de esferas e as guias tradicionais)<br \/>\nSem manuten\u00e7\u00e3o: n\u00e3o necessita de lubrifica\u00e7\u00e3o, reduzindo o tempo de inatividade<br \/>\nBaixa vibra\u00e7\u00e3o e sil\u00eancio: sem colis\u00e3o mec\u00e2nica, funcionamento suave<br \/>\nAplic\u00e1vel a ambientes limpos: sem polui\u00e7\u00e3o de part\u00edculas, adequado para as ind\u00fastrias de semicondutores, \u00f3tica e m\u00e9dica<\/p>\n<h3><strong>2. Compara\u00e7\u00e3o dos principais modelos e par\u00e2metros do produto<\/strong><\/h3>\n<p>Modelo Marca Carga m\u00e1xima (N) Velocidade m\u00e1xima (m\/s) Precis\u00e3o (\u03bcm) Temperatura aplic\u00e1vel Aplica\u00e7\u00e3o t\u00edpica<br \/>\nMLX-200 Siemens 500 10 \u00b10,1 0~50\u00b0C Manuseamento de bolachas semicondutoras<br \/>\nLMG-150 Fanuc 300 15 \u00b10,05 5~40\u00b0C M\u00e1quinas-ferramentas CNC de alta precis\u00e3o<br \/>\nMagLev-300 Bosch 800 8 \u00b10,2 -10~60\u00b0C Acionamento de comboios Maglev<br \/>\nAirCore-100 Aerotech 200 20 \u00b10,01 10~30\u00b0C Sistema de posicionamento \u00f3tico de precis\u00e3o<br \/>\nNSK MagRail NSK 1000 5 \u00b10,3 -20~70\u00b0C Automa\u00e7\u00e3o industrial linha transportadora de alta velocidade<br \/>\nNota: Os par\u00e2metros dos diferentes fabricantes podem variar devido aos sistemas de controlo e aos m\u00e9todos de arrefecimento (como arrefecimento a ar\/arrefecimento a \u00e1gua).<\/p>\n<h3><strong>3. An\u00e1lise da aplica\u00e7\u00e3o do produto<\/strong><\/h3>\n<p>(1) Fabrico de semicondutores<br \/>\nAplica\u00e7\u00e3o: manuseamento de bolachas, bancada de trabalho de m\u00e1quinas de fotolitografia<br \/>\nVantagens: sem polui\u00e7\u00e3o vibrat\u00f3ria, posicionamento ao n\u00edvel nanom\u00e9trico, melhor rendimento<br \/>\n(2) M\u00e1quinas-ferramentas de precis\u00e3o e equipamento de medi\u00e7\u00e3o<br \/>\nAplica\u00e7\u00e3o: torno de ultra-precis\u00e3o, m\u00e1quina de medi\u00e7\u00e3o de tr\u00eas coordenadas<br \/>\nVantagens: folga zero, repetibilidade ultra-elevada<br \/>\n(3) Sistema de transporte por levita\u00e7\u00e3o magn\u00e9tica<br \/>\nAplica\u00e7\u00e3o: comboio maglev (como o Shanghai Maglev), linha de triagem log\u00edstica<br \/>\nVantagens: alta velocidade, baixo consumo de energia, livre de manuten\u00e7\u00e3o<br \/>\n(4) Processamento \u00f3tico e laser<br \/>\nAplica\u00e7\u00e3o: corte a laser, plataforma de calibra\u00e7\u00e3o \u00f3tica<br \/>\nVantagens: n\u00e3o h\u00e1 desvios de fric\u00e7\u00e3o, garante a estabilidade do feixe<br \/>\n(5) Equipamento m\u00e9dico<br \/>\nAplica\u00e7\u00e3o: rob\u00f4 cir\u00fargico, equipamento de resson\u00e2ncia magn\u00e9tica<br \/>\nVantagens: sem interfer\u00eancias met\u00e1licas, funcionamento silencioso<\/p>\n<h3><strong>4. Resumo e FAQ<\/strong><\/h3>\n<p>Q1: O rolamento de levita\u00e7\u00e3o magn\u00e9tica necessita de manuten\u00e7\u00e3o?<br \/>\nR: Basicamente n\u00e3o necessita de manuten\u00e7\u00e3o, mas a bobina electromagn\u00e9tica e o estado do sensor t\u00eam de ser verificados regularmente.<br \/>\nQ2: Em compara\u00e7\u00e3o com as guias lineares tradicionais, quais s\u00e3o as desvantagens dos rolamentos de levita\u00e7\u00e3o magn\u00e9tica?<br \/>\nR: O custo \u00e9 elevado (cerca de 5 a 10 vezes) e \u00e9 necess\u00e1rio um sistema de controlo de precis\u00e3o (como o ajuste PID).<\/p>\n<p>Q3: Qual \u00e9 a vida \u00fatil do rolamento linear de levita\u00e7\u00e3o magn\u00e9tica?<\/p>\n<p>R: A vida \u00fatil te\u00f3rica \u00e9 de &gt;100.000 horas (sem desgaste mec\u00e2nico) e a vida \u00fatil real depende do envelhecimento dos componentes electr\u00f3nicos.<\/p>\n<p>Q4: \u00c9 adequado para cen\u00e1rios de carga elevada?<\/p>\n<p>R: A carga do modelo comercial atual \u00e9 geralmente &lt;1 tonelada e as sobrecargas ainda requerem assist\u00eancia hidr\u00e1ulica ou mec\u00e2nica dos rolamentos.<\/p>\n<p>Q5: Tend\u00eancias futuras de desenvolvimento?<\/p>\n<p>R: Maior carga (como os bra\u00e7os rob\u00f3ticos industriais), menor consumo de energia (suspens\u00e3o magn\u00e9tica supercondutora) e controlo mais inteligente (ajuste din\u00e2mico da IA).<\/p>\n<h3><strong>5. Conclus\u00e3o<\/strong><\/h3>\n<p>Os rolamentos lineares de levita\u00e7\u00e3o magn\u00e9tica s\u00e3o uma tecnologia-chave na ind\u00fastria transformadora de topo de gama, especialmente adequada para requisitos de ultra-precis\u00e3o, velocidade ultra-alta e ambiente limpo. Apesar do custo elevado, a sua natureza insubstitu\u00edvel nos dom\u00ednios dos semicondutores, da \u00f3tica e dos cuidados m\u00e9dicos conduziu a um crescimento cont\u00ednuo do mercado. No futuro, com o desenvolvimento de materiais supercondutores e de tecnologia de controlo inteligente, o seu \u00e2mbito de aplica\u00e7\u00e3o ser\u00e1 ainda mais alargado.<\/p>\n<p><img loading=\"lazy\" decoding=\"async\" class=\"size-full wp-image-9944 aligncenter\" data-src=\"https:\/\/www.skf-eu.com\/wp-content\/uploads\/2025\/04\/Magnetic-Levitation-Linear-Bearing.webp\" alt=\"Magnetic Levitation Linear Bearings\" width=\"800\" height=\"539\" srcset=\"https:\/\/www.skf-eu.com\/wp-content\/uploads\/2025\/04\/Magnetic-Levitation-Linear-Bearing.webp 800w, https:\/\/www.skf-eu.com\/wp-content\/uploads\/2025\/04\/Magnetic-Levitation-Linear-Bearing-480x323.webp 480w\" sizes=\"(min-width: 0px) and (max-width: 480px) 480px, (min-width: 481px) 800px, 100vw\" \/><\/p>","protected":false},"excerpt":{"rendered":"<p>Principais vantagens do rolamento linear de levita\u00e7\u00e3o magn\u00e9tica<\/p>\n<p>Fric\u00e7\u00e3o zero: sem desgaste, vida \u00fatil extremamente longa<br \/>\n\u2705 Precis\u00e3o ultra-alta: exatid\u00e3o de posicionamento at\u00e9 \u00b10,1\u03bcm<br \/>\nVelocidade ultra-alta: velocidade at\u00e9 5~20m\/s<br \/>\nSem manuten\u00e7\u00e3o: n\u00e3o necessita de lubrifica\u00e7\u00e3o<br \/>\nLimpo e sem polui\u00e7\u00e3o: adequado para as ind\u00fastrias de semicondutores e m\u00e9dica<\/p>\n<p>Aplica\u00e7\u00f5es t\u00edpicas<br \/>\nSemicondutores: manuseamento de bolachas, m\u00e1quinas de fotolitografia<\/p>\n<p>M\u00e1quinas-ferramentas de precis\u00e3o: equipamentos de processamento de n\u00edvel nano<\/p>\n<p>Transporte por suspens\u00e3o magn\u00e9tica: linhas de triagem log\u00edstica de alta velocidade<\/p>\n<p>Sistemas \u00f3pticos: corte a laser, posicionamento de precis\u00e3o<\/p>\n<p>Equipamento m\u00e9dico: Resson\u00e2ncia magn\u00e9tica, robots cir\u00fargicos<\/p>","protected":false},"featured_media":9940,"template":"","meta":{"_et_pb_use_builder":"","_et_pb_old_content":"","_et_gb_content_width":""},"product_cat":[280,253],"product_tag":[],"yoast_head":"<!-- This site is optimized with the Yoast SEO plugin v23.0 - https:\/\/yoast.com\/wordpress\/plugins\/seo\/ -->\n<title>China Wholesale Magnetic Levitation Linear Bearings Supplier - Comdale Bearing<\/title>\n<meta name=\"description\" content=\"As Professional Magnetic Levitation Linear Bearings distributor , Comdale supply Roller Bearings, Ball Bearings, Plain Bearing, Slewing Ring Bearings, Combined Bearings, Linear Bearings\" \/>\n<meta name=\"robots\" content=\"index, follow, max-snippet:-1, max-image-preview:large, max-video-preview:-1\" \/>\n<link rel=\"canonical\" href=\"https:\/\/www.skf-eu.com\/pt\/produto\/magnetic-levitation-linear-bearings\/\" \/>\n<meta property=\"og:locale\" content=\"pt_PT\" \/>\n<meta property=\"og:type\" content=\"article\" \/>\n<meta property=\"og:title\" content=\"China Wholesale Magnetic Levitation Linear Bearings Supplier - Comdale Bearing\" \/>\n<meta property=\"og:description\" content=\"As Professional Magnetic Levitation Linear Bearings distributor , Comdale supply Roller Bearings, Ball Bearings, Plain Bearing, Slewing Ring Bearings, Combined Bearings, Linear Bearings\" \/>\n<meta property=\"og:url\" content=\"https:\/\/www.skf-eu.com\/pt\/produto\/magnetic-levitation-linear-bearings\/\" \/>\n<meta property=\"og:site_name\" content=\"Comdale Bearing\" \/>\n<meta property=\"article:modified_time\" content=\"2025-04-25T01:58:20+00:00\" \/>\n<meta property=\"og:image\" content=\"https:\/\/www.skf-eu.com\/wp-content\/uploads\/2025\/04\/Magnetic-Levitation-Linear-Bearings-2.webp\" \/>\n\t<meta property=\"og:image:width\" content=\"550\" \/>\n\t<meta property=\"og:image:height\" content=\"500\" \/>\n\t<meta property=\"og:image:type\" content=\"image\/webp\" \/>\n<meta name=\"twitter:card\" content=\"summary_large_image\" \/>\n<meta name=\"twitter:label1\" content=\"Tempo estimado de leitura\" \/>\n\t<meta name=\"twitter:data1\" content=\"3 minutos\" \/>\n<script type=\"application\/ld+json\" class=\"yoast-schema-graph\">{\"@context\":\"https:\/\/schema.org\",\"@graph\":[{\"@type\":\"WebPage\",\"@id\":\"https:\/\/www.skf-eu.com\/product\/magnetic-levitation-linear-bearings\/\",\"url\":\"https:\/\/www.skf-eu.com\/product\/magnetic-levitation-linear-bearings\/\",\"name\":\"China Wholesale Magnetic Levitation Linear Bearings Supplier - Comdale Bearing\",\"isPartOf\":{\"@id\":\"https:\/\/www.skf-eu.com\/#website\"},\"primaryImageOfPage\":{\"@id\":\"https:\/\/www.skf-eu.com\/product\/magnetic-levitation-linear-bearings\/#primaryimage\"},\"image\":{\"@id\":\"https:\/\/www.skf-eu.com\/product\/magnetic-levitation-linear-bearings\/#primaryimage\"},\"thumbnailUrl\":\"https:\/\/www.skf-eu.com\/wp-content\/uploads\/2025\/04\/Magnetic-Levitation-Linear-Bearings-2.webp\",\"datePublished\":\"2025-04-25T01:23:57+00:00\",\"dateModified\":\"2025-04-25T01:58:20+00:00\",\"description\":\"As Professional Magnetic Levitation Linear Bearings distributor , Comdale supply Roller Bearings, Ball Bearings, Plain Bearing, Slewing Ring Bearings, Combined Bearings, Linear Bearings\",\"breadcrumb\":{\"@id\":\"https:\/\/www.skf-eu.com\/product\/magnetic-levitation-linear-bearings\/#breadcrumb\"},\"inLanguage\":\"pt-PT\",\"potentialAction\":[{\"@type\":\"ReadAction\",\"target\":[\"https:\/\/www.skf-eu.com\/product\/magnetic-levitation-linear-bearings\/\"]}]},{\"@type\":\"ImageObject\",\"inLanguage\":\"pt-PT\",\"@id\":\"https:\/\/www.skf-eu.com\/product\/magnetic-levitation-linear-bearings\/#primaryimage\",\"url\":\"https:\/\/www.skf-eu.com\/wp-content\/uploads\/2025\/04\/Magnetic-Levitation-Linear-Bearings-2.webp\",\"contentUrl\":\"https:\/\/www.skf-eu.com\/wp-content\/uploads\/2025\/04\/Magnetic-Levitation-Linear-Bearings-2.webp\",\"width\":550,\"height\":500,\"caption\":\"Magnetic Levitation Linear Bearings\"},{\"@type\":\"BreadcrumbList\",\"@id\":\"https:\/\/www.skf-eu.com\/product\/magnetic-levitation-linear-bearings\/#breadcrumb\",\"itemListElement\":[{\"@type\":\"ListItem\",\"position\":1,\"name\":\"Home\",\"item\":\"https:\/\/www.skf-eu.com\/\"},{\"@type\":\"ListItem\",\"position\":2,\"name\":\"Products\",\"item\":\"https:\/\/www.skf-eu.com\/shop\/\"},{\"@type\":\"ListItem\",\"position\":3,\"name\":\"Magnetic Levitation Linear Bearings\"}]},{\"@type\":\"WebSite\",\"@id\":\"https:\/\/www.skf-eu.com\/#website\",\"url\":\"https:\/\/www.skf-eu.com\/\",\"name\":\"Comdale Bearing\",\"description\":\"\",\"publisher\":{\"@id\":\"https:\/\/www.skf-eu.com\/#organization\"},\"potentialAction\":[{\"@type\":\"SearchAction\",\"target\":{\"@type\":\"EntryPoint\",\"urlTemplate\":\"https:\/\/www.skf-eu.com\/?s={search_term_string}\"},\"query-input\":\"required name=search_term_string\"}],\"inLanguage\":\"pt-PT\"},{\"@type\":\"Organization\",\"@id\":\"https:\/\/www.skf-eu.com\/#organization\",\"name\":\"Comdale\uff08HongKong\uff09International Trade Co., Ltd.\",\"url\":\"https:\/\/www.skf-eu.com\/\",\"logo\":{\"@type\":\"ImageObject\",\"inLanguage\":\"pt-PT\",\"@id\":\"https:\/\/www.skf-eu.com\/#\/schema\/logo\/image\/\",\"url\":\"https:\/\/www.skf-eu.com\/wp-content\/uploads\/2024\/12\/cropped-logo.webp\",\"contentUrl\":\"https:\/\/www.skf-eu.com\/wp-content\/uploads\/2024\/12\/cropped-logo.webp\",\"width\":512,\"height\":512,\"caption\":\"Comdale\uff08HongKong\uff09International Trade Co., Ltd.\"},\"image\":{\"@id\":\"https:\/\/www.skf-eu.com\/#\/schema\/logo\/image\/\"}}]}<\/script>\n<!-- \/ Yoast SEO plugin. -->","yoast_head_json":{"title":"China Wholesale Magnetic Levitation Linear Bearings Supplier - Comdale Bearing","description":"As Professional Magnetic Levitation Linear Bearings distributor , Comdale supply Roller Bearings, Ball Bearings, Plain Bearing, Slewing Ring Bearings, Combined Bearings, Linear Bearings","robots":{"index":"index","follow":"follow","max-snippet":"max-snippet:-1","max-image-preview":"max-image-preview:large","max-video-preview":"max-video-preview:-1"},"canonical":"https:\/\/www.skf-eu.com\/pt\/produto\/magnetic-levitation-linear-bearings\/","og_locale":"pt_PT","og_type":"article","og_title":"China Wholesale Magnetic Levitation Linear Bearings Supplier - Comdale Bearing","og_description":"As Professional Magnetic Levitation Linear Bearings distributor , Comdale supply Roller Bearings, Ball Bearings, Plain Bearing, Slewing Ring Bearings, Combined Bearings, Linear Bearings","og_url":"https:\/\/www.skf-eu.com\/pt\/produto\/magnetic-levitation-linear-bearings\/","og_site_name":"Comdale Bearing","article_modified_time":"2025-04-25T01:58:20+00:00","og_image":[{"width":550,"height":500,"url":"https:\/\/www.skf-eu.com\/wp-content\/uploads\/2025\/04\/Magnetic-Levitation-Linear-Bearings-2.webp","type":"image\/webp"}],"twitter_card":"summary_large_image","twitter_misc":{"Tempo estimado de leitura":"3 minutos"},"schema":{"@context":"https:\/\/schema.org","@graph":[{"@type":"WebPage","@id":"https:\/\/www.skf-eu.com\/product\/magnetic-levitation-linear-bearings\/","url":"https:\/\/www.skf-eu.com\/product\/magnetic-levitation-linear-bearings\/","name":"China Wholesale Magnetic Levitation Linear Bearings Supplier - Comdale Bearing","isPartOf":{"@id":"https:\/\/www.skf-eu.com\/#website"},"primaryImageOfPage":{"@id":"https:\/\/www.skf-eu.com\/product\/magnetic-levitation-linear-bearings\/#primaryimage"},"image":{"@id":"https:\/\/www.skf-eu.com\/product\/magnetic-levitation-linear-bearings\/#primaryimage"},"thumbnailUrl":"https:\/\/www.skf-eu.com\/wp-content\/uploads\/2025\/04\/Magnetic-Levitation-Linear-Bearings-2.webp","datePublished":"2025-04-25T01:23:57+00:00","dateModified":"2025-04-25T01:58:20+00:00","description":"As Professional Magnetic Levitation Linear Bearings distributor , Comdale supply Roller Bearings, Ball Bearings, Plain Bearing, Slewing Ring Bearings, Combined Bearings, Linear Bearings","breadcrumb":{"@id":"https:\/\/www.skf-eu.com\/product\/magnetic-levitation-linear-bearings\/#breadcrumb"},"inLanguage":"pt-PT","potentialAction":[{"@type":"ReadAction","target":["https:\/\/www.skf-eu.com\/product\/magnetic-levitation-linear-bearings\/"]}]},{"@type":"ImageObject","inLanguage":"pt-PT","@id":"https:\/\/www.skf-eu.com\/product\/magnetic-levitation-linear-bearings\/#primaryimage","url":"https:\/\/www.skf-eu.com\/wp-content\/uploads\/2025\/04\/Magnetic-Levitation-Linear-Bearings-2.webp","contentUrl":"https:\/\/www.skf-eu.com\/wp-content\/uploads\/2025\/04\/Magnetic-Levitation-Linear-Bearings-2.webp","width":550,"height":500,"caption":"Magnetic Levitation Linear Bearings"},{"@type":"BreadcrumbList","@id":"https:\/\/www.skf-eu.com\/product\/magnetic-levitation-linear-bearings\/#breadcrumb","itemListElement":[{"@type":"ListItem","position":1,"name":"Home","item":"https:\/\/www.skf-eu.com\/"},{"@type":"ListItem","position":2,"name":"Products","item":"https:\/\/www.skf-eu.com\/shop\/"},{"@type":"ListItem","position":3,"name":"Magnetic Levitation Linear Bearings"}]},{"@type":"WebSite","@id":"https:\/\/www.skf-eu.com\/#website","url":"https:\/\/www.skf-eu.com\/","name":"Comdale Bearing","description":"","publisher":{"@id":"https:\/\/www.skf-eu.com\/#organization"},"potentialAction":[{"@type":"SearchAction","target":{"@type":"EntryPoint","urlTemplate":"https:\/\/www.skf-eu.com\/?s={search_term_string}"},"query-input":"required name=search_term_string"}],"inLanguage":"pt-PT"},{"@type":"Organization","@id":"https:\/\/www.skf-eu.com\/#organization","name":"Comdale\uff08HongKong\uff09International Trade Co., Ltd.","url":"https:\/\/www.skf-eu.com\/","logo":{"@type":"ImageObject","inLanguage":"pt-PT","@id":"https:\/\/www.skf-eu.com\/#\/schema\/logo\/image\/","url":"https:\/\/www.skf-eu.com\/wp-content\/uploads\/2024\/12\/cropped-logo.webp","contentUrl":"https:\/\/www.skf-eu.com\/wp-content\/uploads\/2024\/12\/cropped-logo.webp","width":512,"height":512,"caption":"Comdale\uff08HongKong\uff09International Trade Co., Ltd."},"image":{"@id":"https:\/\/www.skf-eu.com\/#\/schema\/logo\/image\/"}}]}},"_links":{"self":[{"href":"https:\/\/www.skf-eu.com\/pt\/wp-json\/wp\/v2\/product\/9939"}],"collection":[{"href":"https:\/\/www.skf-eu.com\/pt\/wp-json\/wp\/v2\/product"}],"about":[{"href":"https:\/\/www.skf-eu.com\/pt\/wp-json\/wp\/v2\/types\/product"}],"wp:featuredmedia":[{"embeddable":true,"href":"https:\/\/www.skf-eu.com\/pt\/wp-json\/wp\/v2\/media\/9940"}],"wp:attachment":[{"href":"https:\/\/www.skf-eu.com\/pt\/wp-json\/wp\/v2\/media?parent=9939"}],"wp:term":[{"taxonomy":"product_cat","embeddable":true,"href":"https:\/\/www.skf-eu.com\/pt\/wp-json\/wp\/v2\/product_cat?post=9939"},{"taxonomy":"product_tag","embeddable":true,"href":"https:\/\/www.skf-eu.com\/pt\/wp-json\/wp\/v2\/product_tag?post=9939"}],"curies":[{"name":"wp","href":"https:\/\/api.w.org\/{rel}","templated":true}]}}