{"id":9675,"date":"2025-03-07T01:11:06","date_gmt":"2025-03-07T01:11:06","guid":{"rendered":"https:\/\/www.skf-eu.com\/?page_id=9675"},"modified":"2025-08-19T09:42:30","modified_gmt":"2025-08-19T09:42:30","slug":"nsk-photos","status":"publish","type":"page","link":"https:\/\/www.skf-eu.com\/fr\/nsk-photos\/","title":{"rendered":"Photos NSK"},"content":{"rendered":"<p>[et_pb_section fb_built=&#8221;1&#8243; _builder_version=&#8221;4.21.0&#8243; _module_preset=&#8221;default&#8221; background_enable_color=&#8221;off&#8221; custom_padding=&#8221;35px||0px||false|false&#8221; border_color_bottom=&#8221;#eeeeee&#8221; global_colors_info=&#8221;{}&#8221;][et_pb_row _builder_version=&#8221;4.21.0&#8243; _module_preset=&#8221;default&#8221; custom_padding=&#8221;0px||15px||false|false&#8221; border_width_bottom=&#8221;10px&#8221; border_color_bottom=&#8221;#eeeeee&#8221; global_colors_info=&#8221;{}&#8221;][et_pb_column type=&#8221;4_4&#8243; _builder_version=&#8221;4.21.0&#8243; _module_preset=&#8221;default&#8221; global_colors_info=&#8221;{}&#8221;][dipl_breadcrumb breadcrumb_layout=&#8221;layout2&#8243; separator_text=&#8221;\/&#8221; separator_size=&#8221;18px&#8221; separator_color=&#8221;#888888&#8243; _builder_version=&#8221;4.21.0&#8243; _module_preset=&#8221;default&#8221; global_text_settings_text_align=&#8221;left&#8221; global_text_settings_font_size=&#8221;18px&#8221; text_font=&#8221;||||||||&#8221; text_text_color=&#8221;#000000&#8243; link_text_color=&#8221;#000000&#8243; global_text_settings_font_size_tablet=&#8221;18px&#8221; global_text_settings_font_size_phone=&#8221;14px&#8221; global_text_settings_font_size_last_edited=&#8221;on|phone&#8221; global_colors_info=&#8221;{}&#8221;][\/dipl_breadcrumb][\/et_pb_column][\/et_pb_row][et_pb_row custom_padding_last_edited=&#8221;on|phone&#8221; module_id=&#8221;wu&#8221; _builder_version=&#8221;4.21.0&#8243; _module_preset=&#8221;default&#8221; custom_padding=&#8221;||||false|false&#8221; custom_padding_tablet=&#8221;||||false|false&#8221; custom_padding_phone=&#8221;||0px||false|false&#8221; global_colors_info=&#8221;{}&#8221;][et_pb_column type=&#8221;4_4&#8243; _builder_version=&#8221;4.21.0&#8243; _module_preset=&#8221;default&#8221; global_colors_info=&#8221;{}&#8221;][et_pb_text _builder_version=&#8221;4.21.0&#8243; _dynamic_attributes=&#8221;content&#8221; _module_preset=&#8221;default&#8221; header_font=&#8221;|700|||||||&#8221; header_text_align=&#8221;center&#8221; header_text_color=&#8221;#000000&#8243; header_font_size=&#8221;32px&#8221; custom_margin=&#8221;||15px||false|false&#8221; custom_padding=&#8221;||||false|false&#8221; custom_padding_tablet=&#8221;0px||||false|false&#8221; custom_padding_phone=&#8221;0px||||false|false&#8221; custom_padding_last_edited=&#8221;on|tablet&#8221; header_font_size_tablet=&#8221;40px&#8221; header_font_size_phone=&#8221;18px&#8221; header_font_size_last_edited=&#8221;on|phone&#8221; global_colors_info=&#8221;{}&#8221;]@ET-DC@eyJkeW5hbWljIjp0cnVlLCJjb250ZW50IjoicG9zdF90aXRsZSIsInNldHRpbmdzIjp7ImJlZm9yZSI6IjxoMT4iLCJhZnRlciI6IjwvaDE+In19@[\/et_pb_text][et_pb_text _builder_version=&#8221;4.21.0&#8243; _module_preset=&#8221;default&#8221; global_colors_info=&#8221;{}&#8221;]<\/p>\n<p><strong><b>NSK bearings<\/b><\/strong>\u00a0are made of pure materials, have high product precision, and have hundreds of thousands of varieties. With more than 80 years of experience in bearing production, NSK has always maintained a leading edge in technology.<\/p>\n<p>[\/et_pb_text][\/et_pb_column][\/et_pb_row][\/et_pb_section][et_pb_section fb_built=&#8221;1&#8243; _builder_version=&#8221;4.21.0&#8243; _module_preset=&#8221;default&#8221; custom_padding=&#8221;0px||||false|false&#8221; global_colors_info=&#8221;{}&#8221;][et_pb_row column_structure=&#8221;1_4,1_4,1_4,1_4&#8243; use_custom_gutter=&#8221;on&#8221; _builder_version=&#8221;4.21.0&#8243; _module_preset=&#8221;default&#8221; custom_padding=&#8221;0px||||false|false&#8221; global_colors_info=&#8221;{}&#8221;][et_pb_column type=&#8221;1_4&#8243; _builder_version=&#8221;4.21.0&#8243; _module_preset=&#8221;default&#8221; global_colors_info=&#8221;{}&#8221;][et_pb_image src=&#8221;https:\/\/www.skf-eu.com\/wp-content\/uploads\/2025\/03\/NSK-Bearing-1.jpg&#8221; title_text=&#8221;NSK Bearing-1&#8243; _builder_version=&#8221;4.21.0&#8243; _module_preset=&#8221;default&#8221; global_colors_info=&#8221;{}&#8221;][\/et_pb_image][\/et_pb_column][et_pb_column type=&#8221;1_4&#8243; _builder_version=&#8221;4.21.0&#8243; _module_preset=&#8221;default&#8221; global_colors_info=&#8221;{}&#8221;][et_pb_image src=&#8221;https:\/\/www.skf-eu.com\/wp-content\/uploads\/2025\/03\/NSK-Bearing-2.jpg&#8221; title_text=&#8221;NSK Bearing-2&#8243; _builder_version=&#8221;4.21.0&#8243; _module_preset=&#8221;default&#8221; global_colors_info=&#8221;{}&#8221;][\/et_pb_image][\/et_pb_column][et_pb_column type=&#8221;1_4&#8243; _builder_version=&#8221;4.21.0&#8243; _module_preset=&#8221;default&#8221; global_colors_info=&#8221;{}&#8221;][et_pb_image src=&#8221;https:\/\/www.skf-eu.com\/wp-content\/uploads\/2025\/03\/NSK-Bearings-1.jpg&#8221; title_text=&#8221;NSK Bearings-1&#8243; _builder_version=&#8221;4.21.0&#8243; _module_preset=&#8221;default&#8221; global_colors_info=&#8221;{}&#8221;][\/et_pb_image][\/et_pb_column][et_pb_column type=&#8221;1_4&#8243; _builder_version=&#8221;4.21.0&#8243; _module_preset=&#8221;default&#8221; global_colors_info=&#8221;{}&#8221;][\/et_pb_column][\/et_pb_row][et_pb_row _builder_version=&#8221;4.21.0&#8243; _module_preset=&#8221;default&#8221; custom_padding=&#8221;||4px|||&#8221; global_colors_info=&#8221;{}&#8221;][et_pb_column type=&#8221;4_4&#8243; _builder_version=&#8221;4.21.0&#8243; _module_preset=&#8221;default&#8221; global_colors_info=&#8221;{}&#8221;][et_pb_code _builder_version=&#8221;4.21.0&#8243; _module_preset=&#8221;default&#8221; global_colors_info=&#8221;{}&#8221; theme_builder_area=&#8221;post_content&#8221;] <!--\u8868\u5355--><!-- [et_pb_line_break_holder] -->             <\/p>\n<section class=\"form-wrap\" style=\"padding:0\"><!-- [et_pb_line_break_holder] -->                   <!-- [et_pb_line_break_holder] -->                    <\/p>\n<ul class=\"formBody\" style=\"padding:0\"><!-- [et_pb_line_break_holder] -->                        <\/p>\n<li><!-- [et_pb_line_break_holder] -->\n<div class=\"formCont\"><!-- [et_pb_line_break_holder] -->                                <\/p>\n<h2>Des solutions professionnelles pour vos roulements<\/h2>\n<p><!-- [et_pb_line_break_holder] -->                                <pee>Que vous ayez besoin de tailles standard ou de sp\u00e9cifications personnalis\u00e9es, nous sommes pr\u00eats \u00e0 soutenir votre projet avec des produits de qualit\u00e9 sup\u00e9rieure et une r\u00e9ponse rapide.<\/pee><!-- [et_pb_line_break_holder] -->                            <\/div>\n<p><!-- [et_pb_line_break_holder] -->                            <!-- [et_pb_line_break_holder] -->                        <\/li>\n<p><!-- [et_pb_line_break_holder] -->                        <\/p>\n<li style=\"background:#fff;    box-shadow: 0 0 18px 0 #eee;\"><!-- [et_pb_line_break_holder] -->                             <div class=\"header_inquiry\" style=\"display: flex; align-items: center; justify-content: center; height: 64vh; background-color: #f1f4f6; width: 100%;\">\n        <div id=\"header_inquiry-form\" style=\"border:1px solid #bfbfbf; padding: 2em; padding-top:2.625em;width: 84%; background-color: #fff;\">\n\n            <div style=\"background-color: #013e5a; color: #fff; padding: 1em; border-radius: 5px; margin-bottom: 2em; text-align: center;\">\n                <h2 style=\"margin: 0; color: #fff;\">Laissez votre message<\/h2>\n            <\/div>\n\n            <form id=\"header_inquiry-form-content\" action=\"#\" method=\"post\" style=\"color: #666;\" data-trp-original-action=\"#\">\n\n                <input type=\"text\" name=\"title\" id=\"name\" placeholder=\"*Nom...\" required style=\"width: 100%; padding: 1em; margin-bottom: 1em; box-sizing: border-box;\">\n                <input type=\"email\" name=\"email\" id=\"email\" placeholder=\"*Email (Nous vous r\u00e9pondrons par email dans les 24 heures)\" required style=\"width: 100%; padding: 1em; margin-bottom: 1em; box-sizing: border-box;\">\n                <input type=\"text\" name=\"telephone\" id=\"phone\" placeholder=\"*T\u00e9l\u00e9phone\/WhatsApp\/WeChat (tr\u00e8s important)\" required style=\"width: 100%; padding: 1em; margin-bottom: 1em; box-sizing: border-box;\">\n                <textarea name=\"message\" id=\"details\" rows=\"4\" placeholder=\"*Les d\u00e9tails de l&#039;en-t\u00eate, tels que la taille, la couleur, les mat\u00e9riaux, etc. et d&#039;autres exigences sp\u00e9cifiques sont \u00e0 saisir pour recevoir un devis pr\u00e9cis.\" style=\"width: 100%; padding: 1em; margin-bottom: 1em; box-sizing: border-box;\"><\/textarea>\n\n                <button type=\"submit\" style=\"background-color: #f28808; color: #fff; padding: 1em 1.5em; border: none; border-radius: 3px; cursor: pointer; width: 100%;\">Envoyer<\/button>\n\n            <input type=\"hidden\" name=\"trp-form-language\" value=\"fr\"\/><\/form>\n\n        <\/div>\n    <\/div>\n    <!-- [et_pb_line_break_holder] -->                            <pee class=\"h4\">Votre vie priv\u00e9e est en s\u00e9curit\u00e9 chez nous<\/pee><!-- [et_pb_line_break_holder] -->                            <pee>Nous garantissons la confidentialit\u00e9 de 100%. Vos informations ne seront jamais partag\u00e9es ou utilis\u00e9es \u00e0 d'autres fins que celle de vous fournir le meilleur service.<\/pee><!-- [et_pb_line_break_holder] -->                        <\/li>\n<p><!-- [et_pb_line_break_holder] -->                        <!-- [et_pb_line_break_holder] -->                    <\/ul>\n<p><!-- [et_pb_line_break_holder] -->                    <!-- [et_pb_line_break_holder] -->                    <!-- [et_pb_line_break_holder] -->                    <!-- [et_pb_line_break_holder] -->                    <!-- [et_pb_line_break_holder] -->             <!-- [et_pb_line_break_holder] -->            <\/section>\n<p>[\/et_pb_code][\/et_pb_column][\/et_pb_row][\/et_pb_section]<\/p>","protected":false},"excerpt":{"rendered":"<p><div class=\"et_pb_module dipl_breadcrumb dipl_breadcrumb_0\">\n\t\t\t\t\n\t\t\t\t\n\t\t\t\t\n\t\t\t\t\n\t\t\t\t\n\t\t\t\t\n\t\t\t\t<div class=\"et_pb_module_inner\">\n\t\t\t\t\t<div class=\"dipl-breadcrumb-wrapper layout2\">\n\t\t\t\t\t\t\t\t<ol class=\"dipl-breadcrumb-inner\" vocab=\"https:\/\/schema.org\/\" typeof=\"BreadcrumbList\">\n\t\t\t\t\t\t\t\t\t<li property=\"itemListElement\" typeof=\"ListItem\" data-icon=\"&#x24;\">\n\t\t\t\t\t\t\t\t\t\t\t\t\t    <a class=\"breadcrumb-item dipl-home-page\" href=\"https:\/\/www.skf-eu.com\/fr\" property=\"item\" typeof=\"WebPage\" >\n\t\t\t\t\t\t\t\t\t\t\t\t\t      \t<span class=\"breadcrumb-page\" property=\"name\">Accueil<\/span>\n\t\t\t\t\t\t\t\t\t\t\t\t\t    <\/a>\n\t\t\t\t\t\t\t\t\t\t\t\t\t    <meta property=\"position\" content=\"1\" \/>\n\t\t\t\t\t\t\t\t\t\t\t\t\t<\/li>\n\t\t\t\t\t\t\t\t<\/ol>\n\t\t\t\t\t\t\t<\/div>\n\t\t\t\t<\/div>\n\t\t\t<\/div>NSK bearings\u00a0are made of pure materials, have high product precision, and have hundreds of thousands of varieties. With more than 80 years of experience in bearing production, NSK has always maintained a leading edge in technology. Professional Bearing Solutions for [&hellip;]<\/p>","protected":false},"author":1,"featured_media":10183,"parent":0,"menu_order":0,"comment_status":"closed","ping_status":"closed","template":"","meta":{"_et_pb_use_builder":"on","_et_pb_old_content":"<!-- wp:divi\/placeholder \/-->","_et_gb_content_width":"","footnotes":""},"yoast_head":"<!-- This site is optimized with the Yoast SEO plugin v23.0 - https:\/\/yoast.com\/wordpress\/plugins\/seo\/ -->\n<title>NSK Bearing Photos \u2013 High-Quality Images for Product Reference<\/title>\n<meta name=\"description\" content=\"xplore a comprehensive collection of high-resolution NSK bearing images from Comdale, showcasing various types and specifications to assist in product selection and technical reference.\" \/>\n<meta name=\"robots\" content=\"index, follow, max-snippet:-1, max-image-preview:large, max-video-preview:-1\" \/>\n<link rel=\"canonical\" href=\"https:\/\/www.skf-eu.com\/fr\/nsk-photos\/\" \/>\n<meta property=\"og:locale\" content=\"fr_FR\" \/>\n<meta property=\"og:type\" content=\"article\" \/>\n<meta property=\"og:title\" content=\"NSK Bearing Photos \u2013 High-Quality Images for Product Reference\" \/>\n<meta property=\"og:description\" content=\"xplore a comprehensive collection of high-resolution NSK bearing images from Comdale, showcasing various types and specifications to assist in product selection and technical reference.\" \/>\n<meta property=\"og:url\" content=\"https:\/\/www.skf-eu.com\/fr\/nsk-photos\/\" \/>\n<meta property=\"og:site_name\" content=\"Comdale Bearing\" \/>\n<meta property=\"article:modified_time\" content=\"2025-08-19T09:42:30+00:00\" \/>\n<meta property=\"og:image\" content=\"https:\/\/www.skf-eu.com\/wp-content\/uploads\/2025\/05\/Double-Direction-Thrust-Ball-Bearings-1.webp\" \/>\n\t<meta property=\"og:image:width\" content=\"1084\" \/>\n\t<meta property=\"og:image:height\" content=\"633\" \/>\n\t<meta property=\"og:image:type\" content=\"image\/webp\" \/>\n<meta name=\"twitter:card\" content=\"summary_large_image\" \/>\n<meta name=\"twitter:label1\" content=\"Dur\u00e9e de lecture estim\u00e9e\" \/>\n\t<meta name=\"twitter:data1\" content=\"2 minutes\" \/>\n<script type=\"application\/ld+json\" class=\"yoast-schema-graph\">{\"@context\":\"https:\/\/schema.org\",\"@graph\":[{\"@type\":\"WebPage\",\"@id\":\"https:\/\/www.skf-eu.com\/nsk-photos\/\",\"url\":\"https:\/\/www.skf-eu.com\/nsk-photos\/\",\"name\":\"NSK Bearing Photos \u2013 High-Quality Images for Product Reference\",\"isPartOf\":{\"@id\":\"https:\/\/www.skf-eu.com\/#website\"},\"primaryImageOfPage\":{\"@id\":\"https:\/\/www.skf-eu.com\/nsk-photos\/#primaryimage\"},\"image\":{\"@id\":\"https:\/\/www.skf-eu.com\/nsk-photos\/#primaryimage\"},\"thumbnailUrl\":\"https:\/\/www.skf-eu.com\/wp-content\/uploads\/2025\/05\/Double-Direction-Thrust-Ball-Bearings-1.webp\",\"datePublished\":\"2025-03-07T01:11:06+00:00\",\"dateModified\":\"2025-08-19T09:42:30+00:00\",\"description\":\"xplore a comprehensive collection of high-resolution NSK bearing images from Comdale, showcasing various types and specifications to assist in product selection and technical reference.\",\"breadcrumb\":{\"@id\":\"https:\/\/www.skf-eu.com\/nsk-photos\/#breadcrumb\"},\"inLanguage\":\"fr-FR\",\"potentialAction\":[{\"@type\":\"ReadAction\",\"target\":[\"https:\/\/www.skf-eu.com\/nsk-photos\/\"]}]},{\"@type\":\"ImageObject\",\"inLanguage\":\"fr-FR\",\"@id\":\"https:\/\/www.skf-eu.com\/nsk-photos\/#primaryimage\",\"url\":\"https:\/\/www.skf-eu.com\/wp-content\/uploads\/2025\/05\/Double-Direction-Thrust-Ball-Bearings-1.webp\",\"contentUrl\":\"https:\/\/www.skf-eu.com\/wp-content\/uploads\/2025\/05\/Double-Direction-Thrust-Ball-Bearings-1.webp\",\"width\":1084,\"height\":633,\"caption\":\"Double-Direction Thrust Ball Bearings\"},{\"@type\":\"BreadcrumbList\",\"@id\":\"https:\/\/www.skf-eu.com\/nsk-photos\/#breadcrumb\",\"itemListElement\":[{\"@type\":\"ListItem\",\"position\":1,\"name\":\"Home\",\"item\":\"https:\/\/www.skf-eu.com\/\"},{\"@type\":\"ListItem\",\"position\":2,\"name\":\"NSK Photos\"}]},{\"@type\":\"WebSite\",\"@id\":\"https:\/\/www.skf-eu.com\/#website\",\"url\":\"https:\/\/www.skf-eu.com\/\",\"name\":\"Comdale Bearing\",\"description\":\"\",\"publisher\":{\"@id\":\"https:\/\/www.skf-eu.com\/#organization\"},\"potentialAction\":[{\"@type\":\"SearchAction\",\"target\":{\"@type\":\"EntryPoint\",\"urlTemplate\":\"https:\/\/www.skf-eu.com\/?s={search_term_string}\"},\"query-input\":\"required name=search_term_string\"}],\"inLanguage\":\"fr-FR\"},{\"@type\":\"Organization\",\"@id\":\"https:\/\/www.skf-eu.com\/#organization\",\"name\":\"Comdale\uff08HongKong\uff09International Trade Co., Ltd.\",\"url\":\"https:\/\/www.skf-eu.com\/\",\"logo\":{\"@type\":\"ImageObject\",\"inLanguage\":\"fr-FR\",\"@id\":\"https:\/\/www.skf-eu.com\/#\/schema\/logo\/image\/\",\"url\":\"https:\/\/www.skf-eu.com\/wp-content\/uploads\/2024\/12\/cropped-logo.webp\",\"contentUrl\":\"https:\/\/www.skf-eu.com\/wp-content\/uploads\/2024\/12\/cropped-logo.webp\",\"width\":512,\"height\":512,\"caption\":\"Comdale\uff08HongKong\uff09International Trade Co., Ltd.\"},\"image\":{\"@id\":\"https:\/\/www.skf-eu.com\/#\/schema\/logo\/image\/\"}}]}<\/script>\n<!-- \/ Yoast SEO plugin. -->","yoast_head_json":{"title":"NSK Bearing Photos \u2013 High-Quality Images for Product Reference","description":"xplore a comprehensive collection of high-resolution NSK bearing images from Comdale, showcasing various types and specifications to assist in product selection and technical reference.","robots":{"index":"index","follow":"follow","max-snippet":"max-snippet:-1","max-image-preview":"max-image-preview:large","max-video-preview":"max-video-preview:-1"},"canonical":"https:\/\/www.skf-eu.com\/fr\/nsk-photos\/","og_locale":"fr_FR","og_type":"article","og_title":"NSK Bearing Photos \u2013 High-Quality Images for Product Reference","og_description":"xplore a comprehensive collection of high-resolution NSK bearing images from Comdale, showcasing various types and specifications to assist in product selection and technical reference.","og_url":"https:\/\/www.skf-eu.com\/fr\/nsk-photos\/","og_site_name":"Comdale Bearing","article_modified_time":"2025-08-19T09:42:30+00:00","og_image":[{"width":1084,"height":633,"url":"https:\/\/www.skf-eu.com\/wp-content\/uploads\/2025\/05\/Double-Direction-Thrust-Ball-Bearings-1.webp","type":"image\/webp"}],"twitter_card":"summary_large_image","twitter_misc":{"Dur\u00e9e de lecture estim\u00e9e":"2 minutes"},"schema":{"@context":"https:\/\/schema.org","@graph":[{"@type":"WebPage","@id":"https:\/\/www.skf-eu.com\/nsk-photos\/","url":"https:\/\/www.skf-eu.com\/nsk-photos\/","name":"NSK Bearing Photos \u2013 High-Quality Images for Product Reference","isPartOf":{"@id":"https:\/\/www.skf-eu.com\/#website"},"primaryImageOfPage":{"@id":"https:\/\/www.skf-eu.com\/nsk-photos\/#primaryimage"},"image":{"@id":"https:\/\/www.skf-eu.com\/nsk-photos\/#primaryimage"},"thumbnailUrl":"https:\/\/www.skf-eu.com\/wp-content\/uploads\/2025\/05\/Double-Direction-Thrust-Ball-Bearings-1.webp","datePublished":"2025-03-07T01:11:06+00:00","dateModified":"2025-08-19T09:42:30+00:00","description":"xplore a comprehensive collection of high-resolution NSK bearing images from Comdale, showcasing various types and specifications to assist in product selection and technical reference.","breadcrumb":{"@id":"https:\/\/www.skf-eu.com\/nsk-photos\/#breadcrumb"},"inLanguage":"fr-FR","potentialAction":[{"@type":"ReadAction","target":["https:\/\/www.skf-eu.com\/nsk-photos\/"]}]},{"@type":"ImageObject","inLanguage":"fr-FR","@id":"https:\/\/www.skf-eu.com\/nsk-photos\/#primaryimage","url":"https:\/\/www.skf-eu.com\/wp-content\/uploads\/2025\/05\/Double-Direction-Thrust-Ball-Bearings-1.webp","contentUrl":"https:\/\/www.skf-eu.com\/wp-content\/uploads\/2025\/05\/Double-Direction-Thrust-Ball-Bearings-1.webp","width":1084,"height":633,"caption":"Double-Direction Thrust Ball Bearings"},{"@type":"BreadcrumbList","@id":"https:\/\/www.skf-eu.com\/nsk-photos\/#breadcrumb","itemListElement":[{"@type":"ListItem","position":1,"name":"Home","item":"https:\/\/www.skf-eu.com\/"},{"@type":"ListItem","position":2,"name":"NSK Photos"}]},{"@type":"WebSite","@id":"https:\/\/www.skf-eu.com\/#website","url":"https:\/\/www.skf-eu.com\/","name":"Comdale Bearing","description":"","publisher":{"@id":"https:\/\/www.skf-eu.com\/#organization"},"potentialAction":[{"@type":"SearchAction","target":{"@type":"EntryPoint","urlTemplate":"https:\/\/www.skf-eu.com\/?s={search_term_string}"},"query-input":"required name=search_term_string"}],"inLanguage":"fr-FR"},{"@type":"Organization","@id":"https:\/\/www.skf-eu.com\/#organization","name":"Comdale\uff08HongKong\uff09International Trade Co., Ltd.","url":"https:\/\/www.skf-eu.com\/","logo":{"@type":"ImageObject","inLanguage":"fr-FR","@id":"https:\/\/www.skf-eu.com\/#\/schema\/logo\/image\/","url":"https:\/\/www.skf-eu.com\/wp-content\/uploads\/2024\/12\/cropped-logo.webp","contentUrl":"https:\/\/www.skf-eu.com\/wp-content\/uploads\/2024\/12\/cropped-logo.webp","width":512,"height":512,"caption":"Comdale\uff08HongKong\uff09International Trade Co., Ltd."},"image":{"@id":"https:\/\/www.skf-eu.com\/#\/schema\/logo\/image\/"}}]}},"_links":{"self":[{"href":"https:\/\/www.skf-eu.com\/fr\/wp-json\/wp\/v2\/pages\/9675"}],"collection":[{"href":"https:\/\/www.skf-eu.com\/fr\/wp-json\/wp\/v2\/pages"}],"about":[{"href":"https:\/\/www.skf-eu.com\/fr\/wp-json\/wp\/v2\/types\/page"}],"author":[{"embeddable":true,"href":"https:\/\/www.skf-eu.com\/fr\/wp-json\/wp\/v2\/users\/1"}],"replies":[{"embeddable":true,"href":"https:\/\/www.skf-eu.com\/fr\/wp-json\/wp\/v2\/comments?post=9675"}],"version-history":[{"count":6,"href":"https:\/\/www.skf-eu.com\/fr\/wp-json\/wp\/v2\/pages\/9675\/revisions"}],"predecessor-version":[{"id":10596,"href":"https:\/\/www.skf-eu.com\/fr\/wp-json\/wp\/v2\/pages\/9675\/revisions\/10596"}],"wp:featuredmedia":[{"embeddable":true,"href":"https:\/\/www.skf-eu.com\/fr\/wp-json\/wp\/v2\/media\/10183"}],"wp:attachment":[{"href":"https:\/\/www.skf-eu.com\/fr\/wp-json\/wp\/v2\/media?parent=9675"}],"curies":[{"name":"wp","href":"https:\/\/api.w.org\/{rel}","templated":true}]}}