{"id":9673,"date":"2025-03-07T01:10:39","date_gmt":"2025-03-07T01:10:39","guid":{"rendered":"https:\/\/www.skf-eu.com\/?page_id=9673"},"modified":"2025-08-19T09:42:16","modified_gmt":"2025-08-19T09:42:16","slug":"jtekt","status":"publish","type":"page","link":"https:\/\/www.skf-eu.com\/fr\/jtekt\/","title":{"rendered":"Photos JTEKT"},"content":{"rendered":"<p>[et_pb_section fb_built=&#8221;1&#8243; _builder_version=&#8221;4.21.0&#8243; _module_preset=&#8221;default&#8221; background_enable_color=&#8221;off&#8221; custom_padding=&#8221;35px||0px||false|false&#8221; border_color_bottom=&#8221;#eeeeee&#8221; global_colors_info=&#8221;{}&#8221;][et_pb_row _builder_version=&#8221;4.21.0&#8243; _module_preset=&#8221;default&#8221; custom_padding=&#8221;0px||15px||false|false&#8221; border_width_bottom=&#8221;10px&#8221; border_color_bottom=&#8221;#eeeeee&#8221; global_colors_info=&#8221;{}&#8221;][et_pb_column type=&#8221;4_4&#8243; _builder_version=&#8221;4.21.0&#8243; _module_preset=&#8221;default&#8221; global_colors_info=&#8221;{}&#8221;][dipl_breadcrumb breadcrumb_layout=&#8221;layout2&#8243; separator_text=&#8221;\/&#8221; separator_size=&#8221;18px&#8221; separator_color=&#8221;#888888&#8243; _builder_version=&#8221;4.21.0&#8243; _module_preset=&#8221;default&#8221; global_text_settings_text_align=&#8221;left&#8221; global_text_settings_font_size=&#8221;18px&#8221; text_font=&#8221;||||||||&#8221; text_text_color=&#8221;#000000&#8243; link_text_color=&#8221;#000000&#8243; global_text_settings_font_size_tablet=&#8221;18px&#8221; global_text_settings_font_size_phone=&#8221;14px&#8221; global_text_settings_font_size_last_edited=&#8221;on|phone&#8221; global_colors_info=&#8221;{}&#8221;][\/dipl_breadcrumb][\/et_pb_column][\/et_pb_row][et_pb_row custom_padding_last_edited=&#8221;on|phone&#8221; module_id=&#8221;wu&#8221; _builder_version=&#8221;4.21.0&#8243; _module_preset=&#8221;default&#8221; custom_padding=&#8221;||||false|false&#8221; custom_padding_tablet=&#8221;||||false|false&#8221; custom_padding_phone=&#8221;||0px||false|false&#8221; global_colors_info=&#8221;{}&#8221;][et_pb_column type=&#8221;4_4&#8243; _builder_version=&#8221;4.21.0&#8243; _module_preset=&#8221;default&#8221; global_colors_info=&#8221;{}&#8221;][et_pb_text _builder_version=&#8221;4.21.0&#8243; _dynamic_attributes=&#8221;content&#8221; _module_preset=&#8221;default&#8221; header_font=&#8221;|700|||||||&#8221; header_text_align=&#8221;center&#8221; header_text_color=&#8221;#000000&#8243; header_font_size=&#8221;32px&#8221; custom_margin=&#8221;||15px||false|false&#8221; custom_padding=&#8221;||||false|false&#8221; custom_padding_tablet=&#8221;0px||||false|false&#8221; custom_padding_phone=&#8221;0px||||false|false&#8221; custom_padding_last_edited=&#8221;on|tablet&#8221; header_font_size_tablet=&#8221;40px&#8221; header_font_size_phone=&#8221;18px&#8221; header_font_size_last_edited=&#8221;on|phone&#8221; global_colors_info=&#8221;{}&#8221;]@ET-DC@eyJkeW5hbWljIjp0cnVlLCJjb250ZW50IjoicG9zdF90aXRsZSIsInNldHRpbmdzIjp7ImJlZm9yZSI6IjxoMT4iLCJhZnRlciI6IjwvaDE+In19@[\/et_pb_text][et_pb_text _builder_version=&#8221;4.21.0&#8243; _module_preset=&#8221;default&#8221; global_colors_info=&#8221;{}&#8221;]<\/p>\n<p>The high-precision and high-strength bearings provided by <strong><b>JTEKT<\/b><\/strong>\u00a0are widely used in various industrial equipment and precision instruments.<\/p>\n<p>[\/et_pb_text][\/et_pb_column][\/et_pb_row][\/et_pb_section][et_pb_section fb_built=&#8221;1&#8243; _builder_version=&#8221;4.21.0&#8243; _module_preset=&#8221;default&#8221; custom_padding=&#8221;0px||||false|false&#8221; global_colors_info=&#8221;{}&#8221;][et_pb_row column_structure=&#8221;1_4,1_4,1_4,1_4&#8243; use_custom_gutter=&#8221;on&#8221; module_id=&#8221;hg&#8221; module_class=&#8221;gtr&#8221; _builder_version=&#8221;4.21.0&#8243; _module_preset=&#8221;default&#8221; custom_padding=&#8221;0px||||false|false&#8221; global_colors_info=&#8221;{}&#8221;][et_pb_column type=&#8221;1_4&#8243; _builder_version=&#8221;4.21.0&#8243; _module_preset=&#8221;default&#8221; global_colors_info=&#8221;{}&#8221;][et_pb_code _builder_version=&#8221;4.21.0&#8243; _module_preset=&#8221;default&#8221; global_colors_info=&#8221;{}&#8221;]<iframe data-src=\"\/wp-content\/uploads\/2025\/03\/KOYO-bearings-1.mp4\" height=\"360px\" sandbox=\"\"><!-- [et_pb_line_break_holder] -->  <!-- [et_pb_line_break_holder] --><\/iframe>[\/et_pb_code][\/et_pb_column][et_pb_column type=&#8221;1_4&#8243; _builder_version=&#8221;4.21.0&#8243; _module_preset=&#8221;default&#8221; global_colors_info=&#8221;{}&#8221;][et_pb_image src=&#8221;https:\/\/www.skf-eu.com\/wp-content\/uploads\/2025\/03\/KOYO-bearings-2-1.webp&#8221; title_text=&#8221;KOYO bearings -2&#8243; _builder_version=&#8221;4.21.0&#8243; _module_preset=&#8221;default&#8221; global_colors_info=&#8221;{}&#8221;][\/et_pb_image][\/et_pb_column][et_pb_column type=&#8221;1_4&#8243; _builder_version=&#8221;4.21.0&#8243; _module_preset=&#8221;default&#8221; global_colors_info=&#8221;{}&#8221;][et_pb_image src=&#8221;https:\/\/www.skf-eu.com\/wp-content\/uploads\/2025\/03\/KOYO-bearings-3.webp&#8221; title_text=&#8221;KOYO bearings -3&#8243; _builder_version=&#8221;4.21.0&#8243; _module_preset=&#8221;default&#8221; global_colors_info=&#8221;{}&#8221;][\/et_pb_image][\/et_pb_column][et_pb_column type=&#8221;1_4&#8243; _builder_version=&#8221;4.21.0&#8243; _module_preset=&#8221;default&#8221; global_colors_info=&#8221;{}&#8221;][et_pb_image src=&#8221;https:\/\/www.skf-eu.com\/wp-content\/uploads\/2025\/03\/KOYO-bearings-4.webp&#8221; title_text=&#8221;KOYO bearings -4&#8243; _builder_version=&#8221;4.21.0&#8243; _module_preset=&#8221;default&#8221; global_colors_info=&#8221;{}&#8221;][\/et_pb_image][\/et_pb_column][\/et_pb_row][et_pb_row _builder_version=&#8221;4.21.0&#8243; _module_preset=&#8221;default&#8221; custom_padding=&#8221;||3px|||&#8221; global_colors_info=&#8221;{}&#8221;][et_pb_column type=&#8221;4_4&#8243; _builder_version=&#8221;4.21.0&#8243; _module_preset=&#8221;default&#8221; global_colors_info=&#8221;{}&#8221;][et_pb_code _builder_version=&#8221;4.21.0&#8243; _module_preset=&#8221;default&#8221; global_colors_info=&#8221;{}&#8221; theme_builder_area=&#8221;post_content&#8221;] <!--\u8868\u5355--><!-- [et_pb_line_break_holder] -->             <\/p>\n<section class=\"form-wrap\" style=\"padding:0\"><!-- [et_pb_line_break_holder] -->                   <!-- [et_pb_line_break_holder] -->                    <\/p>\n<ul class=\"formBody\" style=\"padding:0\"><!-- [et_pb_line_break_holder] -->                        <\/p>\n<li><!-- [et_pb_line_break_holder] -->\n<div class=\"formCont\"><!-- [et_pb_line_break_holder] -->                                <\/p>\n<h2>Des solutions professionnelles pour vos roulements<\/h2>\n<p><!-- [et_pb_line_break_holder] -->                                <pee>Que vous ayez besoin de tailles standard ou de sp\u00e9cifications personnalis\u00e9es, nous sommes pr\u00eats \u00e0 soutenir votre projet avec des produits de qualit\u00e9 sup\u00e9rieure et une r\u00e9ponse rapide.<\/pee><!-- [et_pb_line_break_holder] -->                            <\/div>\n<p><!-- [et_pb_line_break_holder] -->                            <!-- [et_pb_line_break_holder] -->                        <\/li>\n<p><!-- [et_pb_line_break_holder] -->                        <\/p>\n<li style=\"background:#fff;    box-shadow: 0 0 18px 0 #eee;\"><!-- [et_pb_line_break_holder] -->                             <div class=\"header_inquiry\" style=\"display: flex; align-items: center; justify-content: center; height: 64vh; background-color: #f1f4f6; width: 100%;\">\n        <div id=\"header_inquiry-form\" style=\"border:1px solid #bfbfbf; padding: 2em; padding-top:2.625em;width: 84%; background-color: #fff;\">\n\n            <div style=\"background-color: #013e5a; color: #fff; padding: 1em; border-radius: 5px; margin-bottom: 2em; text-align: center;\">\n                <h2 style=\"margin: 0; color: #fff;\">Laissez votre message<\/h2>\n            <\/div>\n\n            <form id=\"header_inquiry-form-content\" action=\"#\" method=\"post\" style=\"color: #666;\" data-trp-original-action=\"#\">\n\n                <input type=\"text\" name=\"title\" id=\"name\" placeholder=\"*Nom...\" required style=\"width: 100%; padding: 1em; margin-bottom: 1em; box-sizing: border-box;\">\n                <input type=\"email\" name=\"email\" id=\"email\" placeholder=\"*Email (Nous vous r\u00e9pondrons par email dans les 24 heures)\" required style=\"width: 100%; padding: 1em; margin-bottom: 1em; box-sizing: border-box;\">\n                <input type=\"text\" name=\"telephone\" id=\"phone\" placeholder=\"*T\u00e9l\u00e9phone\/WhatsApp\/WeChat (tr\u00e8s important)\" required style=\"width: 100%; padding: 1em; margin-bottom: 1em; box-sizing: border-box;\">\n                <textarea name=\"message\" id=\"details\" rows=\"4\" placeholder=\"*Les d\u00e9tails de l&#039;en-t\u00eate, tels que la taille, la couleur, les mat\u00e9riaux, etc. et d&#039;autres exigences sp\u00e9cifiques sont \u00e0 saisir pour recevoir un devis pr\u00e9cis.\" style=\"width: 100%; padding: 1em; margin-bottom: 1em; box-sizing: border-box;\"><\/textarea>\n\n                <button type=\"submit\" style=\"background-color: #f28808; color: #fff; padding: 1em 1.5em; border: none; border-radius: 3px; cursor: pointer; width: 100%;\">Envoyer<\/button>\n\n            <input type=\"hidden\" name=\"trp-form-language\" value=\"fr\"\/><\/form>\n\n        <\/div>\n    <\/div>\n    <!-- [et_pb_line_break_holder] -->                            <pee class=\"h4\">Votre vie priv\u00e9e est en s\u00e9curit\u00e9 chez nous<\/pee><!-- [et_pb_line_break_holder] -->                            <pee>Nous garantissons la confidentialit\u00e9 de 100%. Vos informations ne seront jamais partag\u00e9es ou utilis\u00e9es \u00e0 d'autres fins que celle de vous fournir le meilleur service.<\/pee><!-- [et_pb_line_break_holder] -->                        <\/li>\n<p><!-- [et_pb_line_break_holder] -->                        <!-- [et_pb_line_break_holder] -->                    <\/ul>\n<p><!-- [et_pb_line_break_holder] -->                    <!-- [et_pb_line_break_holder] -->                    <!-- [et_pb_line_break_holder] -->                    <!-- [et_pb_line_break_holder] -->                    <!-- [et_pb_line_break_holder] -->             <!-- [et_pb_line_break_holder] -->            <\/section>\n<p>[\/et_pb_code][\/et_pb_column][\/et_pb_row][\/et_pb_section]<\/p>","protected":false},"excerpt":{"rendered":"<p><div class=\"et_pb_module dipl_breadcrumb dipl_breadcrumb_0\">\n\t\t\t\t\n\t\t\t\t\n\t\t\t\t\n\t\t\t\t\n\t\t\t\t\n\t\t\t\t\n\t\t\t\t<div class=\"et_pb_module_inner\">\n\t\t\t\t\t<div class=\"dipl-breadcrumb-wrapper layout2\">\n\t\t\t\t\t\t\t\t<ol class=\"dipl-breadcrumb-inner\" vocab=\"https:\/\/schema.org\/\" typeof=\"BreadcrumbList\">\n\t\t\t\t\t\t\t\t\t<li property=\"itemListElement\" typeof=\"ListItem\" data-icon=\"&#x24;\">\n\t\t\t\t\t\t\t\t\t\t\t\t\t    <a class=\"breadcrumb-item dipl-home-page\" href=\"https:\/\/www.skf-eu.com\/fr\" property=\"item\" typeof=\"WebPage\" >\n\t\t\t\t\t\t\t\t\t\t\t\t\t      \t<span class=\"breadcrumb-page\" property=\"name\">Accueil<\/span>\n\t\t\t\t\t\t\t\t\t\t\t\t\t    <\/a>\n\t\t\t\t\t\t\t\t\t\t\t\t\t    <meta property=\"position\" content=\"1\" \/>\n\t\t\t\t\t\t\t\t\t\t\t\t\t<\/li>\n\t\t\t\t\t\t\t\t<\/ol>\n\t\t\t\t\t\t\t<\/div>\n\t\t\t\t<\/div>\n\t\t\t<\/div>The high-precision and high-strength bearings provided by JTEKT\u00a0are widely used in various industrial equipment and precision instruments. Professional Bearing Solutions for You Whether you need standard sizes or customized specifications, we\u2019re ready to support your project with top-quality products and [&hellip;]<\/p>","protected":false},"author":1,"featured_media":10307,"parent":0,"menu_order":0,"comment_status":"closed","ping_status":"closed","template":"","meta":{"_et_pb_use_builder":"on","_et_pb_old_content":"<!-- wp:divi\/placeholder \/-->","_et_gb_content_width":"","footnotes":""},"yoast_head":"<!-- This site is optimized with the Yoast SEO plugin v23.0 - https:\/\/yoast.com\/wordpress\/plugins\/seo\/ -->\n<title>JTEKT Bearings \u2013 High-Performance Solutions for Industrial Applications<\/title>\n<meta name=\"description\" content=\"Explore Comdale&#039;s range of JTEKT bearings, offering precision and durability for various industrial applications.\" \/>\n<meta name=\"robots\" content=\"index, follow, max-snippet:-1, max-image-preview:large, max-video-preview:-1\" \/>\n<link rel=\"canonical\" href=\"https:\/\/www.skf-eu.com\/fr\/jtekt\/\" \/>\n<meta property=\"og:locale\" content=\"fr_FR\" \/>\n<meta property=\"og:type\" content=\"article\" \/>\n<meta property=\"og:title\" content=\"JTEKT Bearings \u2013 High-Performance Solutions for Industrial Applications\" \/>\n<meta property=\"og:description\" content=\"Explore Comdale&#039;s range of JTEKT bearings, offering precision and durability for various industrial applications.\" \/>\n<meta property=\"og:url\" content=\"https:\/\/www.skf-eu.com\/fr\/jtekt\/\" \/>\n<meta property=\"og:site_name\" content=\"Comdale Bearing\" \/>\n<meta property=\"article:modified_time\" content=\"2025-08-19T09:42:16+00:00\" \/>\n<meta property=\"og:image\" content=\"https:\/\/www.skf-eu.com\/wp-content\/uploads\/2025\/05\/Crossed-Cylindrical-Roller-Bearings-4.webp\" \/>\n\t<meta property=\"og:image:width\" content=\"1280\" \/>\n\t<meta property=\"og:image:height\" content=\"960\" \/>\n\t<meta property=\"og:image:type\" content=\"image\/webp\" \/>\n<meta name=\"twitter:card\" content=\"summary_large_image\" \/>\n<meta name=\"twitter:label1\" content=\"Dur\u00e9e de lecture estim\u00e9e\" \/>\n\t<meta name=\"twitter:data1\" content=\"2 minutes\" \/>\n<script type=\"application\/ld+json\" class=\"yoast-schema-graph\">{\"@context\":\"https:\/\/schema.org\",\"@graph\":[{\"@type\":\"WebPage\",\"@id\":\"https:\/\/www.skf-eu.com\/jtekt\/\",\"url\":\"https:\/\/www.skf-eu.com\/jtekt\/\",\"name\":\"JTEKT Bearings \u2013 High-Performance Solutions for Industrial Applications\",\"isPartOf\":{\"@id\":\"https:\/\/www.skf-eu.com\/#website\"},\"primaryImageOfPage\":{\"@id\":\"https:\/\/www.skf-eu.com\/jtekt\/#primaryimage\"},\"image\":{\"@id\":\"https:\/\/www.skf-eu.com\/jtekt\/#primaryimage\"},\"thumbnailUrl\":\"https:\/\/www.skf-eu.com\/wp-content\/uploads\/2025\/05\/Crossed-Cylindrical-Roller-Bearings.webp\",\"datePublished\":\"2025-03-07T01:10:39+00:00\",\"dateModified\":\"2025-08-19T09:42:16+00:00\",\"description\":\"Explore Comdale's range of JTEKT bearings, offering precision and durability for various industrial applications.\",\"breadcrumb\":{\"@id\":\"https:\/\/www.skf-eu.com\/jtekt\/#breadcrumb\"},\"inLanguage\":\"fr-FR\",\"potentialAction\":[{\"@type\":\"ReadAction\",\"target\":[\"https:\/\/www.skf-eu.com\/jtekt\/\"]}]},{\"@type\":\"ImageObject\",\"inLanguage\":\"fr-FR\",\"@id\":\"https:\/\/www.skf-eu.com\/jtekt\/#primaryimage\",\"url\":\"https:\/\/www.skf-eu.com\/wp-content\/uploads\/2025\/05\/Crossed-Cylindrical-Roller-Bearings.webp\",\"contentUrl\":\"https:\/\/www.skf-eu.com\/wp-content\/uploads\/2025\/05\/Crossed-Cylindrical-Roller-Bearings.webp\",\"width\":1280,\"height\":960,\"caption\":\"Crossed Cylindrical Roller Bearings\"},{\"@type\":\"BreadcrumbList\",\"@id\":\"https:\/\/www.skf-eu.com\/jtekt\/#breadcrumb\",\"itemListElement\":[{\"@type\":\"ListItem\",\"position\":1,\"name\":\"Home\",\"item\":\"https:\/\/www.skf-eu.com\/\"},{\"@type\":\"ListItem\",\"position\":2,\"name\":\"JTEKT Photos\"}]},{\"@type\":\"WebSite\",\"@id\":\"https:\/\/www.skf-eu.com\/#website\",\"url\":\"https:\/\/www.skf-eu.com\/\",\"name\":\"Comdale Bearing\",\"description\":\"\",\"publisher\":{\"@id\":\"https:\/\/www.skf-eu.com\/#organization\"},\"potentialAction\":[{\"@type\":\"SearchAction\",\"target\":{\"@type\":\"EntryPoint\",\"urlTemplate\":\"https:\/\/www.skf-eu.com\/?s={search_term_string}\"},\"query-input\":\"required name=search_term_string\"}],\"inLanguage\":\"fr-FR\"},{\"@type\":\"Organization\",\"@id\":\"https:\/\/www.skf-eu.com\/#organization\",\"name\":\"Comdale\uff08HongKong\uff09International Trade Co., Ltd.\",\"url\":\"https:\/\/www.skf-eu.com\/\",\"logo\":{\"@type\":\"ImageObject\",\"inLanguage\":\"fr-FR\",\"@id\":\"https:\/\/www.skf-eu.com\/#\/schema\/logo\/image\/\",\"url\":\"https:\/\/www.skf-eu.com\/wp-content\/uploads\/2024\/12\/cropped-logo.webp\",\"contentUrl\":\"https:\/\/www.skf-eu.com\/wp-content\/uploads\/2024\/12\/cropped-logo.webp\",\"width\":512,\"height\":512,\"caption\":\"Comdale\uff08HongKong\uff09International Trade Co., Ltd.\"},\"image\":{\"@id\":\"https:\/\/www.skf-eu.com\/#\/schema\/logo\/image\/\"}}]}<\/script>\n<!-- \/ Yoast SEO plugin. -->","yoast_head_json":{"title":"JTEKT Bearings \u2013 High-Performance Solutions for Industrial Applications","description":"Explore Comdale's range of JTEKT bearings, offering precision and durability for various industrial applications.","robots":{"index":"index","follow":"follow","max-snippet":"max-snippet:-1","max-image-preview":"max-image-preview:large","max-video-preview":"max-video-preview:-1"},"canonical":"https:\/\/www.skf-eu.com\/fr\/jtekt\/","og_locale":"fr_FR","og_type":"article","og_title":"JTEKT Bearings \u2013 High-Performance Solutions for Industrial Applications","og_description":"Explore Comdale's range of JTEKT bearings, offering precision and durability for various industrial applications.","og_url":"https:\/\/www.skf-eu.com\/fr\/jtekt\/","og_site_name":"Comdale Bearing","article_modified_time":"2025-08-19T09:42:16+00:00","og_image":[{"width":1280,"height":960,"url":"https:\/\/www.skf-eu.com\/wp-content\/uploads\/2025\/05\/Crossed-Cylindrical-Roller-Bearings-4.webp","type":"image\/webp"}],"twitter_card":"summary_large_image","twitter_misc":{"Dur\u00e9e de lecture estim\u00e9e":"2 minutes"},"schema":{"@context":"https:\/\/schema.org","@graph":[{"@type":"WebPage","@id":"https:\/\/www.skf-eu.com\/jtekt\/","url":"https:\/\/www.skf-eu.com\/jtekt\/","name":"JTEKT Bearings \u2013 High-Performance Solutions for Industrial Applications","isPartOf":{"@id":"https:\/\/www.skf-eu.com\/#website"},"primaryImageOfPage":{"@id":"https:\/\/www.skf-eu.com\/jtekt\/#primaryimage"},"image":{"@id":"https:\/\/www.skf-eu.com\/jtekt\/#primaryimage"},"thumbnailUrl":"https:\/\/www.skf-eu.com\/wp-content\/uploads\/2025\/05\/Crossed-Cylindrical-Roller-Bearings.webp","datePublished":"2025-03-07T01:10:39+00:00","dateModified":"2025-08-19T09:42:16+00:00","description":"Explore Comdale's range of JTEKT bearings, offering precision and durability for various industrial applications.","breadcrumb":{"@id":"https:\/\/www.skf-eu.com\/jtekt\/#breadcrumb"},"inLanguage":"fr-FR","potentialAction":[{"@type":"ReadAction","target":["https:\/\/www.skf-eu.com\/jtekt\/"]}]},{"@type":"ImageObject","inLanguage":"fr-FR","@id":"https:\/\/www.skf-eu.com\/jtekt\/#primaryimage","url":"https:\/\/www.skf-eu.com\/wp-content\/uploads\/2025\/05\/Crossed-Cylindrical-Roller-Bearings.webp","contentUrl":"https:\/\/www.skf-eu.com\/wp-content\/uploads\/2025\/05\/Crossed-Cylindrical-Roller-Bearings.webp","width":1280,"height":960,"caption":"Crossed Cylindrical Roller Bearings"},{"@type":"BreadcrumbList","@id":"https:\/\/www.skf-eu.com\/jtekt\/#breadcrumb","itemListElement":[{"@type":"ListItem","position":1,"name":"Home","item":"https:\/\/www.skf-eu.com\/"},{"@type":"ListItem","position":2,"name":"JTEKT Photos"}]},{"@type":"WebSite","@id":"https:\/\/www.skf-eu.com\/#website","url":"https:\/\/www.skf-eu.com\/","name":"Comdale Bearing","description":"","publisher":{"@id":"https:\/\/www.skf-eu.com\/#organization"},"potentialAction":[{"@type":"SearchAction","target":{"@type":"EntryPoint","urlTemplate":"https:\/\/www.skf-eu.com\/?s={search_term_string}"},"query-input":"required name=search_term_string"}],"inLanguage":"fr-FR"},{"@type":"Organization","@id":"https:\/\/www.skf-eu.com\/#organization","name":"Comdale\uff08HongKong\uff09International Trade Co., Ltd.","url":"https:\/\/www.skf-eu.com\/","logo":{"@type":"ImageObject","inLanguage":"fr-FR","@id":"https:\/\/www.skf-eu.com\/#\/schema\/logo\/image\/","url":"https:\/\/www.skf-eu.com\/wp-content\/uploads\/2024\/12\/cropped-logo.webp","contentUrl":"https:\/\/www.skf-eu.com\/wp-content\/uploads\/2024\/12\/cropped-logo.webp","width":512,"height":512,"caption":"Comdale\uff08HongKong\uff09International Trade Co., Ltd."},"image":{"@id":"https:\/\/www.skf-eu.com\/#\/schema\/logo\/image\/"}}]}},"_links":{"self":[{"href":"https:\/\/www.skf-eu.com\/fr\/wp-json\/wp\/v2\/pages\/9673"}],"collection":[{"href":"https:\/\/www.skf-eu.com\/fr\/wp-json\/wp\/v2\/pages"}],"about":[{"href":"https:\/\/www.skf-eu.com\/fr\/wp-json\/wp\/v2\/types\/page"}],"author":[{"embeddable":true,"href":"https:\/\/www.skf-eu.com\/fr\/wp-json\/wp\/v2\/users\/1"}],"replies":[{"embeddable":true,"href":"https:\/\/www.skf-eu.com\/fr\/wp-json\/wp\/v2\/comments?post=9673"}],"version-history":[{"count":6,"href":"https:\/\/www.skf-eu.com\/fr\/wp-json\/wp\/v2\/pages\/9673\/revisions"}],"predecessor-version":[{"id":10595,"href":"https:\/\/www.skf-eu.com\/fr\/wp-json\/wp\/v2\/pages\/9673\/revisions\/10595"}],"wp:featuredmedia":[{"embeddable":true,"href":"https:\/\/www.skf-eu.com\/fr\/wp-json\/wp\/v2\/media\/10307"}],"wp:attachment":[{"href":"https:\/\/www.skf-eu.com\/fr\/wp-json\/wp\/v2\/media?parent=9673"}],"curies":[{"name":"wp","href":"https:\/\/api.w.org\/{rel}","templated":true}]}}