{"id":9939,"date":"2025-04-25T01:23:57","date_gmt":"2025-04-25T01:23:57","guid":{"rendered":"https:\/\/www.skf-eu.com\/?post_type=product&#038;p=9939"},"modified":"2025-04-25T01:58:20","modified_gmt":"2025-04-25T01:58:20","slug":"magnetic-levitation-linear-bearings","status":"publish","type":"product","link":"https:\/\/www.skf-eu.com\/es\/producto\/magnetic-levitation-linear-bearings\/","title":{"rendered":"Rodamientos lineales de levitaci\u00f3n magn\u00e9tica"},"content":{"rendered":"<h2><strong>Introducci\u00f3n a la tecnolog\u00eda de rodamientos lineales de levitaci\u00f3n magn\u00e9tica<\/strong><\/h2>\n<p>El rodamiento lineal de levitaci\u00f3n magn\u00e9tica es una tecnolog\u00eda de rodamientos de alta gama que consigue una suspensi\u00f3n sin contacto y un movimiento lineal basado en la fuerza electromagn\u00e9tica. Utiliza el control del campo electromagn\u00e9tico para mantener un espacio de aire de micras entre las piezas m\u00f3viles y la pista fija, eliminando por completo la fricci\u00f3n mec\u00e1nica, y es adecuado para escenarios de aplicaci\u00f3n que requieren velocidad ultra-alta, precisi\u00f3n ultra-alta y un entorno limpio.<\/p>\n<p><img loading=\"lazy\" decoding=\"async\" class=\"size-full wp-image-9943 aligncenter\" data-src=\"https:\/\/www.skf-eu.com\/wp-content\/uploads\/2025\/04\/Magnetic-Levitation-Linear-Bearing-for-Laser-Cutting.webp\" alt=\"Magnetic Levitation Linear Bearings\" width=\"960\" height=\"640\" srcset=\"https:\/\/www.skf-eu.com\/wp-content\/uploads\/2025\/04\/Magnetic-Levitation-Linear-Bearing-for-Laser-Cutting.webp 960w, https:\/\/www.skf-eu.com\/wp-content\/uploads\/2025\/04\/Magnetic-Levitation-Linear-Bearing-for-Laser-Cutting-480x320.webp 480w\" sizes=\"(min-width: 0px) and (max-width: 480px) 480px, (min-width: 481px) 960px, 100vw\" \/><\/p>\n<h3><strong>1. Caracter\u00edsticas principales y ventajas<\/strong><\/h3>\n<p>\u2705 Cero fricci\u00f3n: sin contacto mec\u00e1nico, sin desgaste, vida \u00fatil extremadamente larga.<br \/>\n\u2705 Precisi\u00f3n ultra alta: la precisi\u00f3n de posicionamiento puede alcanzar \u00b10,1\u03bcm, la precisi\u00f3n de repetibilidad \u00b10,01\u03bcm.<br \/>\n\u2705 Velocidad ultra alta: la velocidad puede alcanzar los 5~20m\/s (muy superior a los husillos de bolas y las gu\u00edas tradicionales).<br \/>\n\u2705 Sin mantenimiento: no requiere lubricaci\u00f3n, lo que reduce el tiempo de inactividad.<br \/>\n\u2705 Baja vibraci\u00f3n y silencioso: sin colisi\u00f3n mec\u00e1nica, funcionamiento suave.<br \/>\n\u2705 Aplicable a entornos limpios: sin contaminaci\u00f3n por part\u00edculas, adecuado para las industrias de semiconductores, \u00f3ptica y m\u00e9dica.<\/p>\n<h3><strong>2. Comparaci\u00f3n de los principales modelos de productos y par\u00e1metros<\/strong><\/h3>\n<p>Modelo Marca Carga m\u00e1xima (N) Velocidad m\u00e1xima (m\/s) Precisi\u00f3n (\u03bcm) Temperatura aplicable Aplicaci\u00f3n t\u00edpica<br \/>\nMLX-200 Siemens 500 10 \u00b10,1 0~50\u00b0C Manipulaci\u00f3n de obleas semiconductoras<br \/>\nLMG-150 Fanuc 300 15 \u00b10,05 5~40\u00b0C M\u00e1quinas herramienta CNC de alta precisi\u00f3n<br \/>\nMagLev-300 Bosch 800 8 \u00b10,2 -10~60\u00b0C Accionamiento de tren maglev<br \/>\nAirCore-100 Aerotech 200 20 \u00b10,01 10~30\u00b0C Sistema \u00f3ptico de posicionamiento de precisi\u00f3n<br \/>\nNSK MagRail NSK 1000 5 \u00b10,3 -20~70\u00b0C Automatizaci\u00f3n industrial l\u00ednea de transporte de alta velocidad<br \/>\nNota: Los par\u00e1metros de los distintos fabricantes pueden variar debido a los sistemas de control y a los m\u00e9todos de refrigeraci\u00f3n (como refrigeraci\u00f3n por aire\/ refrigeraci\u00f3n por agua).<\/p>\n<h3><strong>3. An\u00e1lisis de la aplicaci\u00f3n del producto<\/strong><\/h3>\n<p>(1) Fabricaci\u00f3n de semiconductores<br \/>\nAplicaci\u00f3n: manipulaci\u00f3n de obleas, banco de trabajo de m\u00e1quinas fotolitogr\u00e1ficas<br \/>\nVentajas: sin contaminaci\u00f3n por vibraciones, posicionamiento a nivel nanom\u00e9trico, mayor rendimiento<br \/>\n(2) M\u00e1quinas herramienta y equipos de medici\u00f3n de precisi\u00f3n<br \/>\nAplicaci\u00f3n: torno de ultraprecisi\u00f3n, m\u00e1quina de medici\u00f3n de tres coordenadas<br \/>\nVentajas: holgura cero, repetibilidad ultraelevada<br \/>\n(3) Sistema de transporte por levitaci\u00f3n magn\u00e9tica<br \/>\nAplicaci\u00f3n: tren maglev (como el Maglev de Shanghai), l\u00ednea de clasificaci\u00f3n log\u00edstica<br \/>\nVentajas: alta velocidad, bajo consumo de energ\u00eda, sin mantenimiento<br \/>\n(4) Procesado \u00f3ptico y l\u00e1ser<br \/>\nAplicaci\u00f3n: corte por l\u00e1ser, plataforma de calibraci\u00f3n \u00f3ptica<br \/>\nVentajas: sin fluctuaciones por fricci\u00f3n, garantiza la estabilidad del haz<br \/>\n(5) Equipamiento m\u00e9dico<br \/>\nAplicaci\u00f3n: robot quir\u00fargico, equipo de resonancia magn\u00e9tica<br \/>\nVentajas: sin interferencias met\u00e1licas, funcionamiento silencioso<\/p>\n<h3><strong>4. Resumen y FAQ<\/strong><\/h3>\n<p>P1: \u00bfNecesita mantenimiento el cojinete de levitaci\u00f3n magn\u00e9tica?<br \/>\nR: B\u00e1sicamente no requiere mantenimiento, pero la bobina electromagn\u00e9tica y el estado del sensor deben comprobarse peri\u00f3dicamente.<br \/>\nP2: En comparaci\u00f3n con las gu\u00edas lineales tradicionales, \u00bfcu\u00e1les son las desventajas de los cojinetes de levitaci\u00f3n magn\u00e9tica?<br \/>\nR: El coste es elevado (entre 5 y 10 veces), y se requiere un sistema de control de precisi\u00f3n (como el ajuste PID).<\/p>\n<p>P3: \u00bfCu\u00e1l es la vida \u00fatil de los rodamientos lineales de levitaci\u00f3n magn\u00e9tica?<\/p>\n<p>R: La vida \u00fatil te\u00f3rica es &gt;100.000 horas (sin desgaste mec\u00e1nico), y la real depende del envejecimiento de los componentes electr\u00f3nicos.<\/p>\n<p>P4: \u00bfEs adecuado para situaciones de alta carga?<\/p>\n<p>R: La carga de los modelos comerciales actuales suele ser &lt;1 tonelada, y las sobrecargas siguen requiriendo asistencia hidr\u00e1ulica o mec\u00e1nica de los cojinetes.<\/p>\n<p>P5: \u00bfTendencias futuras de desarrollo?<\/p>\n<p>R: Mayor carga (como los brazos rob\u00f3ticos industriales), menor consumo de energ\u00eda (suspensi\u00f3n magn\u00e9tica superconductora) y control m\u00e1s inteligente (ajuste din\u00e1mico AI).<\/p>\n<h3><strong>5. Conclusi\u00f3n<\/strong><\/h3>\n<p>Los rodamientos lineales de levitaci\u00f3n magn\u00e9tica son una tecnolog\u00eda clave en la industria manufacturera de gama alta, especialmente adecuada para requisitos de ultraprecisi\u00f3n, velocidad ultraalta y entorno limpio. A pesar de su elevado coste, su car\u00e1cter insustituible en los campos de los semiconductores, la \u00f3ptica y la atenci\u00f3n m\u00e9dica ha propiciado un crecimiento continuo del mercado. En el futuro, con el desarrollo de los materiales superconductores y la tecnolog\u00eda de control inteligente, su \u00e1mbito de aplicaci\u00f3n se ampliar\u00e1 a\u00fan m\u00e1s.<\/p>\n<p><img loading=\"lazy\" decoding=\"async\" class=\"size-full wp-image-9944 aligncenter\" data-src=\"https:\/\/www.skf-eu.com\/wp-content\/uploads\/2025\/04\/Magnetic-Levitation-Linear-Bearing.webp\" alt=\"Magnetic Levitation Linear Bearings\" width=\"800\" height=\"539\" srcset=\"https:\/\/www.skf-eu.com\/wp-content\/uploads\/2025\/04\/Magnetic-Levitation-Linear-Bearing.webp 800w, https:\/\/www.skf-eu.com\/wp-content\/uploads\/2025\/04\/Magnetic-Levitation-Linear-Bearing-480x323.webp 480w\" sizes=\"(min-width: 0px) and (max-width: 480px) 480px, (min-width: 481px) 800px, 100vw\" \/><\/p>","protected":false},"excerpt":{"rendered":"<p>Principales ventajas de los rodamientos lineales de levitaci\u00f3n magn\u00e9tica<\/p>\n<p>\u2705 Rozamiento cero: sin desgaste, vida \u00fatil extremadamente larga.<br \/>\n\u2705 Precisi\u00f3n ultraelevada: precisi\u00f3n de posicionamiento de hasta \u00b10,1\u03bcm.<br \/>\n\u2705 Ultra-alta velocidad: velocidad de hasta 5~20m\/s<br \/>\n\u2705 Sin mantenimiento: no necesita lubricaci\u00f3n<br \/>\n\u2705 Limpio y sin contaminaci\u00f3n: adecuado para las industrias de semiconductores y m\u00e9dica.<\/p>\n<p>Aplicaciones t\u00edpicas<br \/>\nSemiconductores: manipulaci\u00f3n de obleas, m\u00e1quinas de fotolitograf\u00eda<\/p>\n<p>M\u00e1quinas-herramienta de precisi\u00f3n: equipos de procesamiento a nivel nanom\u00e9trico<\/p>\n<p>Transporte por suspensi\u00f3n magn\u00e9tica: l\u00edneas de clasificaci\u00f3n log\u00edstica de alta velocidad<\/p>\n<p>Sistemas \u00f3pticos: corte por l\u00e1ser, posicionamiento de precisi\u00f3n<\/p>\n<p>Equipos m\u00e9dicos: Resonancia magn\u00e9tica, robots quir\u00fargicos<\/p>","protected":false},"featured_media":9940,"template":"","meta":{"_et_pb_use_builder":"","_et_pb_old_content":"","_et_gb_content_width":""},"product_cat":[280,253],"product_tag":[],"yoast_head":"<!-- This site is optimized with the Yoast SEO plugin v23.0 - https:\/\/yoast.com\/wordpress\/plugins\/seo\/ -->\n<title>China Wholesale Magnetic Levitation Linear Bearings Supplier - Comdale Bearing<\/title>\n<meta name=\"description\" content=\"As Professional Magnetic Levitation Linear Bearings distributor , Comdale supply Roller Bearings, Ball Bearings, Plain Bearing, Slewing Ring Bearings, Combined Bearings, Linear Bearings\" \/>\n<meta name=\"robots\" content=\"index, follow, max-snippet:-1, max-image-preview:large, max-video-preview:-1\" \/>\n<link rel=\"canonical\" href=\"https:\/\/www.skf-eu.com\/es\/producto\/magnetic-levitation-linear-bearings\/\" \/>\n<meta property=\"og:locale\" content=\"es_ES\" \/>\n<meta property=\"og:type\" content=\"article\" \/>\n<meta property=\"og:title\" content=\"China Wholesale Magnetic Levitation Linear Bearings Supplier - Comdale Bearing\" \/>\n<meta property=\"og:description\" content=\"As Professional Magnetic Levitation Linear Bearings distributor , Comdale supply Roller Bearings, Ball Bearings, Plain Bearing, Slewing Ring Bearings, Combined Bearings, Linear Bearings\" \/>\n<meta property=\"og:url\" content=\"https:\/\/www.skf-eu.com\/es\/producto\/magnetic-levitation-linear-bearings\/\" \/>\n<meta property=\"og:site_name\" content=\"Comdale Bearing\" \/>\n<meta property=\"article:modified_time\" content=\"2025-04-25T01:58:20+00:00\" \/>\n<meta property=\"og:image\" content=\"https:\/\/www.skf-eu.com\/wp-content\/uploads\/2025\/04\/Magnetic-Levitation-Linear-Bearings-2.webp\" \/>\n\t<meta property=\"og:image:width\" content=\"550\" \/>\n\t<meta property=\"og:image:height\" content=\"500\" \/>\n\t<meta property=\"og:image:type\" content=\"image\/webp\" \/>\n<meta name=\"twitter:card\" content=\"summary_large_image\" \/>\n<meta name=\"twitter:label1\" content=\"Tiempo de lectura\" \/>\n\t<meta name=\"twitter:data1\" content=\"3 minutos\" \/>\n<script type=\"application\/ld+json\" class=\"yoast-schema-graph\">{\"@context\":\"https:\/\/schema.org\",\"@graph\":[{\"@type\":\"WebPage\",\"@id\":\"https:\/\/www.skf-eu.com\/product\/magnetic-levitation-linear-bearings\/\",\"url\":\"https:\/\/www.skf-eu.com\/product\/magnetic-levitation-linear-bearings\/\",\"name\":\"China Wholesale Magnetic Levitation Linear Bearings Supplier - Comdale Bearing\",\"isPartOf\":{\"@id\":\"https:\/\/www.skf-eu.com\/#website\"},\"primaryImageOfPage\":{\"@id\":\"https:\/\/www.skf-eu.com\/product\/magnetic-levitation-linear-bearings\/#primaryimage\"},\"image\":{\"@id\":\"https:\/\/www.skf-eu.com\/product\/magnetic-levitation-linear-bearings\/#primaryimage\"},\"thumbnailUrl\":\"https:\/\/www.skf-eu.com\/wp-content\/uploads\/2025\/04\/Magnetic-Levitation-Linear-Bearings-2.webp\",\"datePublished\":\"2025-04-25T01:23:57+00:00\",\"dateModified\":\"2025-04-25T01:58:20+00:00\",\"description\":\"As Professional Magnetic Levitation Linear Bearings distributor , Comdale supply Roller Bearings, Ball Bearings, Plain Bearing, Slewing Ring Bearings, Combined Bearings, Linear Bearings\",\"breadcrumb\":{\"@id\":\"https:\/\/www.skf-eu.com\/product\/magnetic-levitation-linear-bearings\/#breadcrumb\"},\"inLanguage\":\"es\",\"potentialAction\":[{\"@type\":\"ReadAction\",\"target\":[\"https:\/\/www.skf-eu.com\/product\/magnetic-levitation-linear-bearings\/\"]}]},{\"@type\":\"ImageObject\",\"inLanguage\":\"es\",\"@id\":\"https:\/\/www.skf-eu.com\/product\/magnetic-levitation-linear-bearings\/#primaryimage\",\"url\":\"https:\/\/www.skf-eu.com\/wp-content\/uploads\/2025\/04\/Magnetic-Levitation-Linear-Bearings-2.webp\",\"contentUrl\":\"https:\/\/www.skf-eu.com\/wp-content\/uploads\/2025\/04\/Magnetic-Levitation-Linear-Bearings-2.webp\",\"width\":550,\"height\":500,\"caption\":\"Magnetic Levitation Linear Bearings\"},{\"@type\":\"BreadcrumbList\",\"@id\":\"https:\/\/www.skf-eu.com\/product\/magnetic-levitation-linear-bearings\/#breadcrumb\",\"itemListElement\":[{\"@type\":\"ListItem\",\"position\":1,\"name\":\"Home\",\"item\":\"https:\/\/www.skf-eu.com\/\"},{\"@type\":\"ListItem\",\"position\":2,\"name\":\"Products\",\"item\":\"https:\/\/www.skf-eu.com\/shop\/\"},{\"@type\":\"ListItem\",\"position\":3,\"name\":\"Magnetic Levitation Linear Bearings\"}]},{\"@type\":\"WebSite\",\"@id\":\"https:\/\/www.skf-eu.com\/#website\",\"url\":\"https:\/\/www.skf-eu.com\/\",\"name\":\"Comdale Bearing\",\"description\":\"\",\"publisher\":{\"@id\":\"https:\/\/www.skf-eu.com\/#organization\"},\"potentialAction\":[{\"@type\":\"SearchAction\",\"target\":{\"@type\":\"EntryPoint\",\"urlTemplate\":\"https:\/\/www.skf-eu.com\/?s={search_term_string}\"},\"query-input\":\"required name=search_term_string\"}],\"inLanguage\":\"es\"},{\"@type\":\"Organization\",\"@id\":\"https:\/\/www.skf-eu.com\/#organization\",\"name\":\"Comdale\uff08HongKong\uff09International Trade Co., Ltd.\",\"url\":\"https:\/\/www.skf-eu.com\/\",\"logo\":{\"@type\":\"ImageObject\",\"inLanguage\":\"es\",\"@id\":\"https:\/\/www.skf-eu.com\/#\/schema\/logo\/image\/\",\"url\":\"https:\/\/www.skf-eu.com\/wp-content\/uploads\/2024\/12\/cropped-logo.webp\",\"contentUrl\":\"https:\/\/www.skf-eu.com\/wp-content\/uploads\/2024\/12\/cropped-logo.webp\",\"width\":512,\"height\":512,\"caption\":\"Comdale\uff08HongKong\uff09International Trade Co., Ltd.\"},\"image\":{\"@id\":\"https:\/\/www.skf-eu.com\/#\/schema\/logo\/image\/\"}}]}<\/script>\n<!-- \/ Yoast SEO plugin. -->","yoast_head_json":{"title":"China Wholesale Magnetic Levitation Linear Bearings Supplier - Comdale Bearing","description":"As Professional Magnetic Levitation Linear Bearings distributor , Comdale supply Roller Bearings, Ball Bearings, Plain Bearing, Slewing Ring Bearings, Combined Bearings, Linear Bearings","robots":{"index":"index","follow":"follow","max-snippet":"max-snippet:-1","max-image-preview":"max-image-preview:large","max-video-preview":"max-video-preview:-1"},"canonical":"https:\/\/www.skf-eu.com\/es\/producto\/magnetic-levitation-linear-bearings\/","og_locale":"es_ES","og_type":"article","og_title":"China Wholesale Magnetic Levitation Linear Bearings Supplier - Comdale Bearing","og_description":"As Professional Magnetic Levitation Linear Bearings distributor , Comdale supply Roller Bearings, Ball Bearings, Plain Bearing, Slewing Ring Bearings, Combined Bearings, Linear Bearings","og_url":"https:\/\/www.skf-eu.com\/es\/producto\/magnetic-levitation-linear-bearings\/","og_site_name":"Comdale Bearing","article_modified_time":"2025-04-25T01:58:20+00:00","og_image":[{"width":550,"height":500,"url":"https:\/\/www.skf-eu.com\/wp-content\/uploads\/2025\/04\/Magnetic-Levitation-Linear-Bearings-2.webp","type":"image\/webp"}],"twitter_card":"summary_large_image","twitter_misc":{"Tiempo de lectura":"3 minutos"},"schema":{"@context":"https:\/\/schema.org","@graph":[{"@type":"WebPage","@id":"https:\/\/www.skf-eu.com\/product\/magnetic-levitation-linear-bearings\/","url":"https:\/\/www.skf-eu.com\/product\/magnetic-levitation-linear-bearings\/","name":"China Wholesale Magnetic Levitation Linear Bearings Supplier - Comdale Bearing","isPartOf":{"@id":"https:\/\/www.skf-eu.com\/#website"},"primaryImageOfPage":{"@id":"https:\/\/www.skf-eu.com\/product\/magnetic-levitation-linear-bearings\/#primaryimage"},"image":{"@id":"https:\/\/www.skf-eu.com\/product\/magnetic-levitation-linear-bearings\/#primaryimage"},"thumbnailUrl":"https:\/\/www.skf-eu.com\/wp-content\/uploads\/2025\/04\/Magnetic-Levitation-Linear-Bearings-2.webp","datePublished":"2025-04-25T01:23:57+00:00","dateModified":"2025-04-25T01:58:20+00:00","description":"As Professional Magnetic Levitation Linear Bearings distributor , Comdale supply Roller Bearings, Ball Bearings, Plain Bearing, Slewing Ring Bearings, Combined Bearings, Linear Bearings","breadcrumb":{"@id":"https:\/\/www.skf-eu.com\/product\/magnetic-levitation-linear-bearings\/#breadcrumb"},"inLanguage":"es","potentialAction":[{"@type":"ReadAction","target":["https:\/\/www.skf-eu.com\/product\/magnetic-levitation-linear-bearings\/"]}]},{"@type":"ImageObject","inLanguage":"es","@id":"https:\/\/www.skf-eu.com\/product\/magnetic-levitation-linear-bearings\/#primaryimage","url":"https:\/\/www.skf-eu.com\/wp-content\/uploads\/2025\/04\/Magnetic-Levitation-Linear-Bearings-2.webp","contentUrl":"https:\/\/www.skf-eu.com\/wp-content\/uploads\/2025\/04\/Magnetic-Levitation-Linear-Bearings-2.webp","width":550,"height":500,"caption":"Magnetic Levitation Linear Bearings"},{"@type":"BreadcrumbList","@id":"https:\/\/www.skf-eu.com\/product\/magnetic-levitation-linear-bearings\/#breadcrumb","itemListElement":[{"@type":"ListItem","position":1,"name":"Home","item":"https:\/\/www.skf-eu.com\/"},{"@type":"ListItem","position":2,"name":"Products","item":"https:\/\/www.skf-eu.com\/shop\/"},{"@type":"ListItem","position":3,"name":"Magnetic Levitation Linear Bearings"}]},{"@type":"WebSite","@id":"https:\/\/www.skf-eu.com\/#website","url":"https:\/\/www.skf-eu.com\/","name":"Comdale Bearing","description":"","publisher":{"@id":"https:\/\/www.skf-eu.com\/#organization"},"potentialAction":[{"@type":"SearchAction","target":{"@type":"EntryPoint","urlTemplate":"https:\/\/www.skf-eu.com\/?s={search_term_string}"},"query-input":"required name=search_term_string"}],"inLanguage":"es"},{"@type":"Organization","@id":"https:\/\/www.skf-eu.com\/#organization","name":"Comdale\uff08HongKong\uff09International Trade Co., Ltd.","url":"https:\/\/www.skf-eu.com\/","logo":{"@type":"ImageObject","inLanguage":"es","@id":"https:\/\/www.skf-eu.com\/#\/schema\/logo\/image\/","url":"https:\/\/www.skf-eu.com\/wp-content\/uploads\/2024\/12\/cropped-logo.webp","contentUrl":"https:\/\/www.skf-eu.com\/wp-content\/uploads\/2024\/12\/cropped-logo.webp","width":512,"height":512,"caption":"Comdale\uff08HongKong\uff09International Trade Co., Ltd."},"image":{"@id":"https:\/\/www.skf-eu.com\/#\/schema\/logo\/image\/"}}]}},"_links":{"self":[{"href":"https:\/\/www.skf-eu.com\/es\/wp-json\/wp\/v2\/product\/9939"}],"collection":[{"href":"https:\/\/www.skf-eu.com\/es\/wp-json\/wp\/v2\/product"}],"about":[{"href":"https:\/\/www.skf-eu.com\/es\/wp-json\/wp\/v2\/types\/product"}],"wp:featuredmedia":[{"embeddable":true,"href":"https:\/\/www.skf-eu.com\/es\/wp-json\/wp\/v2\/media\/9940"}],"wp:attachment":[{"href":"https:\/\/www.skf-eu.com\/es\/wp-json\/wp\/v2\/media?parent=9939"}],"wp:term":[{"taxonomy":"product_cat","embeddable":true,"href":"https:\/\/www.skf-eu.com\/es\/wp-json\/wp\/v2\/product_cat?post=9939"},{"taxonomy":"product_tag","embeddable":true,"href":"https:\/\/www.skf-eu.com\/es\/wp-json\/wp\/v2\/product_tag?post=9939"}],"curies":[{"name":"wp","href":"https:\/\/api.w.org\/{rel}","templated":true}]}}