{"id":10006,"date":"2025-05-13T01:40:31","date_gmt":"2025-05-13T01:40:31","guid":{"rendered":"https:\/\/www.skf-eu.com\/?post_type=product&#038;p=10006"},"modified":"2025-05-13T01:41:16","modified_gmt":"2025-05-13T01:41:16","slug":"four-row-spherical-roller-bearing","status":"publish","type":"product","link":"https:\/\/www.skf-eu.com\/es\/producto\/four-row-spherical-roller-bearing\/","title":{"rendered":"rodamiento oscilante de rodillos de cuatro hileras"},"content":{"rendered":"<h2>\ud83d\udd29 Estructura y caracter\u00edsticas<\/h2>\n<p>El rodamiento de rodillos esf\u00e9ricos de cuatro hileras consta de un anillo exterior, un anillo interior, una jaula y rodillos. El anillo exterior adopta un dise\u00f1o de pista de rodadura esf\u00e9rica, y su centro de curvatura coincide con el centro de rotaci\u00f3n del rodamiento, dando al rodamiento una funci\u00f3n de autoalineaci\u00f3n autom\u00e1tica, que puede compensar eficazmente la desviaci\u00f3n causada por la desviaci\u00f3n de instalaci\u00f3n del eje y el asiento del rodamiento o la flexi\u00f3n del eje.<\/p>\n<h2>\ud83d\udcc8 Modelo y especificaciones<\/h2>\n<p>El modelo del rodamiento de rodillos a r\u00f3tula de cuatro hileras suele incluir los siguientes elementos:<\/p>\n<p>Modelo b\u00e1sico: como 22300, 23000 y otras series.<\/p>\n<p>Identificaci\u00f3n del dise\u00f1o del aro interior: por ejemplo, C (sin estructura de nervaduras, con jaula estampada), CA (con nervaduras de doble cara, con jaula maciza).<\/p>\n<p>Identificaci\u00f3n de las caracter\u00edsticas del anillo exterior: como W33 (anillo exterior con ranura de aceite y tres orificios de aceite).<\/p>\n<p>C\u00f3digo de precisi\u00f3n y juego: P6 (grado de precisi\u00f3n), C3 (rango de juego radial).<\/p>\n<p>Grado de resistencia a la temperatura: S1 (resistente a altas temperaturas de 200\u00b0C), S2 (resistente a altas temperaturas de 250\u00b0C).<br \/>\nLa selecci\u00f3n debe considerarse exhaustivamente en combinaci\u00f3n con las condiciones de trabajo del equipo y los par\u00e1metros t\u00e9cnicos.<\/p>\n<p><img loading=\"lazy\" decoding=\"async\" class=\"size-full wp-image-10011 aligncenter\" data-src=\"https:\/\/www.skf-eu.com\/wp-content\/uploads\/2025\/05\/Four-row-spherical-roller-bearing.webp\" alt=\"Four-row spherical roller bearing\" width=\"407\" height=\"657\" srcset=\"https:\/\/www.skf-eu.com\/wp-content\/uploads\/2025\/05\/Four-row-spherical-roller-bearing.webp 407w, https:\/\/www.skf-eu.com\/wp-content\/uploads\/2025\/05\/Four-row-spherical-roller-bearing-186x300.webp 186w, https:\/\/www.skf-eu.com\/wp-content\/uploads\/2025\/05\/Four-row-spherical-roller-bearing-7x12.webp 7w\" sizes=\"(max-width: 407px) 100vw, 407px\" \/><\/p>\n<h2>Marcas comunes<\/h2>\n<p><a href=\"https:\/\/www.skf-eu.com\/product\/four-row-spherical-roller-bearing\/\"><strong>Rodamientos de rodillos a r\u00f3tula SKF<\/strong><\/a> cuatro filas<br \/>\nRodamientos de rodillos esf\u00e9ricos de cuatro hileras NSK<br \/>\nRodamiento oscilante de rodillos de cuatro hileras FAG<br \/>\nRodamiento de rodillos a r\u00f3tula de cuatro hileras KOYO<br \/>\nRodamiento de rodillos a r\u00f3tula de cuatro hileras NTN<br \/>\nRodamiento de rodillos a r\u00f3tula de cuatro hileras TIMKEN<br \/>\nRodamiento de rodillos a r\u00f3tula de cuatro hileras NACHI<br \/>\nRodamiento de rodillos a r\u00f3tula de cuatro hileras INA<\/p>\n<h2>\ud83c\udfd7\ufe0f \u00c1mbitos de aplicaci\u00f3n<\/h2>\n<p>Este rodamiento se utiliza ampliamente en los siguientes escenarios debido a sus elevadas capacidades de carga y autoalineaci\u00f3n:<\/p>\n<p><strong>Equipos metal\u00fargicos<\/strong>equipos pesados, como trenes de laminaci\u00f3n y m\u00e1quinas de colada continua.<\/p>\n<p><img loading=\"lazy\" decoding=\"async\" class=\"size-full wp-image-10013 aligncenter\" data-src=\"https:\/\/www.skf-eu.com\/wp-content\/uploads\/2025\/05\/Four-row-spherical-roller-bearings-for-Crusher1.webp\" alt=\"Four-row spherical roller bearing\" width=\"960\" height=\"700\" srcset=\"https:\/\/www.skf-eu.com\/wp-content\/uploads\/2025\/05\/Four-row-spherical-roller-bearings-for-Crusher1.webp 960w, https:\/\/www.skf-eu.com\/wp-content\/uploads\/2025\/05\/Four-row-spherical-roller-bearings-for-Crusher1-480x350.webp 480w\" sizes=\"(min-width: 0px) and (max-width: 480px) 480px, (min-width: 481px) 960px, 100vw\" \/><\/p>\n<p><strong>Maquinaria minera<\/strong>: entornos dif\u00edciles, como equipos de trituraci\u00f3n, cribas y sistemas de transporte.<\/p>\n<p><strong>Industria papelera<\/strong>: piezas de alta temperatura, alta velocidad y carga pesada, como cilindros de secado y rodillos de calandria.<\/p>\n<p><strong>Maquinaria textil<\/strong>equipos de procesamiento de fibras, como hiladoras y telares.<\/p>\n<p><strong>Transmisi\u00f3n de potencia<\/strong>cajas de cambios, reductores de gr\u00faa, etc.<\/p>\n<p><strong>Maquinaria de fluidos<\/strong>sistemas rotativos, como ventiladores centr\u00edfugos y compresores.<\/p>\n<p><strong>Maquinaria agr\u00edcola<\/strong>equipos de campo como motocultores y cosechadoras.<\/p>\n<p><strong>Ingenier\u00eda naval<\/strong>piezas de soporte de cargas axiales, como el eje de la h\u00e9lice.<\/p>\n<p><img loading=\"lazy\" decoding=\"async\" class=\"size-full wp-image-10012 aligncenter\" data-src=\"https:\/\/www.skf-eu.com\/wp-content\/uploads\/2025\/05\/Four-row-spherical-roller-bearings-for-Propeller-shaft-support1.webp\" alt=\"Four-row spherical roller bearing\" width=\"1422\" height=\"800\" srcset=\"https:\/\/www.skf-eu.com\/wp-content\/uploads\/2025\/05\/Four-row-spherical-roller-bearings-for-Propeller-shaft-support1.webp 1422w, https:\/\/www.skf-eu.com\/wp-content\/uploads\/2025\/05\/Four-row-spherical-roller-bearings-for-Propeller-shaft-support1-1280x720.webp 1280w, https:\/\/www.skf-eu.com\/wp-content\/uploads\/2025\/05\/Four-row-spherical-roller-bearings-for-Propeller-shaft-support1-980x551.webp 980w, https:\/\/www.skf-eu.com\/wp-content\/uploads\/2025\/05\/Four-row-spherical-roller-bearings-for-Propeller-shaft-support1-480x270.webp 480w\" sizes=\"(min-width: 0px) and (max-width: 480px) 480px, (min-width: 481px) and (max-width: 980px) 980px, (min-width: 981px) and (max-width: 1280px) 1280px, (min-width: 1281px) 1422px, 100vw\" \/><\/p>\n<h2>PREGUNTAS FRECUENTES<\/h2>\n<p>P1: \u00bfCu\u00e1les son las condiciones t\u00edpicas de aplicaci\u00f3n de este tipo de rodamientos?<br \/>\nA1: Adecuado para ocasiones con cargas pesadas, vibraciones o mala alineaci\u00f3n del eje, como equipos de miner\u00eda, laminadores metal\u00fargicos, etc.<\/p>\n<p>P2: \u00bfQu\u00e9 factores deben tenerse en cuenta para la selecci\u00f3n?<br \/>\nA2: Es necesario evaluar exhaustivamente par\u00e1metros como las caracter\u00edsticas de carga, el rango de velocidad, el l\u00edmite de aumento de temperatura y el espacio de instalaci\u00f3n.<\/p>\n<p>P3: \u00bfQu\u00e9 soluciones de lubricaci\u00f3n se recomiendan?<br \/>\nA3: La lubricaci\u00f3n con grasa o aceite circulante puede seleccionarse en funci\u00f3n de las condiciones de trabajo, y se requieren lubricantes especiales para entornos de alta temperatura.<\/p>\n<p>P4: \u00bfC\u00f3mo mejorar la durabilidad de los rodamientos?<br \/>\nA4: El enfoque incluye la reposici\u00f3n peri\u00f3dica de lubricantes, la prevenci\u00f3n de contaminantes, la supervisi\u00f3n de las cargas de funcionamiento y la sustituci\u00f3n oportuna de las piezas averiadas.<\/p>\n<p>Consulte el <strong><a href=\"https:\/\/www.skf-eu.com\/category\/roller-bearings\/spherical-roller-bearing\/\">Rodamiento de rodillos a r\u00f3tula<\/a>\u00a0<\/strong>Cat\u00e1logo para m\u00e1s informaci\u00f3n<\/p>","protected":false},"excerpt":{"rendered":"<h3>Principales aplicaciones<\/h3>\n<p>Industria pesada: trenes de laminaci\u00f3n, m\u00e1quinas de colada continua<\/p>\n<p>Maquinaria minera: trituradoras, cribas vibratorias<\/p>\n<p>Equipos de fabricaci\u00f3n de papel: cilindros de secado, rodillos de calandrado<\/p>\n<p>Maquinaria textil: hiladoras, telares<\/p>\n<p>Reductores y cajas de cambios: sistemas de transmisi\u00f3n de alta carga<\/p>\n<p>Propulsi\u00f3n naval: soporte del eje de la h\u00e9lice<\/p>\n<h3>Principales ventajas<\/h3>\n<p>\u2705 Autoalineaci\u00f3n autom\u00e1tica: se adapta a la desviaci\u00f3n del eje y reduce la fricci\u00f3n y el desgaste.<br \/>\n\u2705 Alta capacidad de carga - dise\u00f1o de rodillos de cuatro hileras, soporta cargas extremadamente pesadas.<br \/>\n\u2705 Antivibraci\u00f3n y antichoque: adecuado para condiciones de trabajo duras.<br \/>\n\u2705 Larga vida \u00fatil: optimizan la tensi\u00f3n de contacto de los rodillos y mejoran la durabilidad.<br \/>\n\u2705 M\u00faltiples configuraciones disponibles: diferentes soluciones de lubricaci\u00f3n, estanquidad y materiales.<\/p>","protected":false},"featured_media":10007,"template":"","meta":{"_et_pb_use_builder":"","_et_pb_old_content":"","_et_gb_content_width":""},"product_cat":[241,240],"product_tag":[291],"yoast_head":"<!-- This site is optimized with the Yoast SEO plugin v23.0 - https:\/\/yoast.com\/wordpress\/plugins\/seo\/ -->\n<title>China Wholesale four-row spherical roller bearing Supplier - Comdale Bearing<\/title>\n<meta name=\"description\" content=\"As Professional four-row spherical roller bearing distributor , Comdale supply Roller Bearings, Ball Bearings, Plain Bearing, Slewing Ring Bearings, Combined Bearings, Linear Bearings\" \/>\n<meta name=\"robots\" content=\"index, follow, max-snippet:-1, max-image-preview:large, max-video-preview:-1\" \/>\n<link rel=\"canonical\" href=\"https:\/\/www.skf-eu.com\/es\/producto\/four-row-spherical-roller-bearing\/\" \/>\n<meta property=\"og:locale\" content=\"es_ES\" \/>\n<meta property=\"og:type\" content=\"article\" \/>\n<meta property=\"og:title\" content=\"China Wholesale four-row spherical roller bearing Supplier - Comdale Bearing\" \/>\n<meta property=\"og:description\" content=\"As Professional four-row spherical roller bearing distributor , Comdale supply Roller Bearings, Ball Bearings, Plain Bearing, Slewing Ring Bearings, Combined Bearings, Linear Bearings\" \/>\n<meta property=\"og:url\" content=\"https:\/\/www.skf-eu.com\/es\/producto\/four-row-spherical-roller-bearing\/\" \/>\n<meta property=\"og:site_name\" content=\"Comdale Bearing\" \/>\n<meta property=\"article:modified_time\" content=\"2025-05-13T01:41:16+00:00\" \/>\n<meta property=\"og:image\" content=\"https:\/\/www.skf-eu.com\/wp-content\/uploads\/2025\/05\/Four-row-spherical-roller-bearings.webp\" \/>\n\t<meta property=\"og:image:width\" content=\"720\" \/>\n\t<meta property=\"og:image:height\" content=\"720\" \/>\n\t<meta property=\"og:image:type\" content=\"image\/webp\" \/>\n<meta name=\"twitter:card\" content=\"summary_large_image\" \/>\n<meta name=\"twitter:label1\" content=\"Tiempo de lectura\" \/>\n\t<meta name=\"twitter:data1\" content=\"3 minutos\" \/>\n<script type=\"application\/ld+json\" class=\"yoast-schema-graph\">{\"@context\":\"https:\/\/schema.org\",\"@graph\":[{\"@type\":\"WebPage\",\"@id\":\"https:\/\/www.skf-eu.com\/product\/four-row-spherical-roller-bearing\/\",\"url\":\"https:\/\/www.skf-eu.com\/product\/four-row-spherical-roller-bearing\/\",\"name\":\"China Wholesale four-row spherical roller bearing Supplier - Comdale Bearing\",\"isPartOf\":{\"@id\":\"https:\/\/www.skf-eu.com\/#website\"},\"primaryImageOfPage\":{\"@id\":\"https:\/\/www.skf-eu.com\/product\/four-row-spherical-roller-bearing\/#primaryimage\"},\"image\":{\"@id\":\"https:\/\/www.skf-eu.com\/product\/four-row-spherical-roller-bearing\/#primaryimage\"},\"thumbnailUrl\":\"https:\/\/www.skf-eu.com\/wp-content\/uploads\/2025\/05\/Four-row-spherical-roller-bearings.webp\",\"datePublished\":\"2025-05-13T01:40:31+00:00\",\"dateModified\":\"2025-05-13T01:41:16+00:00\",\"description\":\"As Professional four-row spherical roller bearing distributor , Comdale supply Roller Bearings, Ball Bearings, Plain Bearing, Slewing Ring Bearings, Combined Bearings, Linear Bearings\",\"breadcrumb\":{\"@id\":\"https:\/\/www.skf-eu.com\/product\/four-row-spherical-roller-bearing\/#breadcrumb\"},\"inLanguage\":\"es\",\"potentialAction\":[{\"@type\":\"ReadAction\",\"target\":[\"https:\/\/www.skf-eu.com\/product\/four-row-spherical-roller-bearing\/\"]}]},{\"@type\":\"ImageObject\",\"inLanguage\":\"es\",\"@id\":\"https:\/\/www.skf-eu.com\/product\/four-row-spherical-roller-bearing\/#primaryimage\",\"url\":\"https:\/\/www.skf-eu.com\/wp-content\/uploads\/2025\/05\/Four-row-spherical-roller-bearings.webp\",\"contentUrl\":\"https:\/\/www.skf-eu.com\/wp-content\/uploads\/2025\/05\/Four-row-spherical-roller-bearings.webp\",\"width\":720,\"height\":720,\"caption\":\"four-row spherical roller bearing\"},{\"@type\":\"BreadcrumbList\",\"@id\":\"https:\/\/www.skf-eu.com\/product\/four-row-spherical-roller-bearing\/#breadcrumb\",\"itemListElement\":[{\"@type\":\"ListItem\",\"position\":1,\"name\":\"Home\",\"item\":\"https:\/\/www.skf-eu.com\/\"},{\"@type\":\"ListItem\",\"position\":2,\"name\":\"Products\",\"item\":\"https:\/\/www.skf-eu.com\/shop\/\"},{\"@type\":\"ListItem\",\"position\":3,\"name\":\"four-row spherical roller bearing\"}]},{\"@type\":\"WebSite\",\"@id\":\"https:\/\/www.skf-eu.com\/#website\",\"url\":\"https:\/\/www.skf-eu.com\/\",\"name\":\"Comdale Bearing\",\"description\":\"\",\"publisher\":{\"@id\":\"https:\/\/www.skf-eu.com\/#organization\"},\"potentialAction\":[{\"@type\":\"SearchAction\",\"target\":{\"@type\":\"EntryPoint\",\"urlTemplate\":\"https:\/\/www.skf-eu.com\/?s={search_term_string}\"},\"query-input\":\"required name=search_term_string\"}],\"inLanguage\":\"es\"},{\"@type\":\"Organization\",\"@id\":\"https:\/\/www.skf-eu.com\/#organization\",\"name\":\"Comdale\uff08HongKong\uff09International Trade Co., Ltd.\",\"url\":\"https:\/\/www.skf-eu.com\/\",\"logo\":{\"@type\":\"ImageObject\",\"inLanguage\":\"es\",\"@id\":\"https:\/\/www.skf-eu.com\/#\/schema\/logo\/image\/\",\"url\":\"https:\/\/www.skf-eu.com\/wp-content\/uploads\/2024\/12\/cropped-logo.webp\",\"contentUrl\":\"https:\/\/www.skf-eu.com\/wp-content\/uploads\/2024\/12\/cropped-logo.webp\",\"width\":512,\"height\":512,\"caption\":\"Comdale\uff08HongKong\uff09International Trade Co., Ltd.\"},\"image\":{\"@id\":\"https:\/\/www.skf-eu.com\/#\/schema\/logo\/image\/\"}}]}<\/script>\n<!-- \/ Yoast SEO plugin. -->","yoast_head_json":{"title":"China Wholesale four-row spherical roller bearing Supplier - Comdale Bearing","description":"As Professional four-row spherical roller bearing distributor , Comdale supply Roller Bearings, Ball Bearings, Plain Bearing, Slewing Ring Bearings, Combined Bearings, Linear Bearings","robots":{"index":"index","follow":"follow","max-snippet":"max-snippet:-1","max-image-preview":"max-image-preview:large","max-video-preview":"max-video-preview:-1"},"canonical":"https:\/\/www.skf-eu.com\/es\/producto\/four-row-spherical-roller-bearing\/","og_locale":"es_ES","og_type":"article","og_title":"China Wholesale four-row spherical roller bearing Supplier - Comdale Bearing","og_description":"As Professional four-row spherical roller bearing distributor , Comdale supply Roller Bearings, Ball Bearings, Plain Bearing, Slewing Ring Bearings, Combined Bearings, Linear Bearings","og_url":"https:\/\/www.skf-eu.com\/es\/producto\/four-row-spherical-roller-bearing\/","og_site_name":"Comdale Bearing","article_modified_time":"2025-05-13T01:41:16+00:00","og_image":[{"width":720,"height":720,"url":"https:\/\/www.skf-eu.com\/wp-content\/uploads\/2025\/05\/Four-row-spherical-roller-bearings.webp","type":"image\/webp"}],"twitter_card":"summary_large_image","twitter_misc":{"Tiempo de lectura":"3 minutos"},"schema":{"@context":"https:\/\/schema.org","@graph":[{"@type":"WebPage","@id":"https:\/\/www.skf-eu.com\/product\/four-row-spherical-roller-bearing\/","url":"https:\/\/www.skf-eu.com\/product\/four-row-spherical-roller-bearing\/","name":"China Wholesale four-row spherical roller bearing Supplier - Comdale Bearing","isPartOf":{"@id":"https:\/\/www.skf-eu.com\/#website"},"primaryImageOfPage":{"@id":"https:\/\/www.skf-eu.com\/product\/four-row-spherical-roller-bearing\/#primaryimage"},"image":{"@id":"https:\/\/www.skf-eu.com\/product\/four-row-spherical-roller-bearing\/#primaryimage"},"thumbnailUrl":"https:\/\/www.skf-eu.com\/wp-content\/uploads\/2025\/05\/Four-row-spherical-roller-bearings.webp","datePublished":"2025-05-13T01:40:31+00:00","dateModified":"2025-05-13T01:41:16+00:00","description":"As Professional four-row spherical roller bearing distributor , Comdale supply Roller Bearings, Ball Bearings, Plain Bearing, Slewing Ring Bearings, Combined Bearings, Linear Bearings","breadcrumb":{"@id":"https:\/\/www.skf-eu.com\/product\/four-row-spherical-roller-bearing\/#breadcrumb"},"inLanguage":"es","potentialAction":[{"@type":"ReadAction","target":["https:\/\/www.skf-eu.com\/product\/four-row-spherical-roller-bearing\/"]}]},{"@type":"ImageObject","inLanguage":"es","@id":"https:\/\/www.skf-eu.com\/product\/four-row-spherical-roller-bearing\/#primaryimage","url":"https:\/\/www.skf-eu.com\/wp-content\/uploads\/2025\/05\/Four-row-spherical-roller-bearings.webp","contentUrl":"https:\/\/www.skf-eu.com\/wp-content\/uploads\/2025\/05\/Four-row-spherical-roller-bearings.webp","width":720,"height":720,"caption":"four-row spherical roller bearing"},{"@type":"BreadcrumbList","@id":"https:\/\/www.skf-eu.com\/product\/four-row-spherical-roller-bearing\/#breadcrumb","itemListElement":[{"@type":"ListItem","position":1,"name":"Home","item":"https:\/\/www.skf-eu.com\/"},{"@type":"ListItem","position":2,"name":"Products","item":"https:\/\/www.skf-eu.com\/shop\/"},{"@type":"ListItem","position":3,"name":"four-row spherical roller bearing"}]},{"@type":"WebSite","@id":"https:\/\/www.skf-eu.com\/#website","url":"https:\/\/www.skf-eu.com\/","name":"Comdale Bearing","description":"","publisher":{"@id":"https:\/\/www.skf-eu.com\/#organization"},"potentialAction":[{"@type":"SearchAction","target":{"@type":"EntryPoint","urlTemplate":"https:\/\/www.skf-eu.com\/?s={search_term_string}"},"query-input":"required name=search_term_string"}],"inLanguage":"es"},{"@type":"Organization","@id":"https:\/\/www.skf-eu.com\/#organization","name":"Comdale\uff08HongKong\uff09International Trade Co., Ltd.","url":"https:\/\/www.skf-eu.com\/","logo":{"@type":"ImageObject","inLanguage":"es","@id":"https:\/\/www.skf-eu.com\/#\/schema\/logo\/image\/","url":"https:\/\/www.skf-eu.com\/wp-content\/uploads\/2024\/12\/cropped-logo.webp","contentUrl":"https:\/\/www.skf-eu.com\/wp-content\/uploads\/2024\/12\/cropped-logo.webp","width":512,"height":512,"caption":"Comdale\uff08HongKong\uff09International Trade Co., Ltd."},"image":{"@id":"https:\/\/www.skf-eu.com\/#\/schema\/logo\/image\/"}}]}},"_links":{"self":[{"href":"https:\/\/www.skf-eu.com\/es\/wp-json\/wp\/v2\/product\/10006"}],"collection":[{"href":"https:\/\/www.skf-eu.com\/es\/wp-json\/wp\/v2\/product"}],"about":[{"href":"https:\/\/www.skf-eu.com\/es\/wp-json\/wp\/v2\/types\/product"}],"wp:featuredmedia":[{"embeddable":true,"href":"https:\/\/www.skf-eu.com\/es\/wp-json\/wp\/v2\/media\/10007"}],"wp:attachment":[{"href":"https:\/\/www.skf-eu.com\/es\/wp-json\/wp\/v2\/media?parent=10006"}],"wp:term":[{"taxonomy":"product_cat","embeddable":true,"href":"https:\/\/www.skf-eu.com\/es\/wp-json\/wp\/v2\/product_cat?post=10006"},{"taxonomy":"product_tag","embeddable":true,"href":"https:\/\/www.skf-eu.com\/es\/wp-json\/wp\/v2\/product_tag?post=10006"}],"curies":[{"name":"wp","href":"https:\/\/api.w.org\/{rel}","templated":true}]}}