{"id":9679,"date":"2025-03-07T01:12:38","date_gmt":"2025-03-07T01:12:38","guid":{"rendered":"https:\/\/www.skf-eu.com\/?page_id=9679"},"modified":"2025-08-19T09:45:36","modified_gmt":"2025-08-19T09:45:36","slug":"skf-photos","status":"publish","type":"page","link":"https:\/\/www.skf-eu.com\/es\/skf-photos\/","title":{"rendered":"Fotos SKF"},"content":{"rendered":"<p>[et_pb_section fb_built=&#8221;1&#8243; _builder_version=&#8221;4.21.0&#8243; _module_preset=&#8221;default&#8221; background_enable_color=&#8221;off&#8221; custom_padding=&#8221;35px||0px||false|false&#8221; border_color_bottom=&#8221;#eeeeee&#8221; global_colors_info=&#8221;{}&#8221;][et_pb_row _builder_version=&#8221;4.21.0&#8243; _module_preset=&#8221;default&#8221; custom_padding=&#8221;0px||15px||false|false&#8221; border_width_bottom=&#8221;10px&#8221; border_color_bottom=&#8221;#eeeeee&#8221; global_colors_info=&#8221;{}&#8221;][et_pb_column type=&#8221;4_4&#8243; _builder_version=&#8221;4.21.0&#8243; _module_preset=&#8221;default&#8221; global_colors_info=&#8221;{}&#8221;][dipl_breadcrumb breadcrumb_layout=&#8221;layout2&#8243; separator_text=&#8221;\/&#8221; separator_size=&#8221;18px&#8221; separator_color=&#8221;#888888&#8243; _builder_version=&#8221;4.21.0&#8243; _module_preset=&#8221;default&#8221; global_text_settings_text_align=&#8221;left&#8221; global_text_settings_font_size=&#8221;18px&#8221; text_font=&#8221;||||||||&#8221; text_text_color=&#8221;#000000&#8243; link_text_color=&#8221;#000000&#8243; global_text_settings_font_size_tablet=&#8221;18px&#8221; global_text_settings_font_size_phone=&#8221;14px&#8221; global_text_settings_font_size_last_edited=&#8221;on|phone&#8221; global_colors_info=&#8221;{}&#8221;][\/dipl_breadcrumb][\/et_pb_column][\/et_pb_row][et_pb_row custom_padding_last_edited=&#8221;on|phone&#8221; module_id=&#8221;wu&#8221; _builder_version=&#8221;4.21.0&#8243; _module_preset=&#8221;default&#8221; custom_padding=&#8221;||||false|false&#8221; custom_padding_tablet=&#8221;||||false|false&#8221; custom_padding_phone=&#8221;||0px||false|false&#8221; global_colors_info=&#8221;{}&#8221;][et_pb_column type=&#8221;4_4&#8243; _builder_version=&#8221;4.21.0&#8243; _module_preset=&#8221;default&#8221; global_colors_info=&#8221;{}&#8221;][et_pb_text _builder_version=&#8221;4.21.0&#8243; _dynamic_attributes=&#8221;content&#8221; _module_preset=&#8221;default&#8221; header_font=&#8221;|700|||||||&#8221; header_text_align=&#8221;center&#8221; header_text_color=&#8221;#000000&#8243; header_font_size=&#8221;32px&#8221; custom_margin=&#8221;||15px||false|false&#8221; custom_padding=&#8221;||||false|false&#8221; custom_padding_tablet=&#8221;0px||||false|false&#8221; custom_padding_phone=&#8221;0px||||false|false&#8221; custom_padding_last_edited=&#8221;on|tablet&#8221; header_font_size_tablet=&#8221;40px&#8221; header_font_size_phone=&#8221;18px&#8221; header_font_size_last_edited=&#8221;on|phone&#8221; global_colors_info=&#8221;{}&#8221;]@ET-DC@eyJkeW5hbWljIjp0cnVlLCJjb250ZW50IjoicG9zdF90aXRsZSIsInNldHRpbmdzIjp7ImJlZm9yZSI6IjxoMT4iLCJhZnRlciI6IjwvaDE+In19@[\/et_pb_text][et_pb_text _builder_version=&#8221;4.21.0&#8243; _module_preset=&#8221;default&#8221; global_colors_info=&#8221;{}&#8221;]<\/p>\n<p><strong><b>SKF bearings<\/b><\/strong><strong><b>\u00a0<\/b><\/strong>includes\u00a0more than 20,000 kinds of standard bearings. The products range from miniature bearings weighing only 0.003 grams to giant bearings weighing 34 tons each. We strive to provide bearing users with higher benefits.<\/p>\n<p>[\/et_pb_text][\/et_pb_column][\/et_pb_row][\/et_pb_section][et_pb_section fb_built=&#8221;1&#8243; _builder_version=&#8221;4.21.0&#8243; _module_preset=&#8221;default&#8221; custom_padding=&#8221;0px||||false|false&#8221; global_colors_info=&#8221;{}&#8221;][et_pb_row column_structure=&#8221;1_4,1_4,1_4,1_4&#8243; use_custom_gutter=&#8221;on&#8221; module_class=&#8221;gtr&#8221; _builder_version=&#8221;4.21.0&#8243; _module_preset=&#8221;default&#8221; custom_padding=&#8221;0px||||false|false&#8221; global_colors_info=&#8221;{}&#8221;][et_pb_column type=&#8221;1_4&#8243; _builder_version=&#8221;4.21.0&#8243; _module_preset=&#8221;default&#8221; global_colors_info=&#8221;{}&#8221;][et_pb_image src=&#8221;https:\/\/www.skf-eu.com\/wp-content\/uploads\/2025\/03\/SKF-photos-1.webp&#8221; title_text=&#8221;SKF photos-1&#8243; _builder_version=&#8221;4.21.0&#8243; _module_preset=&#8221;default&#8221; global_colors_info=&#8221;{}&#8221;][\/et_pb_image][\/et_pb_column][et_pb_column type=&#8221;1_4&#8243; _builder_version=&#8221;4.21.0&#8243; _module_preset=&#8221;default&#8221; global_colors_info=&#8221;{}&#8221;][et_pb_image src=&#8221;https:\/\/www.skf-eu.com\/wp-content\/uploads\/2025\/03\/SKF-photos-2.webp&#8221; title_text=&#8221;SKF photos-2&#8243; _builder_version=&#8221;4.21.0&#8243; _module_preset=&#8221;default&#8221; global_colors_info=&#8221;{}&#8221;][\/et_pb_image][\/et_pb_column][et_pb_column type=&#8221;1_4&#8243; _builder_version=&#8221;4.21.0&#8243; _module_preset=&#8221;default&#8221; global_colors_info=&#8221;{}&#8221;][et_pb_image src=&#8221;https:\/\/www.skf-eu.com\/wp-content\/uploads\/2025\/03\/SKF-photos-3.webp&#8221; title_text=&#8221;SKF photos-3&#8243; _builder_version=&#8221;4.21.0&#8243; _module_preset=&#8221;default&#8221; global_colors_info=&#8221;{}&#8221;][\/et_pb_image][\/et_pb_column][et_pb_column type=&#8221;1_4&#8243; _builder_version=&#8221;4.21.0&#8243; _module_preset=&#8221;default&#8221; global_colors_info=&#8221;{}&#8221;][et_pb_code _builder_version=&#8221;4.21.0&#8243; _module_preset=&#8221;default&#8221; global_colors_info=&#8221;{}&#8221;]<iframe data-src=\"\/wp-content\/uploads\/2025\/03\/SKF-photos-4.mp4\" height=\"190px\"><!-- [et_pb_line_break_holder] -->  <!-- [et_pb_line_break_holder] --><\/iframe>[\/et_pb_code][\/et_pb_column][\/et_pb_row][et_pb_row column_structure=&#8221;1_4,1_4,1_4,1_4&#8243; use_custom_gutter=&#8221;on&#8221; module_class=&#8221;gtr&#8221; _builder_version=&#8221;4.21.0&#8243; _module_preset=&#8221;default&#8221; custom_padding=&#8221;0px||||false|false&#8221; global_colors_info=&#8221;{}&#8221;][et_pb_column type=&#8221;1_4&#8243; _builder_version=&#8221;4.21.0&#8243; _module_preset=&#8221;default&#8221; global_colors_info=&#8221;{}&#8221;][et_pb_image src=&#8221;https:\/\/www.skf-eu.com\/wp-content\/uploads\/2025\/03\/SKF-photos-5.webp&#8221; title_text=&#8221;SKF photos-5&#8243; _builder_version=&#8221;4.21.0&#8243; _module_preset=&#8221;default&#8221; global_colors_info=&#8221;{}&#8221;][\/et_pb_image][\/et_pb_column][et_pb_column type=&#8221;1_4&#8243; _builder_version=&#8221;4.21.0&#8243; _module_preset=&#8221;default&#8221; global_colors_info=&#8221;{}&#8221;][et_pb_image src=&#8221;https:\/\/www.skf-eu.com\/wp-content\/uploads\/2025\/03\/SKF-photos-6.webp&#8221; title_text=&#8221;SKF photos-6&#8243; _builder_version=&#8221;4.21.0&#8243; _module_preset=&#8221;default&#8221; global_colors_info=&#8221;{}&#8221;][\/et_pb_image][\/et_pb_column][et_pb_column type=&#8221;1_4&#8243; _builder_version=&#8221;4.21.0&#8243; _module_preset=&#8221;default&#8221; global_colors_info=&#8221;{}&#8221;][et_pb_image src=&#8221;https:\/\/www.skf-eu.com\/wp-content\/uploads\/2025\/03\/SKF-photos-7.webp&#8221; title_text=&#8221;SKF photos-7&#8243; _builder_version=&#8221;4.21.0&#8243; _module_preset=&#8221;default&#8221; global_colors_info=&#8221;{}&#8221;][\/et_pb_image][\/et_pb_column][et_pb_column type=&#8221;1_4&#8243; _builder_version=&#8221;4.21.0&#8243; _module_preset=&#8221;default&#8221; global_colors_info=&#8221;{}&#8221;][et_pb_image src=&#8221;https:\/\/www.skf-eu.com\/wp-content\/uploads\/2025\/03\/SKF-photos-8.webp&#8221; title_text=&#8221;SKF photos-8&#8243; _builder_version=&#8221;4.21.0&#8243; _module_preset=&#8221;default&#8221; global_colors_info=&#8221;{}&#8221;][\/et_pb_image][\/et_pb_column][\/et_pb_row][et_pb_row _builder_version=&#8221;4.21.0&#8243; _module_preset=&#8221;default&#8221; custom_padding=&#8221;||3px|||&#8221; global_colors_info=&#8221;{}&#8221;][et_pb_column type=&#8221;4_4&#8243; _builder_version=&#8221;4.21.0&#8243; _module_preset=&#8221;default&#8221; global_colors_info=&#8221;{}&#8221;][et_pb_code _builder_version=&#8221;4.21.0&#8243; _module_preset=&#8221;default&#8221; global_colors_info=&#8221;{}&#8221; theme_builder_area=&#8221;post_content&#8221;] <!--\u8868\u5355--><!-- [et_pb_line_break_holder] -->             <\/p>\n<section class=\"form-wrap\" style=\"padding:0\"><!-- [et_pb_line_break_holder] -->                   <!-- [et_pb_line_break_holder] -->                    <\/p>\n<ul class=\"formBody\" style=\"padding:0\"><!-- [et_pb_line_break_holder] -->                        <\/p>\n<li><!-- [et_pb_line_break_holder] -->\n<div class=\"formCont\"><!-- [et_pb_line_break_holder] -->                                <\/p>\n<h2>Soluciones profesionales de rodamientos para usted<\/h2>\n<p><!-- [et_pb_line_break_holder] -->                                <pee>Tanto si necesita tama\u00f1os est\u00e1ndar como especificaciones personalizadas, estamos preparados para respaldar su proyecto con productos de la m\u00e1xima calidad y una respuesta r\u00e1pida.<\/pee><!-- [et_pb_line_break_holder] -->                            <\/div>\n<p><!-- [et_pb_line_break_holder] -->                            <!-- [et_pb_line_break_holder] -->                        <\/li>\n<p><!-- [et_pb_line_break_holder] -->                        <\/p>\n<li style=\"background:#fff;    box-shadow: 0 0 18px 0 #eee;\"><!-- [et_pb_line_break_holder] -->                             <div class=\"header_inquiry\" style=\"display: flex; align-items: center; justify-content: center; height: 64vh; background-color: #f1f4f6; width: 100%;\">\n        <div id=\"header_inquiry-form\" style=\"border:1px solid #bfbfbf; padding: 2em; padding-top:2.625em;width: 84%; background-color: #fff;\">\n\n            <div style=\"background-color: #013e5a; color: #fff; padding: 1em; border-radius: 5px; margin-bottom: 2em; text-align: center;\">\n                <h2 style=\"margin: 0; color: #fff;\">Deje su mensaje<\/h2>\n            <\/div>\n\n            <form id=\"header_inquiry-form-content\" action=\"#\" method=\"post\" style=\"color: #666;\" data-trp-original-action=\"#\">\n\n                <input type=\"text\" name=\"title\" id=\"name\" placeholder=\"*Nombre...\" required style=\"width: 100%; padding: 1em; margin-bottom: 1em; box-sizing: border-box;\">\n                <input type=\"email\" name=\"email\" id=\"email\" placeholder=\"*Correo electr\u00f3nico (le responderemos por correo electr\u00f3nico en 24 horas)\" required style=\"width: 100%; padding: 1em; margin-bottom: 1em; box-sizing: border-box;\">\n                <input type=\"text\" name=\"telephone\" id=\"phone\" placeholder=\"*Tel\u00e9fono\/WhatsApp\/WeChat (Muy importante)\" required style=\"width: 100%; padding: 1em; margin-bottom: 1em; box-sizing: border-box;\">\n                <textarea name=\"message\" id=\"details\" rows=\"4\" placeholder=\"*Introduzca detalles de la cabecera como tama\u00f1o, color, materiales, etc. y otros requisitos espec\u00edficos para recibir un presupuesto preciso.\" style=\"width: 100%; padding: 1em; margin-bottom: 1em; box-sizing: border-box;\"><\/textarea>\n\n                <button type=\"submit\" style=\"background-color: #f28808; color: #fff; padding: 1em 1.5em; border: none; border-radius: 3px; cursor: pointer; width: 100%;\">Enviar<\/button>\n\n            <input type=\"hidden\" name=\"trp-form-language\" value=\"es\"\/><\/form>\n\n        <\/div>\n    <\/div>\n    <!-- [et_pb_line_break_holder] -->                            <pee class=\"h4\">Su intimidad est\u00e1 a salvo con nosotros<\/pee><!-- [et_pb_line_break_holder] -->                            <pee>Garantizamos 100% confidencialidad. Sus datos nunca ser\u00e1n compartidos ni utilizados para otra cosa que no sea ofrecerle el mejor servicio.<\/pee><!-- [et_pb_line_break_holder] -->                        <\/li>\n<p><!-- [et_pb_line_break_holder] -->                        <!-- [et_pb_line_break_holder] -->                    <\/ul>\n<p><!-- [et_pb_line_break_holder] -->                    <!-- [et_pb_line_break_holder] -->                    <!-- [et_pb_line_break_holder] -->                    <!-- [et_pb_line_break_holder] -->                    <!-- [et_pb_line_break_holder] -->             <!-- [et_pb_line_break_holder] -->            <\/section>\n<p>[\/et_pb_code][\/et_pb_column][\/et_pb_row][\/et_pb_section]<\/p>","protected":false},"excerpt":{"rendered":"<p><div class=\"et_pb_module dipl_breadcrumb dipl_breadcrumb_0\">\n\t\t\t\t\n\t\t\t\t\n\t\t\t\t\n\t\t\t\t\n\t\t\t\t\n\t\t\t\t\n\t\t\t\t<div class=\"et_pb_module_inner\">\n\t\t\t\t\t<div class=\"dipl-breadcrumb-wrapper layout2\">\n\t\t\t\t\t\t\t\t<ol class=\"dipl-breadcrumb-inner\" vocab=\"https:\/\/schema.org\/\" typeof=\"BreadcrumbList\">\n\t\t\t\t\t\t\t\t\t<li property=\"itemListElement\" typeof=\"ListItem\" data-icon=\"&#x24;\">\n\t\t\t\t\t\t\t\t\t\t\t\t\t    <a class=\"breadcrumb-item dipl-home-page\" href=\"https:\/\/www.skf-eu.com\/es\" property=\"item\" typeof=\"WebPage\" >\n\t\t\t\t\t\t\t\t\t\t\t\t\t      \t<span class=\"breadcrumb-page\" property=\"name\">Inicio<\/span>\n\t\t\t\t\t\t\t\t\t\t\t\t\t    <\/a>\n\t\t\t\t\t\t\t\t\t\t\t\t\t    <meta property=\"position\" content=\"1\" \/>\n\t\t\t\t\t\t\t\t\t\t\t\t\t<\/li>\n\t\t\t\t\t\t\t\t<\/ol>\n\t\t\t\t\t\t\t<\/div>\n\t\t\t\t<\/div>\n\t\t\t<\/div>SKF bearings\u00a0includes\u00a0more than 20,000 kinds of standard bearings. The products range from miniature bearings weighing only 0.003 grams to giant bearings weighing 34 tons each. We strive to provide bearing users with higher benefits. Professional Bearing Solutions for You Whether [&hellip;]<\/p>","protected":false},"author":1,"featured_media":9819,"parent":0,"menu_order":0,"comment_status":"closed","ping_status":"closed","template":"","meta":{"_et_pb_use_builder":"on","_et_pb_old_content":"<!-- wp:divi\/placeholder \/-->","_et_gb_content_width":"","footnotes":""},"yoast_head":"<!-- This site is optimized with the Yoast SEO plugin v23.0 - https:\/\/yoast.com\/wordpress\/plugins\/seo\/ -->\n<title>SKF Bearing Photos \u2013 High-Quality Images for Product Reference<\/title>\n<meta name=\"description\" content=\"Explore a comprehensive collection of high-resolution SKF bearing images from Comdale, showcasing various types and specifications to assist in product selection and technical reference.\" \/>\n<meta name=\"robots\" content=\"index, follow, max-snippet:-1, max-image-preview:large, max-video-preview:-1\" \/>\n<link rel=\"canonical\" href=\"https:\/\/www.skf-eu.com\/es\/skf-photos\/\" \/>\n<meta property=\"og:locale\" content=\"es_ES\" \/>\n<meta property=\"og:type\" content=\"article\" \/>\n<meta property=\"og:title\" content=\"SKF Bearing Photos \u2013 High-Quality Images for Product Reference\" \/>\n<meta property=\"og:description\" content=\"Explore a comprehensive collection of high-resolution SKF bearing images from Comdale, showcasing various types and specifications to assist in product selection and technical reference.\" \/>\n<meta property=\"og:url\" content=\"https:\/\/www.skf-eu.com\/es\/skf-photos\/\" \/>\n<meta property=\"og:site_name\" content=\"Comdale Bearing\" \/>\n<meta property=\"article:modified_time\" content=\"2025-08-19T09:45:36+00:00\" \/>\n<meta property=\"og:image\" content=\"https:\/\/www.skf-eu.com\/wp-content\/uploads\/2025\/03\/Spherical-Roller-Thrust-Bearings-show.webp\" \/>\n\t<meta property=\"og:image:width\" content=\"1080\" \/>\n\t<meta property=\"og:image:height\" content=\"1080\" \/>\n\t<meta property=\"og:image:type\" content=\"image\/webp\" \/>\n<meta name=\"twitter:card\" content=\"summary_large_image\" \/>\n<meta name=\"twitter:label1\" content=\"Tiempo de lectura\" \/>\n\t<meta name=\"twitter:data1\" content=\"3 minutos\" \/>\n<script type=\"application\/ld+json\" class=\"yoast-schema-graph\">{\"@context\":\"https:\/\/schema.org\",\"@graph\":[{\"@type\":\"WebPage\",\"@id\":\"https:\/\/www.skf-eu.com\/skf-photos\/\",\"url\":\"https:\/\/www.skf-eu.com\/skf-photos\/\",\"name\":\"SKF Bearing Photos \u2013 High-Quality Images for Product Reference\",\"isPartOf\":{\"@id\":\"https:\/\/www.skf-eu.com\/#website\"},\"primaryImageOfPage\":{\"@id\":\"https:\/\/www.skf-eu.com\/skf-photos\/#primaryimage\"},\"image\":{\"@id\":\"https:\/\/www.skf-eu.com\/skf-photos\/#primaryimage\"},\"thumbnailUrl\":\"https:\/\/www.skf-eu.com\/wp-content\/uploads\/2025\/03\/Spherical-Roller-Thrust-Bearings-show.webp\",\"datePublished\":\"2025-03-07T01:12:38+00:00\",\"dateModified\":\"2025-08-19T09:45:36+00:00\",\"description\":\"Explore a comprehensive collection of high-resolution SKF bearing images from Comdale, showcasing various types and specifications to assist in product selection and technical reference.\",\"breadcrumb\":{\"@id\":\"https:\/\/www.skf-eu.com\/skf-photos\/#breadcrumb\"},\"inLanguage\":\"es\",\"potentialAction\":[{\"@type\":\"ReadAction\",\"target\":[\"https:\/\/www.skf-eu.com\/skf-photos\/\"]}]},{\"@type\":\"ImageObject\",\"inLanguage\":\"es\",\"@id\":\"https:\/\/www.skf-eu.com\/skf-photos\/#primaryimage\",\"url\":\"https:\/\/www.skf-eu.com\/wp-content\/uploads\/2025\/03\/Spherical-Roller-Thrust-Bearings-show.webp\",\"contentUrl\":\"https:\/\/www.skf-eu.com\/wp-content\/uploads\/2025\/03\/Spherical-Roller-Thrust-Bearings-show.webp\",\"width\":1080,\"height\":1080,\"caption\":\"Spherical Roller Thrust Bearings show\"},{\"@type\":\"BreadcrumbList\",\"@id\":\"https:\/\/www.skf-eu.com\/skf-photos\/#breadcrumb\",\"itemListElement\":[{\"@type\":\"ListItem\",\"position\":1,\"name\":\"Home\",\"item\":\"https:\/\/www.skf-eu.com\/\"},{\"@type\":\"ListItem\",\"position\":2,\"name\":\"SKF Photos\"}]},{\"@type\":\"WebSite\",\"@id\":\"https:\/\/www.skf-eu.com\/#website\",\"url\":\"https:\/\/www.skf-eu.com\/\",\"name\":\"Comdale Bearing\",\"description\":\"\",\"publisher\":{\"@id\":\"https:\/\/www.skf-eu.com\/#organization\"},\"potentialAction\":[{\"@type\":\"SearchAction\",\"target\":{\"@type\":\"EntryPoint\",\"urlTemplate\":\"https:\/\/www.skf-eu.com\/?s={search_term_string}\"},\"query-input\":\"required name=search_term_string\"}],\"inLanguage\":\"es\"},{\"@type\":\"Organization\",\"@id\":\"https:\/\/www.skf-eu.com\/#organization\",\"name\":\"Comdale\uff08HongKong\uff09International Trade Co., Ltd.\",\"url\":\"https:\/\/www.skf-eu.com\/\",\"logo\":{\"@type\":\"ImageObject\",\"inLanguage\":\"es\",\"@id\":\"https:\/\/www.skf-eu.com\/#\/schema\/logo\/image\/\",\"url\":\"https:\/\/www.skf-eu.com\/wp-content\/uploads\/2024\/12\/cropped-logo.webp\",\"contentUrl\":\"https:\/\/www.skf-eu.com\/wp-content\/uploads\/2024\/12\/cropped-logo.webp\",\"width\":512,\"height\":512,\"caption\":\"Comdale\uff08HongKong\uff09International Trade Co., Ltd.\"},\"image\":{\"@id\":\"https:\/\/www.skf-eu.com\/#\/schema\/logo\/image\/\"}}]}<\/script>\n<!-- \/ Yoast SEO plugin. -->","yoast_head_json":{"title":"SKF Bearing Photos \u2013 High-Quality Images for Product Reference","description":"Explore a comprehensive collection of high-resolution SKF bearing images from Comdale, showcasing various types and specifications to assist in product selection and technical reference.","robots":{"index":"index","follow":"follow","max-snippet":"max-snippet:-1","max-image-preview":"max-image-preview:large","max-video-preview":"max-video-preview:-1"},"canonical":"https:\/\/www.skf-eu.com\/es\/skf-photos\/","og_locale":"es_ES","og_type":"article","og_title":"SKF Bearing Photos \u2013 High-Quality Images for Product Reference","og_description":"Explore a comprehensive collection of high-resolution SKF bearing images from Comdale, showcasing various types and specifications to assist in product selection and technical reference.","og_url":"https:\/\/www.skf-eu.com\/es\/skf-photos\/","og_site_name":"Comdale Bearing","article_modified_time":"2025-08-19T09:45:36+00:00","og_image":[{"width":1080,"height":1080,"url":"https:\/\/www.skf-eu.com\/wp-content\/uploads\/2025\/03\/Spherical-Roller-Thrust-Bearings-show.webp","type":"image\/webp"}],"twitter_card":"summary_large_image","twitter_misc":{"Tiempo de lectura":"3 minutos"},"schema":{"@context":"https:\/\/schema.org","@graph":[{"@type":"WebPage","@id":"https:\/\/www.skf-eu.com\/skf-photos\/","url":"https:\/\/www.skf-eu.com\/skf-photos\/","name":"SKF Bearing Photos \u2013 High-Quality Images for Product Reference","isPartOf":{"@id":"https:\/\/www.skf-eu.com\/#website"},"primaryImageOfPage":{"@id":"https:\/\/www.skf-eu.com\/skf-photos\/#primaryimage"},"image":{"@id":"https:\/\/www.skf-eu.com\/skf-photos\/#primaryimage"},"thumbnailUrl":"https:\/\/www.skf-eu.com\/wp-content\/uploads\/2025\/03\/Spherical-Roller-Thrust-Bearings-show.webp","datePublished":"2025-03-07T01:12:38+00:00","dateModified":"2025-08-19T09:45:36+00:00","description":"Explore a comprehensive collection of high-resolution SKF bearing images from Comdale, showcasing various types and specifications to assist in product selection and technical reference.","breadcrumb":{"@id":"https:\/\/www.skf-eu.com\/skf-photos\/#breadcrumb"},"inLanguage":"es","potentialAction":[{"@type":"ReadAction","target":["https:\/\/www.skf-eu.com\/skf-photos\/"]}]},{"@type":"ImageObject","inLanguage":"es","@id":"https:\/\/www.skf-eu.com\/skf-photos\/#primaryimage","url":"https:\/\/www.skf-eu.com\/wp-content\/uploads\/2025\/03\/Spherical-Roller-Thrust-Bearings-show.webp","contentUrl":"https:\/\/www.skf-eu.com\/wp-content\/uploads\/2025\/03\/Spherical-Roller-Thrust-Bearings-show.webp","width":1080,"height":1080,"caption":"Spherical Roller Thrust Bearings show"},{"@type":"BreadcrumbList","@id":"https:\/\/www.skf-eu.com\/skf-photos\/#breadcrumb","itemListElement":[{"@type":"ListItem","position":1,"name":"Home","item":"https:\/\/www.skf-eu.com\/"},{"@type":"ListItem","position":2,"name":"SKF Photos"}]},{"@type":"WebSite","@id":"https:\/\/www.skf-eu.com\/#website","url":"https:\/\/www.skf-eu.com\/","name":"Comdale Bearing","description":"","publisher":{"@id":"https:\/\/www.skf-eu.com\/#organization"},"potentialAction":[{"@type":"SearchAction","target":{"@type":"EntryPoint","urlTemplate":"https:\/\/www.skf-eu.com\/?s={search_term_string}"},"query-input":"required name=search_term_string"}],"inLanguage":"es"},{"@type":"Organization","@id":"https:\/\/www.skf-eu.com\/#organization","name":"Comdale\uff08HongKong\uff09International Trade Co., Ltd.","url":"https:\/\/www.skf-eu.com\/","logo":{"@type":"ImageObject","inLanguage":"es","@id":"https:\/\/www.skf-eu.com\/#\/schema\/logo\/image\/","url":"https:\/\/www.skf-eu.com\/wp-content\/uploads\/2024\/12\/cropped-logo.webp","contentUrl":"https:\/\/www.skf-eu.com\/wp-content\/uploads\/2024\/12\/cropped-logo.webp","width":512,"height":512,"caption":"Comdale\uff08HongKong\uff09International Trade Co., Ltd."},"image":{"@id":"https:\/\/www.skf-eu.com\/#\/schema\/logo\/image\/"}}]}},"_links":{"self":[{"href":"https:\/\/www.skf-eu.com\/es\/wp-json\/wp\/v2\/pages\/9679"}],"collection":[{"href":"https:\/\/www.skf-eu.com\/es\/wp-json\/wp\/v2\/pages"}],"about":[{"href":"https:\/\/www.skf-eu.com\/es\/wp-json\/wp\/v2\/types\/page"}],"author":[{"embeddable":true,"href":"https:\/\/www.skf-eu.com\/es\/wp-json\/wp\/v2\/users\/1"}],"replies":[{"embeddable":true,"href":"https:\/\/www.skf-eu.com\/es\/wp-json\/wp\/v2\/comments?post=9679"}],"version-history":[{"count":6,"href":"https:\/\/www.skf-eu.com\/es\/wp-json\/wp\/v2\/pages\/9679\/revisions"}],"predecessor-version":[{"id":10599,"href":"https:\/\/www.skf-eu.com\/es\/wp-json\/wp\/v2\/pages\/9679\/revisions\/10599"}],"wp:featuredmedia":[{"embeddable":true,"href":"https:\/\/www.skf-eu.com\/es\/wp-json\/wp\/v2\/media\/9819"}],"wp:attachment":[{"href":"https:\/\/www.skf-eu.com\/es\/wp-json\/wp\/v2\/media?parent=9679"}],"curies":[{"name":"wp","href":"https:\/\/api.w.org\/{rel}","templated":true}]}}